{"id":4315,"date":"2020-12-15T14:55:27","date_gmt":"2020-12-15T12:55:27","guid":{"rendered":"https:\/\/adrinabeach.com\/skopelos-hotels-getting-here\/"},"modified":"2021-01-10T19:05:09","modified_gmt":"2021-01-10T17:05:09","slug":"skopelos-oteller-nasil-bize-geleceksiniz","status":"publish","type":"page","link":"https:\/\/adrinabeach.com\/tr\/skopelos-oteller-nasil-bize-geleceksiniz\/","title":{"rendered":"NASIL B\u0130ZE GELECEKS\u0130N\u0130Z"},"content":{"rendered":"<p>[vc_row][vc_column]\n\t\t\t<!-- START GETTING HERE REVOLUTION SLIDER 6.2.23 --><p class=\"rs-p-wp-fix\"><\/p>\n\t\t\t<rs-module-wrap id=\"rev_slider_39_1_wrapper\" data-source=\"gallery\" style=\"background:transparent;padding:0;margin:0px auto;margin-top:0;margin-bottom:0;\">\n\t\t\t\t<rs-module id=\"rev_slider_39_1\" style=\"\" data-version=\"6.2.23\">\n\t\t\t\t\t<rs-slides>\n\t\t\t\t\t\t<rs-slide data-key=\"rs-202\" data-thumb=\"\/\/adrinabeach.com\/wp-content\/uploads\/facilities\/getting_here\/skopelos-hotels-adrina-hotels-26-100x50.jpg\" data-anim=\"ei:d;eo:d;s:800;r:0;t:fade;sl:d;\">\n\t\t\t\t\t\t\t<img loading=\"lazy\" decoding=\"async\" src=\"\/\/adrinabeach.com\/wp-content\/uploads\/facilities\/getting_here\/skopelos-hotels-adrina-hotels-26.jpg\" alt=\"skopelos hotels adrina hotels\" title=\"skopelos hotels adrina hotels\" width=\"1270\" height=\"1080\" data-parallax=\"8\" class=\"rev-slidebg\" data-no-retina>\n<!---->\t\t\t\t\t\t<\/rs-slide>\n\t\t\t\t\t\t<rs-slide data-key=\"rs-207\" data-thumb=\"\/\/adrinabeach.com\/wp-content\/uploads\/facilities\/getting_here\/skopelos-hotels-adrina-hotels-18-100x50.jpg\" data-anim=\"ei:d;eo:d;s:800;r:0;t:fade;sl:d;\">\n\t\t\t\t\t\t\t<img loading=\"lazy\" decoding=\"async\" src=\"\/\/adrinabeach.com\/wp-content\/uploads\/facilities\/getting_here\/skopelos-hotels-adrina-hotels-18.jpg\" alt=\"skopelos hotels adrina hotels\" title=\"skopelos hotels adrina hotels\" width=\"1630\" height=\"1080\" data-parallax=\"8\" class=\"rev-slidebg\" data-no-retina>\n<!---->\t\t\t\t\t\t<\/rs-slide>\n\t\t\t\t\t\t<rs-slide data-key=\"rs-208\" data-thumb=\"\/\/adrinabeach.com\/wp-content\/uploads\/facilities\/getting_here\/skopelos-hotels-adrina-hotels-15-100x50.jpg\" data-anim=\"ei:d;eo:d;s:800;r:0;t:fade;sl:d;\">\n\t\t\t\t\t\t\t<img loading=\"lazy\" decoding=\"async\" src=\"\/\/adrinabeach.com\/wp-content\/uploads\/facilities\/getting_here\/skopelos-hotels-adrina-hotels-15.jpg\" alt=\"skopelos hotels adrina hotels\" title=\"skopelos hotels adrina hotels\" width=\"1625\" height=\"1080\" data-parallax=\"8\" class=\"rev-slidebg\" data-no-retina>\n<!---->\t\t\t\t\t\t<\/rs-slide>\n\t\t\t\t\t<\/rs-slides>\n\t\t\t\t\t<rs-static-layers><!--\n\n\t\t\t\t\t\t\t--><rs-layer\n\t\t\t\t\t\t\t\tid=\"slider-39-slide-36-layer-0\" \n\t\t\t\t\t\t\t\tclass=\"rev-scroll-btn rev-b-span-light rs-layer-static\"\n\t\t\t\t\t\t\t\tdata-type=\"button\"\n\t\t\t\t\t\t\t\tdata-xy=\"x:c;yo:691px,661px,870px,602px;\"\n\t\t\t\t\t\t\t\tdata-text=\"w:normal;s:17,14,10,9;l:20,16,12,10;ls:1,0,0,0;\"\n\t\t\t\t\t\t\t\tdata-dim=\"w:35px,28px,21px,15px;h:55px,45px,34px,28px;minw:35px,none,none,none;minh:55px,none,none,none;\"\n\t\t\t\t\t\t\t\tdata-actions='o:click;a:scrollbelow;sp:1000ms;e:power1.inOut;'\n\t\t\t\t\t\t\t\tdata-rsp_bd=\"off\"\n\t\t\t\t\t\t\t\tdata-onslides=\"s:1;\"\n\t\t\t\t\t\t\t\tdata-padding=\"t:22,18,14,13;r:14,12,9,9;b:22,18,14,13;l:14,12,9,9;\"\n\t\t\t\t\t\t\t\tdata-border=\"bos:solid;boc:rgba(255,255,255,0.75);bow:3px,3px,3px,3px;bor:23px,23px,23px,23px;\"\n\t\t\t\t\t\t\t\tdata-frame_0=\"x:0,0,0,0px;y:0,0,0,0px;\"\n\t\t\t\t\t\t\t\tdata-frame_1=\"x:0,0,0,0px;y:0,0,0,0px;\"\n\t\t\t\t\t\t\t\tdata-frame_999=\"o:0;st:w;\"\n\t\t\t\t\t\t\t\tstyle=\"z-index:5;font-family:Roboto;text-transform:uppercase;\"\n\t\t\t\t\t\t\t><span><\/span><span><\/span><span><\/span> \n\t\t\t\t\t\t\t<\/rs-layer><!--\n\t\t\t\t\t--><\/rs-static-layers>\n\t\t\t\t<\/rs-module>\n\t\t\t\t<script type=\"text\/javascript\">\n\t\t\t\t\tsetREVStartSize({c: 'rev_slider_39_1',rl:[1240,1024,778,480],el:[800,768,960,720],gw:[1240,1024,778,480],gh:[800,768,960,720],type:'standard',justify:'',layout:'fullwidth',mh:\"0\"});\n\t\t\t\t\tvar\trevapi39,\n\t\t\t\t\t\ttpj;\n\t\t\t\t\tfunction revinit_revslider391() {\n\t\t\t\t\tjQuery(function() {\n\t\t\t\t\t\ttpj = jQuery;\n\t\t\t\t\t\trevapi39 = tpj(\"#rev_slider_39_1\");\n\t\t\t\t\t\tif(revapi39==undefined || revapi39.revolution == undefined){\n\t\t\t\t\t\t\trevslider_showDoubleJqueryError(\"rev_slider_39_1\");\n\t\t\t\t\t\t}else{\n\t\t\t\t\t\t\trevapi39.revolution({\n\t\t\t\t\t\t\t\tsliderLayout:\"fullwidth\",\n\t\t\t\t\t\t\t\tvisibilityLevels:\"1240,1024,778,480\",\n\t\t\t\t\t\t\t\tgridwidth:\"1240,1024,778,480\",\n\t\t\t\t\t\t\t\tgridheight:\"800,768,960,720\",\n\t\t\t\t\t\t\t\tspinner:\"spinner3\",\n\t\t\t\t\t\t\t\tperspective:600,\n\t\t\t\t\t\t\t\tperspectiveType:\"local\",\n\t\t\t\t\t\t\t\teditorheight:\"800,768,960,720\",\n\t\t\t\t\t\t\t\tresponsiveLevels:\"1240,1024,778,480\",\n\t\t\t\t\t\t\t\tprogressBar:{disableProgressBar:true},\n\t\t\t\t\t\t\t\tnavigation: {\n\t\t\t\t\t\t\t\t\tkeyboardNavigation:true,\n\t\t\t\t\t\t\t\t\tonHoverStop:false,\n\t\t\t\t\t\t\t\t\ttouch: {\n\t\t\t\t\t\t\t\t\t\ttouchenabled:true,\n\t\t\t\t\t\t\t\t\t\ttouchOnDesktop:true\n\t\t\t\t\t\t\t\t\t},\n\t\t\t\t\t\t\t\t\tarrows: {\n\t\t\t\t\t\t\t\t\t\tenable:true,\n\t\t\t\t\t\t\t\t\t\tstyle:\"uranus\",\n\t\t\t\t\t\t\t\t\t\tleft: {\n\n\t\t\t\t\t\t\t\t\t\t},\n\t\t\t\t\t\t\t\t\t\tright: {\n\n\t\t\t\t\t\t\t\t\t\t}\n\t\t\t\t\t\t\t\t\t},\n\t\t\t\t\t\t\t\t\tbullets: {\n\t\t\t\t\t\t\t\t\t\tenable:true,\n\t\t\t\t\t\t\t\t\t\ttmp:\"\",\n\t\t\t\t\t\t\t\t\t\tstyle:\"bullet-bar\",\n\t\t\t\t\t\t\t\t\t\tv_offset:30\n\t\t\t\t\t\t\t\t\t}\n\t\t\t\t\t\t\t\t},\n\t\t\t\t\t\t\t\tparallax: {\n\t\t\t\t\t\t\t\t\tlevels:[5,10,15,20,25,30,35,40,45,46,47,48,49,50,51,55],\n\t\t\t\t\t\t\t\t\ttype:\"scroll\",\n\t\t\t\t\t\t\t\t\torigo:\"slidercenter\"\n\t\t\t\t\t\t\t\t},\n\t\t\t\t\t\t\t\tfallbacks: {\n\t\t\t\t\t\t\t\t\tallowHTML5AutoPlayOnAndroid:true\n\t\t\t\t\t\t\t\t},\n\t\t\t\t\t\t\t});\n\t\t\t\t\t\t\tvar ua = window.navigator.userAgent;\nvar msie = ua.indexOf(\"MSIE \");\n\nif(msie > 0 || !!navigator.userAgent.match(\/Trident.*rv\\:11\\.\/) || ('CSS' in window && 'supports' in window.CSS && !window.CSS.supports('mix-blend-mode', 'screen'))) {\n \n var bgColor = 'rgba(245, 245, 245, 0.5)';\n \/\/jQuery('.rev_slider .rs-layer[data-blendmode]').removeAttr('data-blendmode').css('background', bgColor);\n jQuery('.rev_slider .rs-layer[data-blendmode]').remove();\n}\n\t\t\t\t\t\t}\n\t\t\t\t\t\t\n\t\t\t\t\t});\n\t\t\t\t\t} \/\/ End of RevInitScript\n\t\t\t\tvar once_revslider391 = false;\n\t\t\t\tif (document.readyState === \"loading\") {document.addEventListener('readystatechange',function() { if((document.readyState === \"interactive\" || document.readyState === \"complete\") && !once_revslider391 ) { once_revslider391 = true; revinit_revslider391();}});} else {once_revslider391 = true; revinit_revslider391();}\n\t\t\t\t<\/script>\n\t\t\t\t<script>\n\t\t\t\t\tvar htmlDivCss = '\t#rev_slider_39_1_wrapper rs-loader.spinner3 div { background-color: #FFFFFF !important; } ';\n\t\t\t\t\tvar htmlDiv = document.getElementById('rs-plugin-settings-inline-css');\n\t\t\t\t\tif(htmlDiv) {\n\t\t\t\t\t\thtmlDiv.innerHTML = htmlDiv.innerHTML + htmlDivCss;\n\t\t\t\t\t}else{\n\t\t\t\t\t\tvar htmlDiv = document.createElement('div');\n\t\t\t\t\t\thtmlDiv.innerHTML = '<style>' + htmlDivCss + '<\/style>';\n\t\t\t\t\t\tdocument.getElementsByTagName('head')[0].appendChild(htmlDiv.childNodes[0]);\n\t\t\t\t\t}\n\t\t\t\t<\/script>\n\t\t\t\t<script>\n\t\t\t\t\tvar htmlDivCss = unescape(\"%23rev_slider_39_1_wrapper%20.uranus.tparrows%20%7B%0A%20%20width%3A50px%3B%0A%20%20height%3A50px%3B%0A%20%20background%3Argba%28255%2C255%2C255%2C0%29%3B%0A%20%7D%0A%20%23rev_slider_39_1_wrapper%20.uranus.tparrows%3Abefore%20%7B%0A%20width%3A50px%3B%0A%20height%3A50px%3B%0A%20line-height%3A50px%3B%0A%20font-size%3A40px%3B%0A%20transition%3Aall%200.3s%3B%0A-webkit-transition%3Aall%200.3s%3B%0A%20%7D%0A%20%0A%20%20%23rev_slider_39_1_wrapper%20.uranus.tparrows%3Ahover%3Abefore%20%7B%0A%20%20%20%20opacity%3A0.75%3B%0A%20%20%7D%0A.bullet-bar.tp-bullets%20%7B%0A%7D%0A.bullet-bar.tp-bullets%3Abefore%20%7B%0A%09content%3A%22%20%22%3B%0A%09position%3Aabsolute%3B%0A%09width%3A100%25%3B%0A%09height%3A100%25%3B%0A%09background%3Atransparent%3B%0A%09padding%3A10px%3B%0A%09margin-left%3A-10px%3Bmargin-top%3A-10px%3B%0A%09box-sizing%3Acontent-box%3B%0A%7D%0A.bullet-bar%20.tp-bullet%20%7B%0A%09width%3A60px%3B%0A%09height%3A3px%3B%0A%09position%3Aabsolute%3B%0A%09background%3A%23aaa%3B%0A%20%20%20%20background%3Argba%28204%2C204%2C204%2C0.5%29%3B%0A%09cursor%3A%20pointer%3B%0A%09box-sizing%3Acontent-box%3B%0A%7D%0A.bullet-bar%20.tp-bullet%3Ahover%2C%0A.bullet-bar%20.tp-bullet.selected%20%7B%0A%09%20background%3Argba%28204%2C204%2C204%2C1%29%3B%0A%7D%0A.bullet-bar%20.tp-bullet-image%20%7B%0A%7D%0A.bullet-bar%20.tp-bullet-title%20%7B%0A%7D%0A%0A\");\n\t\t\t\t\tvar htmlDiv = document.getElementById('rs-plugin-settings-inline-css');\n\t\t\t\t\tif(htmlDiv) {\n\t\t\t\t\t\thtmlDiv.innerHTML = htmlDiv.innerHTML + htmlDivCss;\n\t\t\t\t\t}else{\n\t\t\t\t\t\tvar htmlDiv = document.createElement('div');\n\t\t\t\t\t\thtmlDiv.innerHTML = '<style>' + htmlDivCss + '<\/style>';\n\t\t\t\t\t\tdocument.getElementsByTagName('head')[0].appendChild(htmlDiv.childNodes[0]);\n\t\t\t\t\t}\n\t\t\t\t<\/script>\n\t\t\t\t<script>\n\t\t\t\t\tvar htmlDivCss = unescape(\"%0A%0A%0A%0A%0A%0A\");\n\t\t\t\t\tvar htmlDiv = document.getElementById('rs-plugin-settings-inline-css');\n\t\t\t\t\tif(htmlDiv) {\n\t\t\t\t\t\thtmlDiv.innerHTML = htmlDiv.innerHTML + htmlDivCss;\n\t\t\t\t\t}else{\n\t\t\t\t\t\tvar htmlDiv = document.createElement('div');\n\t\t\t\t\t\thtmlDiv.innerHTML = '<style>' + htmlDivCss + '<\/style>';\n\t\t\t\t\t\tdocument.getElementsByTagName('head')[0].appendChild(htmlDiv.childNodes[0]);\n\t\t\t\t\t}\n\t\t\t\t<\/script>\n\t\t\t<\/rs-module-wrap>\n\t\t\t<!-- END REVOLUTION SLIDER -->\n<div style=\"background-color:;height: 25px\" class=\"nicdark_section  \"><\/div>[\/vc_column][\/vc_row][vc_row css_animation=&#8221;fadeInUp&#8221;][vc_column width=&#8221;2\/3&#8243;][vc_row_inner][vc_column_inner][vc_column_text]<\/p>\n<h1>NASIL B\u0130ZE GELECEKS\u0130N\u0130Z<\/h1>\n<div id=\"gtx-trans\" style=\"position: absolute; left: 135px; top: -10px;\">\n<div class=\"gtx-trans-icon\"><\/div>\n<\/div>\n<p>[\/vc_column_text]<div style=\"background-color:;height: 25px\" class=\"nicdark_section  \"><\/div>[vc_column_text]Skopelo\u2019ya nasil geleceksiniz? Faydali bilgiler \u2013transport[\/vc_column_text][\/vc_column_inner][\/vc_row_inner][vc_row_inner][vc_column_inner css=&#8221;.vc_custom_1607330987558{padding-top: 30px !important;padding-right: 30px !important;padding-bottom: 15px !important;padding-left: 30px !important;background-color: #ffffff !important;}&#8221; offset=&#8221;vc_col-xs-12&#8243;][vc_column_text el_class=&#8221;hotel-text&#8221;]<strong>\u00d6nemli seyahat ipu\u00e7lari<\/strong><\/p>\n<p>a) Denizcilik \u015firketleri may\u0131s\u0131n ilk g\u00fcn\u00fcnden beri her y\u0131l kendi rotalar\u0131n\u0131 duyuruyor ve haziran ay\u0131n\u0131n ilk on g\u00fcn\u00fc i\u00e7inde belirleniyor. Scopelos ve Alonnisos\u2019e giden bir\u00e7ok gezgin, erken rezervasyon yapt\u0131r\u0131yor ve fotokopisini almak i\u00e7in May\u0131s-Haziran ay\u0131na kadar bekliyorlar.<\/p>\n<p>b)15\/06 \u2013 15\/09 arasinda Skiathos-skopelo ya da Alonniso\u2019ya seyahat etmek icin en iyi yol ( ve en pahalisi) bu : u\u00e7u\u015f Skiatho i\u00e7in , taksi Skiatho\u2019nun limani i\u00e7in ve gemi Skopelo ya da Aloniso i\u00e7in. Skiatho i\u00e7in taksi rezervasyonu yapt\u0131rman\u0131za gerek yok. E\u011fer Skopelo\u2019ya ya da Aloniso\u2019ya gitmek isterseniz , erken giden ve ge\u00e7 kalkan Skiatho i\u00e7in bir u\u00e7ak bulmal\u0131s\u0131n\u0131z. Bu \u015fekilde , iki adaya giden gemiye ula\u015fmak i\u00e7in\u00a0 \u00a0daha \u00e7ok ihtimalliniz olur. Skopelos\u2019tan Skiathos\u2019a giden \u015fu taksi hizmeti de var: Fiyati 150,00 euro 4 ki\u015fi icin (Her ekstra ki\u015fi i\u00e7in +20,00 euro) .[\/vc_column_text][\/vc_column_inner][\/vc_row_inner]<div style=\"background-color:;height: 20px\" class=\"nicdark_section  \"><\/div>[vc_toggle title=&#8221;DEVAMINI OKU&#8221;]Skopelos yolculu\u011fu ( Glossa \u2013 Elios \u2013 Adrina \u2013 Panormos ) 20-25 dakika s\u00fcr\u00fcyor. Dimitri beye ulasabilmeniz icin 6980200200\u00a0 ve 6976806938 aray\u0131n . Dimitri (rezervasyon yaptiran Adam) ve hava liman\u0131nda sizi bekleyen taksi sizi \u015fu taksiye g\u00f6t\u00fcrecek. Taksinin randevu fiyati 12,00 euro ve 8,00-9,00 euro radevusuz olarak.<\/p>\n<p>c) E\u011fer temmuz ya da agustos ayinda seyahat ederseniz, d\u00f6n\u00fc\u015f bileti alman\u0131z\u0131 tavsiye ederiz. Bilet degi\u015fiminin k\u00fc\u00e7\u00fck bir miktar cezasi var ve belki de fikrinizi de\u011fi\u015ftirdi\u011finiz zaman bilet kalmayabilir.<\/p>\n<p>d) Scopelos adas\u0131nda iki liman var \u2013 Glosanin limanin (ya da Lutraki) ve Skopelo\u2019nun limani (Hora).Do\u011fru limana y\u00f6nlendirilmeniz i\u00e7in nerede kalaca\u011f\u0131n\u0131z\u0131 sorabilirsiniz . Bu iki liman\u0131n fiyatlari farkl\u0131. \u0130ki liman\u0131n Adrina Beach ve Adrina Resort otel ile arasindaki mesafesi ayn\u0131d\u0131r. Adan\u0131n ilk istasyonu oldu\u011fu i\u00e7in Glosa liman\u0131n\u0131 tercih etmeniz daha iyi olur.<\/p>\n<p>e) Selanik\u2019ten en guvenli seyahat Volo limani yoluylad\u0131r ve oradan her g\u00fcn g\u00fczergah var( yazin-kisin)<\/p>\n<p>f) If you are travelling via Athens, you can depart to Skopelos from the following ports:<\/p>\n<p>i)\u00a0 Ag. Constantinos,<\/p>\n<p>ii)\u00a0 Mantoudi, Evia,<\/p>\n<p>iii) Kimi, Evia<\/p>\n<p>f1) There exist daily itineraries from Ag. Constantinos by Hellenic Seaways or Aegean Flying Dolphins via speedboats or ship. For the routes managed by Hellenic Seaways, you may contact the agency: Alkyon Travel, 97 Akademias st., Kanigos Square, +30 2103832545.\u00a0 For the routes managed by Aegean Flying Dolphins, you may contact the agency: Jeta Tours,54\u00a0 Nikis st., Syntagma Square, +30 2103227353.\u00a0 Both agencies, provide a bus service to the port, from which the Ship or Speedboat departs. In the case that you do not wish to purchase your tickets from downtown Athens,(which necessitates that you go downtown for your tickets, some days in advance of your departure), we suggest, that you contact the agencies located on the port of Ag. Constantinos for a reservation: Alkyon Travel, +30 2235031989 or Bilalis Travel, +30 2235031874. These agencies may contact the Athenian agencies, are arrange for your bus ticket to the port. The bus ticket, will be available for you, in either Syntagma or Kanigos square agencies. There is the possibility of a stop for boarding on the national road (Kaliftaki Stop), which is convenient for travelers, located on the Northern Suburbs, but requires previous confirmation. If you are travelling by car, you can make a reservation with the Ag. Constantinos agencies, and you may pick\u00a0 your tickets up, as soon as you arrive there.<\/p>\n<p>f2) From Mantoudi, you may board a ship managed by ANES ferries (http:\/\/www.anes.gr). You may reach Mantoudi via a connecting bus from Athens.<\/p>\n<p>f3) From Kimi, you may board a ship, managed by SNE ferries ( http:\/\/www.sne.gr).<\/p>\n<p>g) E\u011fer arabayla Selanik\u2019ten Volo\u2019ya (ve tersi) gitmek istiyorsaniz , avis.gr\u2019sitesinden araba ya da mini otobus kiralayabilirsiniz. Bu \u015firketle anla\u015ft\u0131ktan sonra, son durakta arabay\u0131 onlar\u0131n orta\u011f\u0131na teslim edebilirsiniz.<\/p>\n<p>h) E\u011fer Selanik ya da Volo\u2019dan tren bileti al\u0131rsan\u0131z sadece Intercity (tren firmas\u0131) kullan\u0131n !! Sadece Intercity ekstra masraf almadan direkt destinasyonunuza gidiyor.<\/p>\n<p>i) K\u0131\u015f\u0131n Ayio Kostantino\u2019ya giden otob\u00fcs yok. E\u011fer Sporades\u2019e kendi araban\u0131zla gelmek istiyorsan\u0131z , Volo liman\u0131na gitmeniz gerekiyor. Ayrica Ayo Kostantino\u2019dan feribotun guzergahlari daha az oluyor mesela haftada 2 veya 3 kez.<\/p>\n<p><strong>ACCESS FROM OTHER COUNTR\u0130ES<\/strong><\/p>\n<p>a) Chartered flight to Skiathos \u2013 Taxi to Skiathos port (5 min) \u2013 Boat or Hydrofoil to the island of Skopelos \u2013 Alonissos.<\/p>\n<p>b) Chartered or scheduled flight to Athens \u2013 Domestic Flight to Skiathos airport (35 min) \u2013 Taxi from the airport to Skiathos port (5 min) \u2013 Hydrofoil to port of Glossa (20 min) or Skopelos (up to 45 min).<\/p>\n<p>c) Chartered or scheduled flight to Athens airport \u2013 Taxi to Akadimias St. 97 at Alkyon Travel Offices. The Minoan Lines Offices are situated there and a tourist coach departs in time for a connection with a hydrofoil from the port of Aghios Constantinos. \u2013 Boat or Hydrofoil to the island of Skiathos \u2013 Skopelos \u2013 Alonissos.<\/p>\n<p>d) Chartered or scheduled flight to Thessaloniki \u2013 bus or taxi to Thessaloniki port \u2013 Boat or Hydrofoil or boat to Skiathos \u2013 Skopelos ports.<\/p>\n<p>e) Chartered or scheduled flight to Thessaloniki \u2013 bus or railway to Volos port \u2013 Boat or Hydrofoil or boat to Skiathos \u2013 Skopelos ports.<\/p>\n<p>f) By private car via Italy (to Patras or Igoumenitsa) \u2013 across Greek mainland to port of Aghios Konstantinos \u2013 Boat or Hydrofoil or boat to Skiathos \u2013 Skopelos \u2013 Alonissos ports.<\/p>\n<p>g) By private car via Italy (to Patras or Igoumenitsa) \u2013 across Greek mainland to port of Volos \u2013 Boat or Hydrofoil or boat to Skiathos \u2013 Skopelos \u2013 Alonissos ports.<\/p>\n<p><strong>Bize nas\u0131l geleceksiniz<\/strong><\/p>\n<p>(yurt i\u00e7i)<\/p>\n<p>a) Atiandan Skiatho\u2019ya u\u00e7akla gidi\u015f en pahal\u0131 \u00e7\u00f6z\u00fcm, ama seyahat sadece 35-45 dakika s\u00fcr\u00fcyor. Skiatho\u2019nun havaaliman\u0131ndan (havaalimandan taksiyle 5 dakikal\u0131k uzakl\u0131kta) Glosa- Skipelo \u2013 Aloniso i\u00e7in feribot ya da gemi alabilirsiniz.<\/p>\n<p>b) Atinadan Ayo Konstanino\u2019ya : Otobus ya da taksi Alkyon Travel i\u00e7in (Akadimias 97, Kanigos meydani). Otob\u00fcs ile Ayo Konstanino icin ve baglayan ferryboat\/ gemiler Sporades icin .<\/p>\n<p>c) Atina\u2019dan Volo\u2019ya kadar arabayla ( 3 saat ve 30 dakika ) ya da Otobus (4 saat ve 30 dakika). Baglanti feribot ya da gemiyle arasinda Sporades icin<\/p>\n<p>d) Atinadan Voloya kadar trenle( Intercity 4 saat ve 30 dakika )- Baglanti feribot \/ gemiler Sporades icin.<\/p>\n<p>e) Selanikten Voloya trenle ya da Ktel ( 3 saat )- Baglant\u0131 feribot \/ gemiler Sporades icin.<\/p>\n<p>f)Selanik\u2019in liman\u0131ndan ( Hazirandan Eylule kadar \u2013 her sene i\u00e7in de\u011fil)- Ba\u011flant\u0131l\u0131 feribot \/ gemiler Sporades i\u00e7in.<\/p>\n<p><strong>Ekstra ayrintilar icin\u00a0 www.skopelos.com sayfas\u0131n\u0131 ziyaret edebilirsiniz.<\/strong>[\/vc_toggle]<div style=\"background-color:;height: 35px\" class=\"nicdark_section  \"><\/div>[\/vc_column][vc_column width=&#8221;1\/3&#8243;][vc_single_image image=&#8221;2251&#8243; img_size=&#8221;medium&#8221; alignment=&#8221;center&#8221; onclick=&#8221;custom_link&#8221; link=&#8221;https:\/\/adrinabeach.reserve-online.net\/&#8221;]<div style=\"background-color:;height: 40px\" class=\"nicdark_section  \"><\/div>[\/vc_column][\/vc_row][vc_row full_width=&#8221;stretch_row_content&#8221;][vc_column offset=&#8221;vc_hidden-lg&#8221; css=&#8221;.vc_custom_1609750836761{padding-right: 5px !important;padding-left: 5px !important;}&#8221;][vc_raw_html]JTVCcGFubyUyMGZpbGUlM0QlMjJodHRwcyUzQSUyRiUyRmFkcmluYWJlYWNoLmNvbSUyRjM2MCUyRkFkcmluYV9CZWFjaC5odG1sJTNGcyUzRHBhbm8xMCUyNnNraXBpbnRybyUzRHRydWUlMjIlMjB3aWR0aCUzRCUyMjEwMCUyNSUyMiUyMGhlaWdodCUzRCUyMjUwMHB4JTIyJTVE[\/vc_raw_html]<div style=\"background-color:;height: 25px\" class=\"nicdark_section  \"><\/div>[\/vc_column][\/vc_row][vc_row css_animation=&#8221;fadeInUp&#8221;][vc_column width=&#8221;2\/3&#8243; offset=&#8221;vc_col-sm-offset-0&#8243;][vc_row_inner][vc_column_inner offset=&#8221;vc_hidden-md vc_hidden-sm vc_hidden-xs&#8221;][vc_raw_html]JTVCcGFubyUyMGZpbGUlM0QlMjJodHRwcyUzQSUyRiUyRmFkcmluYWJlYWNoLmNvbSUyRjM2MCUyRkFkcmluYV9CZWFjaC5odG1sJTNGcyUzRHBhbm8xMCUyNnNraXBpbnRybyUzRHRydWUlMjIlMjB3aWR0aCUzRCUyMjEwMCUyNSUyMiUyMGhlaWdodCUzRCUyMjUwMHB4JTIyJTVE[\/vc_raw_html][\/vc_column_inner][\/vc_row_inner][\/vc_column][vc_column width=&#8221;1\/3&#8243;][vc_row_inner][vc_column_inner]<div style=\"background-color:;height: 20px\" class=\"nicdark_section  \"><\/div> <h5 style=\"color:#7f7f7f;padding:px;text-align:center;font-size:12px;line-height:12px;letter-spacing: 2px;font-weight:lighter\" class=\"   nd_options_second_font \">CONTACT<\/h5> <div style=\"background-color:;height: 10px\" class=\"nicdark_section  \"><\/div> <h2 style=\"color:#7f7f7f;padding:px;text-align:center;font-size:25px;line-height:25px;letter-spacing: px;font-weight:normal\" class=\"   nd_options_first_font \">Get In Touch<\/h2> <div style=\"background-color:;height: 20px\" class=\"nicdark_section  \"><\/div>[\/vc_column_inner][\/vc_row_inner][vc_row_inner][vc_column_inner offset=&#8221;vc_col-sm-offset-0&#8243;][vc_acf field_group=&#8221;5356&#8243; field_from_5356=&#8221;field_5fdf374f56114&#8243; field_from_2263=&#8221;field_5fccad849934f&#8221;][\/vc_column_inner][\/vc_row_inner][\/vc_column][\/vc_row][vc_row][vc_column]<div style=\"background-color:;height: 40px\" class=\"nicdark_section  \"><\/div>[\/vc_column][\/vc_row]<\/p>\n","protected":false},"excerpt":{"rendered":"<p>[vc_row][vc_column][\/vc_column][\/vc_row][vc_row css_animation=&#8221;fadeInUp&#8221;][vc_column width=&#8221;2\/3&#8243;][vc_row_inner][vc_column_inner][vc_column_text] NASIL B\u0130ZE GELECEKS\u0130N\u0130Z [\/vc_column_text][vc_column_text]Skopelo\u2019ya nasil geleceksiniz? Faydali bilgiler \u2013transport[\/vc_column_text][\/vc_column_inner][\/vc_row_inner][vc_row_inner][vc_column_inner css=&#8221;.vc_custom_1607330987558{padding-top: 30px !important;padding-right: 30px !important;padding-bottom: 15px !important;padding-left: 30px !important;background-color: #ffffff !important;}&#8221; offset=&#8221;vc_col-xs-12&#8243;][vc_column_text el_class=&#8221;hotel-text&#8221;]\u00d6nemli seyahat ipu\u00e7lari a) Denizcilik \u015firketleri may\u0131s\u0131n ilk g\u00fcn\u00fcnden beri her y\u0131l kendi rotalar\u0131n\u0131 duyuruyor ve haziran ay\u0131n\u0131n ilk on g\u00fcn\u00fc i\u00e7inde belirleniyor. Scopelos ve Alonnisos\u2019e giden bir\u00e7ok gezgin, erken rezervasyon [&hellip;]<\/p>\n","protected":false},"author":1,"featured_media":0,"parent":0,"menu_order":0,"comment_status":"closed","ping_status":"closed","template":"","meta":{"footnotes":""},"class_list":["post-4315","page","type-page","status-publish","hentry"],"yoast_head":"<!-- This site is optimized with the Yoast SEO Premium plugin v15.6.2 - https:\/\/yoast.com\/wordpress\/plugins\/seo\/ -->\n<title>Skopelos Adrina Hotels, NASIL B\u0130ZE GELECEKS\u0130N\u0130Z - Adrina Beach Hotel<\/title>\n<meta name=\"description\" content=\"Skopelos Adrina Hotels, \u03a3\u03ba\u03cc\u03c0\u03b5\u03bb\u03bf\u03c2 \u039e\u03b5\u03bd\u03bf\u03b4\u03bf\u03c7\u03b5\u03af\u03b1 \u0391\u03bd\u03c4\u03c1\u03af\u03bd\u03b1 - Adrina Beach Hotel\" \/>\n<meta name=\"robots\" content=\"index, follow, max-snippet:-1, max-image-preview:large, max-video-preview:-1\" \/>\n<link rel=\"canonical\" href=\"https:\/\/adrinabeach.com\/tr\/skopelos-oteller-nasil-bize-geleceksiniz\/\" \/>\n<meta property=\"og:locale\" content=\"tr_TR\" \/>\n<meta property=\"og:type\" content=\"article\" \/>\n<meta property=\"og:title\" content=\"Skopelos Adrina Hotels, NASIL B\u0130ZE GELECEKS\u0130N\u0130Z - Adrina Beach Hotel\" \/>\n<meta property=\"og:description\" content=\"Skopelos Adrina Hotels, \u03a3\u03ba\u03cc\u03c0\u03b5\u03bb\u03bf\u03c2 \u039e\u03b5\u03bd\u03bf\u03b4\u03bf\u03c7\u03b5\u03af\u03b1 \u0391\u03bd\u03c4\u03c1\u03af\u03bd\u03b1 - Adrina Beach Hotel\" \/>\n<meta property=\"og:url\" content=\"https:\/\/adrinabeach.com\/tr\/skopelos-oteller-nasil-bize-geleceksiniz\/\" \/>\n<meta property=\"og:site_name\" content=\"Adrina Beach Hotel\" \/>\n<meta property=\"article:publisher\" content=\"https:\/\/www.facebook.com\/adrinahotelsskopelos\" \/>\n<meta property=\"article:modified_time\" content=\"2021-01-10T17:05:09+00:00\" \/>\n<meta name=\"twitter:card\" content=\"summary_large_image\" \/>\n<meta name=\"twitter:site\" content=\"@ADRINAHOTELS\" \/>\n<meta name=\"twitter:label1\" content=\"Tahmini okuma s\u00fcresi\">\n\t<meta name=\"twitter:data1\" content=\"8 dakika\">\n<script type=\"application\/ld+json\" class=\"yoast-schema-graph\">{\"@context\":\"https:\/\/schema.org\",\"@graph\":[{\"@type\":\"Organization\",\"@id\":\"https:\/\/adrinabeach.com\/#organization\",\"name\":\"Adrina Beach Hotel\",\"url\":\"https:\/\/adrinabeach.com\/\",\"sameAs\":[\"https:\/\/www.facebook.com\/adrinahotelsskopelos\",\"https:\/\/www.instagram.com\/adrinahotelsskopelos\/\",\"https:\/\/www.linkedin.com\/in\/skopelos\/\",\"https:\/\/www.youtube.com\/channel\/UCYNViv2aIt05aWVDe6ekRyg\",\"https:\/\/twitter.com\/ADRINAHOTELS\"],\"logo\":{\"@type\":\"ImageObject\",\"@id\":\"https:\/\/adrinabeach.com\/#logo\",\"inLanguage\":\"tr\",\"url\":\"https:\/\/adrinabeach.com\/wp-content\/uploads\/logos\/adrinabeachlogo.png\",\"width\":694,\"height\":264,\"caption\":\"Adrina Beach Hotel\"},\"image\":{\"@id\":\"https:\/\/adrinabeach.com\/#logo\"}},{\"@type\":\"WebSite\",\"@id\":\"https:\/\/adrinabeach.com\/#website\",\"url\":\"https:\/\/adrinabeach.com\/\",\"name\":\"Adrina Beach Hotel\",\"description\":\"Adrina Beach Hotel\",\"publisher\":{\"@id\":\"https:\/\/adrinabeach.com\/#organization\"},\"potentialAction\":[{\"@type\":\"SearchAction\",\"target\":\"https:\/\/adrinabeach.com\/?s={search_term_string}\",\"query-input\":\"required name=search_term_string\"}],\"inLanguage\":\"tr\"},{\"@type\":\"WebPage\",\"@id\":\"https:\/\/adrinabeach.com\/tr\/skopelos-oteller-nasil-bize-geleceksiniz\/#webpage\",\"url\":\"https:\/\/adrinabeach.com\/tr\/skopelos-oteller-nasil-bize-geleceksiniz\/\",\"name\":\"Skopelos Adrina Hotels, NASIL B\\u0130ZE GELECEKS\\u0130N\\u0130Z - Adrina Beach Hotel\",\"isPartOf\":{\"@id\":\"https:\/\/adrinabeach.com\/#website\"},\"datePublished\":\"2020-12-15T12:55:27+00:00\",\"dateModified\":\"2021-01-10T17:05:09+00:00\",\"description\":\"Skopelos Adrina Hotels, \\u03a3\\u03ba\\u03cc\\u03c0\\u03b5\\u03bb\\u03bf\\u03c2 \\u039e\\u03b5\\u03bd\\u03bf\\u03b4\\u03bf\\u03c7\\u03b5\\u03af\\u03b1 \\u0391\\u03bd\\u03c4\\u03c1\\u03af\\u03bd\\u03b1 - Adrina Beach Hotel\",\"inLanguage\":\"tr\",\"potentialAction\":[{\"@type\":\"ReadAction\",\"target\":[\"https:\/\/adrinabeach.com\/tr\/skopelos-oteller-nasil-bize-geleceksiniz\/\"]}]}]}<\/script>\n<!-- \/ Yoast SEO Premium plugin. -->","_links":{"self":[{"href":"https:\/\/adrinabeach.com\/tr\/wp-json\/wp\/v2\/pages\/4315","targetHints":{"allow":["GET"]}}],"collection":[{"href":"https:\/\/adrinabeach.com\/tr\/wp-json\/wp\/v2\/pages"}],"about":[{"href":"https:\/\/adrinabeach.com\/tr\/wp-json\/wp\/v2\/types\/page"}],"author":[{"embeddable":true,"href":"https:\/\/adrinabeach.com\/tr\/wp-json\/wp\/v2\/users\/1"}],"replies":[{"embeddable":true,"href":"https:\/\/adrinabeach.com\/tr\/wp-json\/wp\/v2\/comments?post=4315"}],"version-history":[{"count":0,"href":"https:\/\/adrinabeach.com\/tr\/wp-json\/wp\/v2\/pages\/4315\/revisions"}],"wp:attachment":[{"href":"https:\/\/adrinabeach.com\/tr\/wp-json\/wp\/v2\/media?parent=4315"}],"curies":[{"name":"wp","href":"https:\/\/api.w.org\/{rel}","templated":true}]}}