{"id":6428,"date":"2020-12-01T11:43:49","date_gmt":"2020-12-01T11:43:49","guid":{"rendered":"https:\/\/adrinabeach.com\/similar-rooms\/"},"modified":"2020-12-30T12:56:49","modified_gmt":"2020-12-30T10:56:49","slug":"similar-rooms","status":"publish","type":"page","link":"https:\/\/adrinabeach.com\/sv\/similar-rooms\/","title":{"rendered":"LIKNANDE RUM"},"content":{"rendered":"<p>[vc_row][vc_column][vc_row_inner][vc_column_inner]\n\n\t<script type=\"text\/javascript\">\n    \/\/<![CDATA[\n    \n    jQuery(document).ready(function() {\n\n      \/\/START masonry\n      jQuery(function ($) {\n        \n        \/\/Masonry\n    \t\tvar $nd_booking_masonry_content = $(\".nd_booking_masonry_content\").imagesLoaded( function() {\n    \t\t  \/\/ init Masonry after all images have loaded\n    \t\t  $nd_booking_masonry_content.masonry({\n    \t\t    itemSelector: \".nd_booking_masonry_item\"\n    \t\t  });\n    \t\t});\n\n      });\n      \/\/END masonry\n\n    });\n\n    \/\/]]>\n  <\/script>\n\n<div class=\"nd_booking_section nd_booking_masonry_content  \">\n\n<div id=\"nd_booking_archive_cpt_1_single_6038\" class=\" nd_booking_rooms_component_l3 nd_booking_masonry_item nd_booking_width_50_percentage nd_booking_float_left nd_booking_width_100_percentage_responsive\">\n\n    <div class=\"nd_booking_section nd_booking_padding_15 nd_booking_box_sizing_border_box\">\n\n        <div class=\"nd_booking_section nd_booking_border_1_solid_grey nd_booking_bg_white\">\n            \n            \n\n        <a href=\"https:\/\/adrinabeach.com\/sv\/rooms\/skopelos-hotell-panorama-fullstandigt-havsutsikt-fyrbaddsrum\/\">\n            <div class=\"nd_booking_section nd_booking_position_relative\">\n\n                <img decoding=\"async\" alt=\"\" class=\"nd_booking_section\" src=\"https:\/\/adrinabeach.com\/wp-content\/uploads\/similar_rooms\/skopelos-hotels-adrina-8-quadruple.jpg\">\n\n                <div class=\"nd_booking_bg_greydark_alpha_gradient_3 nd_booking_position_absolute nd_booking_left_0 nd_booking_height_100_percentage nd_booking_width_100_percentage nd_booking_padding_30 nd_booking_box_sizing_border_box\">\n                    <div class=\"nd_booking_position_absolute nd_booking_bottom_20\">\n\n\n                        <div class=\"nd_booking_display_table nd_booking_float_left\">\n                            <p class=\"nd_booking_display_table_cell nd_booking_padding_right_20 nd_booking_vertical_align_middle  nd_options_color_white nd_booking_margin_right_10  nd_booking_font_size_11 nd_booking_letter_spacing_2 nd_booking_text_transform_uppercase\">PANORAMA- FULLST\u00c4NDIGT HAVSUTSIKT FYRB\u00c4DDSRUM<\/p>\n                            <p style=\"background-color:#7f7f7f;\" class=\"nd_booking_display_table_cell nd_booking_vertical_align_middle  nd_options_color_white  nd_booking_font_size_11 nd_booking_padding_3_5 nd_booking_letter_spacing_2 nd_booking_text_transform_uppercase\">FROM  <\/p>\n                        <\/div>\n                        \n                    <\/div>\n                <\/div>\n\n            <\/div>\n        <\/a>\n\n\n    \n\n        <\/div>\n\n    <\/div>\n\n<\/div>\n\n<div id=\"nd_booking_archive_cpt_1_single_6103\" class=\" nd_booking_rooms_component_l3 nd_booking_masonry_item nd_booking_width_50_percentage nd_booking_float_left nd_booking_width_100_percentage_responsive\">\n\n    <div class=\"nd_booking_section nd_booking_padding_15 nd_booking_box_sizing_border_box\">\n\n        <div class=\"nd_booking_section nd_booking_border_1_solid_grey nd_booking_bg_white\">\n            \n            \n\n        <a href=\"https:\/\/adrinabeach.com\/sv\/rooms\/skopelos-hotell-sidostalld-havsutsikt-maisonette\/\">\n            <div class=\"nd_booking_section nd_booking_position_relative\">\n\n                <img decoding=\"async\" alt=\"\" class=\"nd_booking_section\" src=\"https:\/\/adrinabeach.com\/wp-content\/uploads\/similar_rooms\/skopelos-hotels-adrina-7-maisonette-side-sea-view.jpg\">\n\n                <div class=\"nd_booking_bg_greydark_alpha_gradient_3 nd_booking_position_absolute nd_booking_left_0 nd_booking_height_100_percentage nd_booking_width_100_percentage nd_booking_padding_30 nd_booking_box_sizing_border_box\">\n                    <div class=\"nd_booking_position_absolute nd_booking_bottom_20\">\n\n\n                        <div class=\"nd_booking_display_table nd_booking_float_left\">\n                            <p class=\"nd_booking_display_table_cell nd_booking_padding_right_20 nd_booking_vertical_align_middle  nd_options_color_white nd_booking_margin_right_10  nd_booking_font_size_11 nd_booking_letter_spacing_2 nd_booking_text_transform_uppercase\">SIDOST\u00c4LLD HAVSUTSIKT MAISONETTE<\/p>\n                            <p style=\"background-color:#7f7f7f;\" class=\"nd_booking_display_table_cell nd_booking_vertical_align_middle  nd_options_color_white  nd_booking_font_size_11 nd_booking_padding_3_5 nd_booking_letter_spacing_2 nd_booking_text_transform_uppercase\">FROM  <\/p>\n                        <\/div>\n                        \n                    <\/div>\n                <\/div>\n\n            <\/div>\n        <\/a>\n\n\n    \n\n        <\/div>\n\n    <\/div>\n\n<\/div>\n\n<div id=\"nd_booking_archive_cpt_1_single_6131\" class=\" nd_booking_rooms_component_l3 nd_booking_masonry_item nd_booking_width_50_percentage nd_booking_float_left nd_booking_width_100_percentage_responsive\">\n\n    <div class=\"nd_booking_section nd_booking_padding_15 nd_booking_box_sizing_border_box\">\n\n        <div class=\"nd_booking_section nd_booking_border_1_solid_grey nd_booking_bg_white\">\n            \n            \n\n        <a href=\"https:\/\/adrinabeach.com\/sv\/rooms\/skopelos-hotell-panoramautsikt-over-havet-maisonette\/\">\n            <div class=\"nd_booking_section nd_booking_position_relative\">\n\n                <img decoding=\"async\" alt=\"\" class=\"nd_booking_section\" src=\"https:\/\/adrinabeach.com\/wp-content\/uploads\/similar_rooms\/skopelos-hotels-adrina-6-maisonette-panoramic-sea-view.jpg\">\n\n                <div class=\"nd_booking_bg_greydark_alpha_gradient_3 nd_booking_position_absolute nd_booking_left_0 nd_booking_height_100_percentage nd_booking_width_100_percentage nd_booking_padding_30 nd_booking_box_sizing_border_box\">\n                    <div class=\"nd_booking_position_absolute nd_booking_bottom_20\">\n\n\n                        <div class=\"nd_booking_display_table nd_booking_float_left\">\n                            <p class=\"nd_booking_display_table_cell nd_booking_padding_right_20 nd_booking_vertical_align_middle  nd_options_color_white nd_booking_margin_right_10  nd_booking_font_size_11 nd_booking_letter_spacing_2 nd_booking_text_transform_uppercase\">PANORAMAUTSIKT \u00d6VER HAVET MAISONETTE<\/p>\n                            <p style=\"background-color:#7f7f7f;\" class=\"nd_booking_display_table_cell nd_booking_vertical_align_middle  nd_options_color_white  nd_booking_font_size_11 nd_booking_padding_3_5 nd_booking_letter_spacing_2 nd_booking_text_transform_uppercase\">FROM  <\/p>\n                        <\/div>\n                        \n                    <\/div>\n                <\/div>\n\n            <\/div>\n        <\/a>\n\n\n    \n\n        <\/div>\n\n    <\/div>\n\n<\/div>\n\n<div id=\"nd_booking_archive_cpt_1_single_6158\" class=\" nd_booking_rooms_component_l3 nd_booking_masonry_item nd_booking_width_50_percentage nd_booking_float_left nd_booking_width_100_percentage_responsive\">\n\n    <div class=\"nd_booking_section nd_booking_padding_15 nd_booking_box_sizing_border_box\">\n\n        <div class=\"nd_booking_section nd_booking_border_1_solid_grey nd_booking_bg_white\">\n            \n            \n\n        <a href=\"https:\/\/adrinabeach.com\/sv\/rooms\/skopelos-hotell-panorama-fullstandigt-havsutsikt-maisonette\/\">\n            <div class=\"nd_booking_section nd_booking_position_relative\">\n\n                <img decoding=\"async\" alt=\"\" class=\"nd_booking_section\" src=\"https:\/\/adrinabeach.com\/wp-content\/uploads\/similar_rooms\/skopelos-hotels-adrina-5-maisonette-panoramic-full-sea-view.jpg\">\n\n                <div class=\"nd_booking_bg_greydark_alpha_gradient_3 nd_booking_position_absolute nd_booking_left_0 nd_booking_height_100_percentage nd_booking_width_100_percentage nd_booking_padding_30 nd_booking_box_sizing_border_box\">\n                    <div class=\"nd_booking_position_absolute nd_booking_bottom_20\">\n\n\n                        <div class=\"nd_booking_display_table nd_booking_float_left\">\n                            <p class=\"nd_booking_display_table_cell nd_booking_padding_right_20 nd_booking_vertical_align_middle  nd_options_color_white nd_booking_margin_right_10  nd_booking_font_size_11 nd_booking_letter_spacing_2 nd_booking_text_transform_uppercase\">PANORAMA- FULLST\u00c4NDIGT HAVSUTSIKT MAISONETTE<\/p>\n                            <p style=\"background-color:#7f7f7f;\" class=\"nd_booking_display_table_cell nd_booking_vertical_align_middle  nd_options_color_white  nd_booking_font_size_11 nd_booking_padding_3_5 nd_booking_letter_spacing_2 nd_booking_text_transform_uppercase\">FROM  <\/p>\n                        <\/div>\n                        \n                    <\/div>\n                <\/div>\n\n            <\/div>\n        <\/a>\n\n\n    \n\n        <\/div>\n\n    <\/div>\n\n<\/div>\n\n<div id=\"nd_booking_archive_cpt_1_single_6198\" class=\" nd_booking_rooms_component_l3 nd_booking_masonry_item nd_booking_width_50_percentage nd_booking_float_left nd_booking_width_100_percentage_responsive\">\n\n    <div class=\"nd_booking_section nd_booking_padding_15 nd_booking_box_sizing_border_box\">\n\n        <div class=\"nd_booking_section nd_booking_border_1_solid_grey nd_booking_bg_white\">\n            \n            \n\n        <a href=\"https:\/\/adrinabeach.com\/sv\/rooms\/skopelos-hotell-tradgarden-sutsikt-tvabaddsrum-eller-dubbelrum\/\">\n            <div class=\"nd_booking_section nd_booking_position_relative\">\n\n                <img decoding=\"async\" alt=\"\" class=\"nd_booking_section\" src=\"https:\/\/adrinabeach.com\/wp-content\/uploads\/similar_rooms\/skopelos-hotels-adrina-4-garden-view-double-room.jpg\">\n\n                <div class=\"nd_booking_bg_greydark_alpha_gradient_3 nd_booking_position_absolute nd_booking_left_0 nd_booking_height_100_percentage nd_booking_width_100_percentage nd_booking_padding_30 nd_booking_box_sizing_border_box\">\n                    <div class=\"nd_booking_position_absolute nd_booking_bottom_20\">\n\n\n                        <div class=\"nd_booking_display_table nd_booking_float_left\">\n                            <p class=\"nd_booking_display_table_cell nd_booking_padding_right_20 nd_booking_vertical_align_middle  nd_options_color_white nd_booking_margin_right_10  nd_booking_font_size_11 nd_booking_letter_spacing_2 nd_booking_text_transform_uppercase\">TR\u00c4DG\u00c5RDEN SUTSIKT TV\u00c5B\u00c4DDSRUM ELLER DUBBELRUM<\/p>\n                            <p style=\"background-color:#7f7f7f;\" class=\"nd_booking_display_table_cell nd_booking_vertical_align_middle  nd_options_color_white  nd_booking_font_size_11 nd_booking_padding_3_5 nd_booking_letter_spacing_2 nd_booking_text_transform_uppercase\">FROM  <\/p>\n                        <\/div>\n                        \n                    <\/div>\n                <\/div>\n\n            <\/div>\n        <\/a>\n\n\n    \n\n        <\/div>\n\n    <\/div>\n\n<\/div>\n\n<div id=\"nd_booking_archive_cpt_1_single_6224\" class=\" nd_booking_rooms_component_l3 nd_booking_masonry_item nd_booking_width_50_percentage nd_booking_float_left nd_booking_width_100_percentage_responsive\">\n\n    <div class=\"nd_booking_section nd_booking_padding_15 nd_booking_box_sizing_border_box\">\n\n        <div class=\"nd_booking_section nd_booking_border_1_solid_grey nd_booking_bg_white\">\n            \n            \n\n        <a href=\"https:\/\/adrinabeach.com\/sv\/rooms\/skopelos-hotell-sidostalld-havsutsikt-tvabaddsrum-eller-dubbelrum\/\">\n            <div class=\"nd_booking_section nd_booking_position_relative\">\n\n                <img decoding=\"async\" alt=\"\" class=\"nd_booking_section\" src=\"https:\/\/adrinabeach.com\/wp-content\/uploads\/similar_rooms\/skopelos-hotels-adrina-3-side-sea-view-double-room.jpg\">\n\n                <div class=\"nd_booking_bg_greydark_alpha_gradient_3 nd_booking_position_absolute nd_booking_left_0 nd_booking_height_100_percentage nd_booking_width_100_percentage nd_booking_padding_30 nd_booking_box_sizing_border_box\">\n                    <div class=\"nd_booking_position_absolute nd_booking_bottom_20\">\n\n\n                        <div class=\"nd_booking_display_table nd_booking_float_left\">\n                            <p class=\"nd_booking_display_table_cell nd_booking_padding_right_20 nd_booking_vertical_align_middle  nd_options_color_white nd_booking_margin_right_10  nd_booking_font_size_11 nd_booking_letter_spacing_2 nd_booking_text_transform_uppercase\">SIDOST\u00c4LLD HAVSUTSIKT TV\u00c5B\u00c4DDSRUM ELLER DUBBELRUM<\/p>\n                            <p style=\"background-color:#7f7f7f;\" class=\"nd_booking_display_table_cell nd_booking_vertical_align_middle  nd_options_color_white  nd_booking_font_size_11 nd_booking_padding_3_5 nd_booking_letter_spacing_2 nd_booking_text_transform_uppercase\">FROM  <\/p>\n                        <\/div>\n                        \n                    <\/div>\n                <\/div>\n\n            <\/div>\n        <\/a>\n\n\n    \n\n        <\/div>\n\n    <\/div>\n\n<\/div>\n\n<div id=\"nd_booking_archive_cpt_1_single_6251\" class=\" nd_booking_rooms_component_l3 nd_booking_masonry_item nd_booking_width_50_percentage nd_booking_float_left nd_booking_width_100_percentage_responsive\">\n\n    <div class=\"nd_booking_section nd_booking_padding_15 nd_booking_box_sizing_border_box\">\n\n        <div class=\"nd_booking_section nd_booking_border_1_solid_grey nd_booking_bg_white\">\n            \n            \n\n        <a href=\"https:\/\/adrinabeach.com\/sv\/rooms\/skopelos-hotell-panoramautsikt-over-havet-tvabaddsrum-eller-dubbelrum\/\">\n            <div class=\"nd_booking_section nd_booking_position_relative\">\n\n                <img decoding=\"async\" alt=\"\" class=\"nd_booking_section\" src=\"https:\/\/adrinabeach.com\/wp-content\/uploads\/similar_rooms\/skopelos-hotels-adrina-2-panoramic-sea-view-double-room.jpg\">\n\n                <div class=\"nd_booking_bg_greydark_alpha_gradient_3 nd_booking_position_absolute nd_booking_left_0 nd_booking_height_100_percentage nd_booking_width_100_percentage nd_booking_padding_30 nd_booking_box_sizing_border_box\">\n                    <div class=\"nd_booking_position_absolute nd_booking_bottom_20\">\n\n\n                        <div class=\"nd_booking_display_table nd_booking_float_left\">\n                            <p class=\"nd_booking_display_table_cell nd_booking_padding_right_20 nd_booking_vertical_align_middle  nd_options_color_white nd_booking_margin_right_10  nd_booking_font_size_11 nd_booking_letter_spacing_2 nd_booking_text_transform_uppercase\">PANORAMAUTSIKT \u00d6VER HAVET TV\u00c5B\u00c4DDSRUM ELLER DUBBELRUM<\/p>\n                            <p style=\"background-color:#7f7f7f;\" class=\"nd_booking_display_table_cell nd_booking_vertical_align_middle  nd_options_color_white  nd_booking_font_size_11 nd_booking_padding_3_5 nd_booking_letter_spacing_2 nd_booking_text_transform_uppercase\">FROM  <\/p>\n                        <\/div>\n                        \n                    <\/div>\n                <\/div>\n\n            <\/div>\n        <\/a>\n\n\n    \n\n        <\/div>\n\n    <\/div>\n\n<\/div>\n\n<div id=\"nd_booking_archive_cpt_1_single_6277\" class=\" nd_booking_rooms_component_l3 nd_booking_masonry_item nd_booking_width_50_percentage nd_booking_float_left nd_booking_width_100_percentage_responsive\">\n\n    <div class=\"nd_booking_section nd_booking_padding_15 nd_booking_box_sizing_border_box\">\n\n        <div class=\"nd_booking_section nd_booking_border_1_solid_grey nd_booking_bg_white\">\n            \n            \n\n        <a href=\"https:\/\/adrinabeach.com\/sv\/rooms\/skopelos-hotell-panorama-fullstandigt-havsutsikt-twin-eller-dubbelrum\/\">\n            <div class=\"nd_booking_section nd_booking_position_relative\">\n\n                <img decoding=\"async\" alt=\"\" class=\"nd_booking_section\" src=\"https:\/\/adrinabeach.com\/wp-content\/uploads\/similar_rooms\/skopelos-hotels-adrina-5-maisonette-panoramic-full-sea-view.jpg\">\n\n                <div class=\"nd_booking_bg_greydark_alpha_gradient_3 nd_booking_position_absolute nd_booking_left_0 nd_booking_height_100_percentage nd_booking_width_100_percentage nd_booking_padding_30 nd_booking_box_sizing_border_box\">\n                    <div class=\"nd_booking_position_absolute nd_booking_bottom_20\">\n\n\n                        <div class=\"nd_booking_display_table nd_booking_float_left\">\n                            <p class=\"nd_booking_display_table_cell nd_booking_padding_right_20 nd_booking_vertical_align_middle  nd_options_color_white nd_booking_margin_right_10  nd_booking_font_size_11 nd_booking_letter_spacing_2 nd_booking_text_transform_uppercase\">PANORAMA- FULLST\u00c4NDIGT HAVSUTSIKT TWIN ELLER DUBBELRUM<\/p>\n                            <p style=\"background-color:#7f7f7f;\" class=\"nd_booking_display_table_cell nd_booking_vertical_align_middle  nd_options_color_white  nd_booking_font_size_11 nd_booking_padding_3_5 nd_booking_letter_spacing_2 nd_booking_text_transform_uppercase\">FROM  <\/p>\n                        <\/div>\n                        \n                    <\/div>\n                <\/div>\n\n            <\/div>\n        <\/a>\n\n\n    \n\n        <\/div>\n\n    <\/div>\n\n<\/div><\/div>[\/vc_column_inner][\/vc_row_inner][\/vc_column][\/vc_row]<\/p>\n","protected":false},"excerpt":{"rendered":"<p>[vc_row][vc_column][vc_row_inner][vc_column_inner][\/vc_column_inner][\/vc_row_inner][\/vc_column][\/vc_row]<\/p>\n","protected":false},"author":1,"featured_media":0,"parent":0,"menu_order":0,"comment_status":"closed","ping_status":"closed","template":"","meta":{"footnotes":""},"class_list":["post-6428","page","type-page","status-publish","hentry"],"yoast_head":"<!-- This site is optimized with the Yoast SEO Premium plugin v15.6.2 - https:\/\/yoast.com\/wordpress\/plugins\/seo\/ -->\n<title>Skopelos Adrina Hotels, LIKNANDE RUM - Adrina Beach Hotel<\/title>\n<meta name=\"description\" content=\"Skopelos Adrina Hotels, \u03a3\u03ba\u03cc\u03c0\u03b5\u03bb\u03bf\u03c2 \u039e\u03b5\u03bd\u03bf\u03b4\u03bf\u03c7\u03b5\u03af\u03b1 \u0391\u03bd\u03c4\u03c1\u03af\u03bd\u03b1 - Adrina Beach Hotel\" \/>\n<meta name=\"robots\" content=\"index, follow, max-snippet:-1, max-image-preview:large, max-video-preview:-1\" \/>\n<link rel=\"canonical\" href=\"https:\/\/adrinabeach.com\/sv\/similar-rooms\/\" \/>\n<meta property=\"og:locale\" content=\"sv_SE\" \/>\n<meta property=\"og:type\" content=\"article\" \/>\n<meta property=\"og:title\" content=\"Skopelos Adrina Hotels, LIKNANDE RUM - Adrina Beach Hotel\" \/>\n<meta property=\"og:description\" content=\"Skopelos Adrina Hotels, \u03a3\u03ba\u03cc\u03c0\u03b5\u03bb\u03bf\u03c2 \u039e\u03b5\u03bd\u03bf\u03b4\u03bf\u03c7\u03b5\u03af\u03b1 \u0391\u03bd\u03c4\u03c1\u03af\u03bd\u03b1 - Adrina Beach Hotel\" \/>\n<meta property=\"og:url\" content=\"https:\/\/adrinabeach.com\/sv\/similar-rooms\/\" \/>\n<meta property=\"og:site_name\" content=\"Adrina Beach Hotel\" \/>\n<meta property=\"article:publisher\" content=\"https:\/\/www.facebook.com\/adrinahotelsskopelos\" \/>\n<meta property=\"article:modified_time\" content=\"2020-12-30T10:56:49+00:00\" \/>\n<meta name=\"twitter:card\" content=\"summary_large_image\" \/>\n<meta name=\"twitter:site\" content=\"@ADRINAHOTELS\" \/>\n<script type=\"application\/ld+json\" class=\"yoast-schema-graph\">{\"@context\":\"https:\/\/schema.org\",\"@graph\":[{\"@type\":\"Organization\",\"@id\":\"https:\/\/adrinabeach.com\/#organization\",\"name\":\"Adrina Beach Hotel\",\"url\":\"https:\/\/adrinabeach.com\/\",\"sameAs\":[\"https:\/\/www.facebook.com\/adrinahotelsskopelos\",\"https:\/\/www.instagram.com\/adrinahotelsskopelos\/\",\"https:\/\/www.linkedin.com\/in\/skopelos\/\",\"https:\/\/www.youtube.com\/channel\/UCYNViv2aIt05aWVDe6ekRyg\",\"https:\/\/twitter.com\/ADRINAHOTELS\"],\"logo\":{\"@type\":\"ImageObject\",\"@id\":\"https:\/\/adrinabeach.com\/#logo\",\"inLanguage\":\"sv-SE\",\"url\":\"https:\/\/adrinabeach.com\/wp-content\/uploads\/logos\/adrinabeachlogo.png\",\"width\":694,\"height\":264,\"caption\":\"Adrina Beach Hotel\"},\"image\":{\"@id\":\"https:\/\/adrinabeach.com\/#logo\"}},{\"@type\":\"WebSite\",\"@id\":\"https:\/\/adrinabeach.com\/#website\",\"url\":\"https:\/\/adrinabeach.com\/\",\"name\":\"Adrina Beach Hotel\",\"description\":\"Adrina Beach Hotel\",\"publisher\":{\"@id\":\"https:\/\/adrinabeach.com\/#organization\"},\"potentialAction\":[{\"@type\":\"SearchAction\",\"target\":\"https:\/\/adrinabeach.com\/?s={search_term_string}\",\"query-input\":\"required name=search_term_string\"}],\"inLanguage\":\"sv-SE\"},{\"@type\":\"WebPage\",\"@id\":\"https:\/\/adrinabeach.com\/sv\/similar-rooms\/#webpage\",\"url\":\"https:\/\/adrinabeach.com\/sv\/similar-rooms\/\",\"name\":\"Skopelos Adrina Hotels, LIKNANDE RUM - Adrina Beach Hotel\",\"isPartOf\":{\"@id\":\"https:\/\/adrinabeach.com\/#website\"},\"datePublished\":\"2020-12-01T11:43:49+00:00\",\"dateModified\":\"2020-12-30T10:56:49+00:00\",\"description\":\"Skopelos Adrina Hotels, \\u03a3\\u03ba\\u03cc\\u03c0\\u03b5\\u03bb\\u03bf\\u03c2 \\u039e\\u03b5\\u03bd\\u03bf\\u03b4\\u03bf\\u03c7\\u03b5\\u03af\\u03b1 \\u0391\\u03bd\\u03c4\\u03c1\\u03af\\u03bd\\u03b1 - Adrina Beach Hotel\",\"inLanguage\":\"sv-SE\",\"potentialAction\":[{\"@type\":\"ReadAction\",\"target\":[\"https:\/\/adrinabeach.com\/sv\/similar-rooms\/\"]}]}]}<\/script>\n<!-- \/ Yoast SEO Premium plugin. -->","_links":{"self":[{"href":"https:\/\/adrinabeach.com\/sv\/wp-json\/wp\/v2\/pages\/6428","targetHints":{"allow":["GET"]}}],"collection":[{"href":"https:\/\/adrinabeach.com\/sv\/wp-json\/wp\/v2\/pages"}],"about":[{"href":"https:\/\/adrinabeach.com\/sv\/wp-json\/wp\/v2\/types\/page"}],"author":[{"embeddable":true,"href":"https:\/\/adrinabeach.com\/sv\/wp-json\/wp\/v2\/users\/1"}],"replies":[{"embeddable":true,"href":"https:\/\/adrinabeach.com\/sv\/wp-json\/wp\/v2\/comments?post=6428"}],"version-history":[{"count":0,"href":"https:\/\/adrinabeach.com\/sv\/wp-json\/wp\/v2\/pages\/6428\/revisions"}],"wp:attachment":[{"href":"https:\/\/adrinabeach.com\/sv\/wp-json\/wp\/v2\/media?parent=6428"}],"curies":[{"name":"wp","href":"https:\/\/api.w.org\/{rel}","templated":true}]}}