{"id":4328,"date":"2020-12-15T14:55:27","date_gmt":"2020-12-15T12:55:27","guid":{"rendered":"https:\/\/adrinabeach.com\/skopelos-hotels-getting-here\/"},"modified":"2021-01-10T18:56:22","modified_gmt":"2021-01-10T16:56:22","slug":"skopelos-hoteli-kako-doci-do-nas","status":"publish","type":"page","link":"https:\/\/adrinabeach.com\/sr\/skopelos-hoteli-kako-doci-do-nas\/","title":{"rendered":"KAKO DO\u0106I DO NAS"},"content":{"rendered":"<p>[vc_row][vc_column]\n\t\t\t<!-- START GETTING HERE REVOLUTION SLIDER 6.2.23 --><p class=\"rs-p-wp-fix\"><\/p>\n\t\t\t<rs-module-wrap id=\"rev_slider_39_1_wrapper\" data-source=\"gallery\" style=\"background:transparent;padding:0;margin:0px auto;margin-top:0;margin-bottom:0;\">\n\t\t\t\t<rs-module id=\"rev_slider_39_1\" style=\"\" data-version=\"6.2.23\">\n\t\t\t\t\t<rs-slides>\n\t\t\t\t\t\t<rs-slide data-key=\"rs-202\" data-thumb=\"\/\/adrinabeach.com\/wp-content\/uploads\/facilities\/getting_here\/skopelos-hotels-adrina-hotels-26-100x50.jpg\" data-anim=\"ei:d;eo:d;s:800;r:0;t:fade;sl:d;\">\n\t\t\t\t\t\t\t<img loading=\"lazy\" decoding=\"async\" src=\"\/\/adrinabeach.com\/wp-content\/uploads\/facilities\/getting_here\/skopelos-hotels-adrina-hotels-26.jpg\" alt=\"skopelos hotels adrina hotels\" title=\"skopelos hotels adrina hotels\" width=\"1270\" height=\"1080\" data-parallax=\"8\" class=\"rev-slidebg\" data-no-retina>\n<!---->\t\t\t\t\t\t<\/rs-slide>\n\t\t\t\t\t\t<rs-slide data-key=\"rs-207\" data-thumb=\"\/\/adrinabeach.com\/wp-content\/uploads\/facilities\/getting_here\/skopelos-hotels-adrina-hotels-18-100x50.jpg\" data-anim=\"ei:d;eo:d;s:800;r:0;t:fade;sl:d;\">\n\t\t\t\t\t\t\t<img loading=\"lazy\" decoding=\"async\" src=\"\/\/adrinabeach.com\/wp-content\/uploads\/facilities\/getting_here\/skopelos-hotels-adrina-hotels-18.jpg\" alt=\"skopelos hotels adrina hotels\" title=\"skopelos hotels adrina hotels\" width=\"1630\" height=\"1080\" data-parallax=\"8\" class=\"rev-slidebg\" data-no-retina>\n<!---->\t\t\t\t\t\t<\/rs-slide>\n\t\t\t\t\t\t<rs-slide data-key=\"rs-208\" data-thumb=\"\/\/adrinabeach.com\/wp-content\/uploads\/facilities\/getting_here\/skopelos-hotels-adrina-hotels-15-100x50.jpg\" data-anim=\"ei:d;eo:d;s:800;r:0;t:fade;sl:d;\">\n\t\t\t\t\t\t\t<img loading=\"lazy\" decoding=\"async\" src=\"\/\/adrinabeach.com\/wp-content\/uploads\/facilities\/getting_here\/skopelos-hotels-adrina-hotels-15.jpg\" alt=\"skopelos hotels adrina hotels\" title=\"skopelos hotels adrina hotels\" width=\"1625\" height=\"1080\" data-parallax=\"8\" class=\"rev-slidebg\" data-no-retina>\n<!---->\t\t\t\t\t\t<\/rs-slide>\n\t\t\t\t\t<\/rs-slides>\n\t\t\t\t\t<rs-static-layers><!--\n\n\t\t\t\t\t\t\t--><rs-layer\n\t\t\t\t\t\t\t\tid=\"slider-39-slide-36-layer-0\" \n\t\t\t\t\t\t\t\tclass=\"rev-scroll-btn rev-b-span-light rs-layer-static\"\n\t\t\t\t\t\t\t\tdata-type=\"button\"\n\t\t\t\t\t\t\t\tdata-xy=\"x:c;yo:691px,661px,870px,602px;\"\n\t\t\t\t\t\t\t\tdata-text=\"w:normal;s:17,14,10,9;l:20,16,12,10;ls:1,0,0,0;\"\n\t\t\t\t\t\t\t\tdata-dim=\"w:35px,28px,21px,15px;h:55px,45px,34px,28px;minw:35px,none,none,none;minh:55px,none,none,none;\"\n\t\t\t\t\t\t\t\tdata-actions='o:click;a:scrollbelow;sp:1000ms;e:power1.inOut;'\n\t\t\t\t\t\t\t\tdata-rsp_bd=\"off\"\n\t\t\t\t\t\t\t\tdata-onslides=\"s:1;\"\n\t\t\t\t\t\t\t\tdata-padding=\"t:22,18,14,13;r:14,12,9,9;b:22,18,14,13;l:14,12,9,9;\"\n\t\t\t\t\t\t\t\tdata-border=\"bos:solid;boc:rgba(255,255,255,0.75);bow:3px,3px,3px,3px;bor:23px,23px,23px,23px;\"\n\t\t\t\t\t\t\t\tdata-frame_0=\"x:0,0,0,0px;y:0,0,0,0px;\"\n\t\t\t\t\t\t\t\tdata-frame_1=\"x:0,0,0,0px;y:0,0,0,0px;\"\n\t\t\t\t\t\t\t\tdata-frame_999=\"o:0;st:w;\"\n\t\t\t\t\t\t\t\tstyle=\"z-index:5;font-family:Roboto;text-transform:uppercase;\"\n\t\t\t\t\t\t\t><span><\/span><span><\/span><span><\/span> \n\t\t\t\t\t\t\t<\/rs-layer><!--\n\t\t\t\t\t--><\/rs-static-layers>\n\t\t\t\t<\/rs-module>\n\t\t\t\t<script type=\"text\/javascript\">\n\t\t\t\t\tsetREVStartSize({c: 'rev_slider_39_1',rl:[1240,1024,778,480],el:[800,768,960,720],gw:[1240,1024,778,480],gh:[800,768,960,720],type:'standard',justify:'',layout:'fullwidth',mh:\"0\"});\n\t\t\t\t\tvar\trevapi39,\n\t\t\t\t\t\ttpj;\n\t\t\t\t\tfunction revinit_revslider391() {\n\t\t\t\t\tjQuery(function() {\n\t\t\t\t\t\ttpj = jQuery;\n\t\t\t\t\t\trevapi39 = tpj(\"#rev_slider_39_1\");\n\t\t\t\t\t\tif(revapi39==undefined || revapi39.revolution == undefined){\n\t\t\t\t\t\t\trevslider_showDoubleJqueryError(\"rev_slider_39_1\");\n\t\t\t\t\t\t}else{\n\t\t\t\t\t\t\trevapi39.revolution({\n\t\t\t\t\t\t\t\tsliderLayout:\"fullwidth\",\n\t\t\t\t\t\t\t\tvisibilityLevels:\"1240,1024,778,480\",\n\t\t\t\t\t\t\t\tgridwidth:\"1240,1024,778,480\",\n\t\t\t\t\t\t\t\tgridheight:\"800,768,960,720\",\n\t\t\t\t\t\t\t\tspinner:\"spinner3\",\n\t\t\t\t\t\t\t\tperspective:600,\n\t\t\t\t\t\t\t\tperspectiveType:\"local\",\n\t\t\t\t\t\t\t\teditorheight:\"800,768,960,720\",\n\t\t\t\t\t\t\t\tresponsiveLevels:\"1240,1024,778,480\",\n\t\t\t\t\t\t\t\tprogressBar:{disableProgressBar:true},\n\t\t\t\t\t\t\t\tnavigation: {\n\t\t\t\t\t\t\t\t\tkeyboardNavigation:true,\n\t\t\t\t\t\t\t\t\tonHoverStop:false,\n\t\t\t\t\t\t\t\t\ttouch: {\n\t\t\t\t\t\t\t\t\t\ttouchenabled:true,\n\t\t\t\t\t\t\t\t\t\ttouchOnDesktop:true\n\t\t\t\t\t\t\t\t\t},\n\t\t\t\t\t\t\t\t\tarrows: {\n\t\t\t\t\t\t\t\t\t\tenable:true,\n\t\t\t\t\t\t\t\t\t\tstyle:\"uranus\",\n\t\t\t\t\t\t\t\t\t\tleft: {\n\n\t\t\t\t\t\t\t\t\t\t},\n\t\t\t\t\t\t\t\t\t\tright: {\n\n\t\t\t\t\t\t\t\t\t\t}\n\t\t\t\t\t\t\t\t\t},\n\t\t\t\t\t\t\t\t\tbullets: {\n\t\t\t\t\t\t\t\t\t\tenable:true,\n\t\t\t\t\t\t\t\t\t\ttmp:\"\",\n\t\t\t\t\t\t\t\t\t\tstyle:\"bullet-bar\",\n\t\t\t\t\t\t\t\t\t\tv_offset:30\n\t\t\t\t\t\t\t\t\t}\n\t\t\t\t\t\t\t\t},\n\t\t\t\t\t\t\t\tparallax: {\n\t\t\t\t\t\t\t\t\tlevels:[5,10,15,20,25,30,35,40,45,46,47,48,49,50,51,55],\n\t\t\t\t\t\t\t\t\ttype:\"scroll\",\n\t\t\t\t\t\t\t\t\torigo:\"slidercenter\"\n\t\t\t\t\t\t\t\t},\n\t\t\t\t\t\t\t\tfallbacks: {\n\t\t\t\t\t\t\t\t\tallowHTML5AutoPlayOnAndroid:true\n\t\t\t\t\t\t\t\t},\n\t\t\t\t\t\t\t});\n\t\t\t\t\t\t\tvar ua = window.navigator.userAgent;\nvar msie = ua.indexOf(\"MSIE \");\n\nif(msie > 0 || !!navigator.userAgent.match(\/Trident.*rv\\:11\\.\/) || ('CSS' in window && 'supports' in window.CSS && !window.CSS.supports('mix-blend-mode', 'screen'))) {\n \n var bgColor = 'rgba(245, 245, 245, 0.5)';\n \/\/jQuery('.rev_slider .rs-layer[data-blendmode]').removeAttr('data-blendmode').css('background', bgColor);\n jQuery('.rev_slider .rs-layer[data-blendmode]').remove();\n}\n\t\t\t\t\t\t}\n\t\t\t\t\t\t\n\t\t\t\t\t});\n\t\t\t\t\t} \/\/ End of RevInitScript\n\t\t\t\tvar once_revslider391 = false;\n\t\t\t\tif (document.readyState === \"loading\") {document.addEventListener('readystatechange',function() { if((document.readyState === \"interactive\" || document.readyState === \"complete\") && !once_revslider391 ) { once_revslider391 = true; revinit_revslider391();}});} else {once_revslider391 = true; revinit_revslider391();}\n\t\t\t\t<\/script>\n\t\t\t\t<script>\n\t\t\t\t\tvar htmlDivCss = '\t#rev_slider_39_1_wrapper rs-loader.spinner3 div { background-color: #FFFFFF !important; } ';\n\t\t\t\t\tvar htmlDiv = document.getElementById('rs-plugin-settings-inline-css');\n\t\t\t\t\tif(htmlDiv) {\n\t\t\t\t\t\thtmlDiv.innerHTML = htmlDiv.innerHTML + htmlDivCss;\n\t\t\t\t\t}else{\n\t\t\t\t\t\tvar htmlDiv = document.createElement('div');\n\t\t\t\t\t\thtmlDiv.innerHTML = '<style>' + htmlDivCss + '<\/style>';\n\t\t\t\t\t\tdocument.getElementsByTagName('head')[0].appendChild(htmlDiv.childNodes[0]);\n\t\t\t\t\t}\n\t\t\t\t<\/script>\n\t\t\t\t<script>\n\t\t\t\t\tvar htmlDivCss = unescape(\"%23rev_slider_39_1_wrapper%20.uranus.tparrows%20%7B%0A%20%20width%3A50px%3B%0A%20%20height%3A50px%3B%0A%20%20background%3Argba%28255%2C255%2C255%2C0%29%3B%0A%20%7D%0A%20%23rev_slider_39_1_wrapper%20.uranus.tparrows%3Abefore%20%7B%0A%20width%3A50px%3B%0A%20height%3A50px%3B%0A%20line-height%3A50px%3B%0A%20font-size%3A40px%3B%0A%20transition%3Aall%200.3s%3B%0A-webkit-transition%3Aall%200.3s%3B%0A%20%7D%0A%20%0A%20%20%23rev_slider_39_1_wrapper%20.uranus.tparrows%3Ahover%3Abefore%20%7B%0A%20%20%20%20opacity%3A0.75%3B%0A%20%20%7D%0A.bullet-bar.tp-bullets%20%7B%0A%7D%0A.bullet-bar.tp-bullets%3Abefore%20%7B%0A%09content%3A%22%20%22%3B%0A%09position%3Aabsolute%3B%0A%09width%3A100%25%3B%0A%09height%3A100%25%3B%0A%09background%3Atransparent%3B%0A%09padding%3A10px%3B%0A%09margin-left%3A-10px%3Bmargin-top%3A-10px%3B%0A%09box-sizing%3Acontent-box%3B%0A%7D%0A.bullet-bar%20.tp-bullet%20%7B%0A%09width%3A60px%3B%0A%09height%3A3px%3B%0A%09position%3Aabsolute%3B%0A%09background%3A%23aaa%3B%0A%20%20%20%20background%3Argba%28204%2C204%2C204%2C0.5%29%3B%0A%09cursor%3A%20pointer%3B%0A%09box-sizing%3Acontent-box%3B%0A%7D%0A.bullet-bar%20.tp-bullet%3Ahover%2C%0A.bullet-bar%20.tp-bullet.selected%20%7B%0A%09%20background%3Argba%28204%2C204%2C204%2C1%29%3B%0A%7D%0A.bullet-bar%20.tp-bullet-image%20%7B%0A%7D%0A.bullet-bar%20.tp-bullet-title%20%7B%0A%7D%0A%0A\");\n\t\t\t\t\tvar htmlDiv = document.getElementById('rs-plugin-settings-inline-css');\n\t\t\t\t\tif(htmlDiv) {\n\t\t\t\t\t\thtmlDiv.innerHTML = htmlDiv.innerHTML + htmlDivCss;\n\t\t\t\t\t}else{\n\t\t\t\t\t\tvar htmlDiv = document.createElement('div');\n\t\t\t\t\t\thtmlDiv.innerHTML = '<style>' + htmlDivCss + '<\/style>';\n\t\t\t\t\t\tdocument.getElementsByTagName('head')[0].appendChild(htmlDiv.childNodes[0]);\n\t\t\t\t\t}\n\t\t\t\t<\/script>\n\t\t\t\t<script>\n\t\t\t\t\tvar htmlDivCss = unescape(\"%0A%0A%0A%0A%0A%0A\");\n\t\t\t\t\tvar htmlDiv = document.getElementById('rs-plugin-settings-inline-css');\n\t\t\t\t\tif(htmlDiv) {\n\t\t\t\t\t\thtmlDiv.innerHTML = htmlDiv.innerHTML + htmlDivCss;\n\t\t\t\t\t}else{\n\t\t\t\t\t\tvar htmlDiv = document.createElement('div');\n\t\t\t\t\t\thtmlDiv.innerHTML = '<style>' + htmlDivCss + '<\/style>';\n\t\t\t\t\t\tdocument.getElementsByTagName('head')[0].appendChild(htmlDiv.childNodes[0]);\n\t\t\t\t\t}\n\t\t\t\t<\/script>\n\t\t\t<\/rs-module-wrap>\n\t\t\t<!-- END REVOLUTION SLIDER -->\n<div style=\"background-color:;height: 25px\" class=\"nicdark_section  \"><\/div>[\/vc_column][\/vc_row][vc_row css_animation=&#8221;fadeInUp&#8221;][vc_column width=&#8221;2\/3&#8243;][vc_row_inner][vc_column_inner][vc_column_text]<\/p>\n<h2>KAKO DO\u0106I DO NAS<\/h2>\n<div id=\"gtx-trans\" style=\"position: absolute; left: 135px; top: -10px;\">\n<div class=\"gtx-trans-icon\"><\/div>\n<\/div>\n<p>[\/vc_column_text]<div style=\"background-color:;height: 25px\" class=\"nicdark_section  \"><\/div>[vc_column_text]Kako doc\u0301i do Skopelosa \u2013 Informacije \u2013 Prevoz[\/vc_column_text][\/vc_column_inner][\/vc_row_inner][vc_row_inner][vc_column_inner css=&#8221;.vc_custom_1607330987558{padding-top: 30px !important;padding-right: 30px !important;padding-bottom: 15px !important;padding-left: 30px !important;background-color: #ffffff !important;}&#8221; offset=&#8221;vc_col-xs-12&#8243;][vc_column_text el_class=&#8221;hotel-text&#8221;]<strong>Korisne informacije<\/strong><\/p>\n<p>a) Brodske Kompanije objavljuju svoj red vo\u017enje svake godine posle 1og maja i potvr\u0111uju ih po\u010detkom juna. Mnogi putnici na Skopelos ili Alonisos rezervi\u0161u sme\u0161taj ranije i \u010dekaju do maja \u2013 juna da izdaju karte preko interneta<\/p>\n<p>b) Izme\u0111u 15\/06 \u2013 15\/09 najbolji (i najskuplji) na\u010din da doputujete na Skopelos je letom za Skiatos, taksijem do luke Skiatosa (5 minuta) i trajektom do Skopelosa. Nije potrebna prethodna rezervacija taksija u Skiatosu. Ukoliko \u017eelite da predjete na Skopelos, potrebno je da prona\u0111ete let koji sti\u017ee \u0161to ranije i odlazi \u0161to kasnije sa Skiatosa. Na ovaj na\u010din imate najvi\u0161e \u0161ansi da uhvatite na vreme brodsku vezu izme\u0111u ova dva ostrva.[\/vc_column_text][\/vc_column_inner][\/vc_row_inner]<div style=\"background-color:;height: 20px\" class=\"nicdark_section  \"><\/div>[vc_toggle title=&#8221;\u041f\u0420\u041e\u0427\u0418\u0422\u0410\u0408 \u0408\u041e\u0428&#8221;]Mo\u017eete da rezervi\u0161ete morski taksi od Skiatosa do Skopelosa. Ko\u0161ta 150.00 evra za 1-4 osobe i za svaku dodatnu osobu +20.00 evra. Putovanje traje 20-25 minuta do Adrine. Pozovite Dimitrisa na brojeve telefona +306980200200 ili +306976806938. On mo\u017ee i da vam rezervi\u0161e taksi koji \u0107e vas \u010dekati na aerodromu i odvesti do morskog taksija. Vo\u017enja ko\u0161ta 12.00 evra sa rezervacijom, od 8.00 do 9.00 evra bez rezervacije.<\/p>\n<p>c) Ako putujete u julu ili avgustu preporu\u010dujemo da izvadite i povratnu kartu. Imajte na umu da promena karata snosi malu kaznu, a mo\u017eda ih nec\u0301e biti na raspolaganju kada se predomislite.<\/p>\n<p>d) Ostrvo Skopelos ima dve luke \u2013 \u2018Glossa\u2019 (ili Lutraki) i \u2018Skopelos\u2019 (Hora). Cene karata za ove dve luke su razli\u010dite. Obe su na istoj razdaljini od hotela Adrina Beach i Adrina Resort, tako da je po\u017eeljno da izaberete luku \u2018Glossa\u2019, jer je prva stanica na ostrvu.<\/p>\n<p>e) Postoje svakodnevne rute iz Agios Konstantinosa i Volosa za luku Glossa. Tokom zimskog perioda se obustavljaju svakodnevne rute i nema trajekta iz Agios Konstantinosa<\/p>\n<p>f) Ukoliko dolazite iz Atine, mo\u017eete isploviti iz slede\u0107ih luka:<\/p>\n<p>i)Ag. Konstantinos<\/p>\n<p>ii)Matoudi Euvoias<\/p>\n<p>iii)Kimi Euvoias<\/p>\n<p>f1) Brzi trajekti i brodovi isplovljavaju iz luke Ag.Konstantinos svakodnevno i pripadaju kompanijama Hellenic Seaways i\u00a0 Aegean Flying Dolphins.<\/p>\n<p>Ukoliko ste zainteresovani za red vo\u017enje kompanije Hellenic Seaways, mo\u017eete se obratiti agenciji Alkyon Travel, u ulici Akadimias (\u0391\u03ba\u03b1\u03b4\u03b7\u03bc\u03af\u03b1\u03c2) 97, na trgu Kaningos (\u039a\u03ac\u03bd\u03b9\u03b3\u03b3\u03bf\u03c2) u Atini, telefon +30 2103832545.<\/p>\n<p>Ukoliko ste zainteresovani za red vo\u017enje kompanije Aegean Flying Dolphins, mo\u017eete se obratiti agenciji Jeta Tours, Nikis (\u039d\u03af\u03ba\u03b7\u03c2) 54, trg Sintagma (\u03a3\u03cd\u03bd\u03c4\u03b1\u03b3\u03bc\u03b1), Atina, telefon +30 2103227353. Obe agencije pru\u017eaju uslugu autobuskog prevoza uskla\u0111enog sa vremenom polaska broda ili brzog trajekta.<\/p>\n<p>f2) Iz mesta Matoudi Euvoias, plovi brod kompanije \u0391\u039d\u0395\u03a3. Do mesta Madoudi iz Atine mo\u017eete do\u0107i autobusom \u010dije je vreme polaska tako\u0111e uskla\u0111eno s vremenom polaska broda.<\/p>\n<p>f3) Iz mesta Kimi Euvoias plovi brod kompanije SNE.<\/p>\n<p>Ukoliko putujete iz Atine mo\u017eete svoju kartu obezbediti u agenciji Alkyon Travel, u ulici Akadimias (\u0391\u03ba\u03b1\u03b4\u03b7\u03bc\u03af\u03b1\u03c2) 97, na trgu Kaningos (\u039a\u03ac\u03bd\u03b9\u03b3\u03b3\u03bf\u03c2).Ova agencija obezbe\u0111uje prevoz autobusom uskla\u0111enim sa vremenom polaska broda ili brzog trajekta.Ukoliko ne \u017eelite da dolazite u centar Atine kako biste kupili kartu, predla\u017eemo Vam da nekoliko dana pre polaska kontaktirate agencije u mestu Ag. Konstantinos (Alkyon Travel +30 2235031989 ili Bilalis Travel +30 2235031874) kako biste rezervisali Va\u0161u kartu.<\/p>\n<p>Ove agencije \u0107e stupiti u kontakt sa agencijama u Atini, i dogovoriti detalje Va\u0161e rezervacije tako da je potrebno da do trga Kaningos ili Sintagma odete samo u momentu Va\u0161eg polaska za Ag.Konstantinos. Postoji mogu\u0107nost da u autobus u\u0111ete na jo\u0161 jednoj stanici na autoputu (stanica Kaliftaki) koja opslu\u017euje severna prigradska naselja Atine, ali je za nju neophodna potvrda.<\/p>\n<p>Ukoliko imate automobil i \u017eelite da do\u0111ete njime, mo\u017eete rezervisati Va\u0161e karte u agencijama u mestu Ag.Kostantinos i preuzmeti ih po Va\u0161em dolasku na lice mesta.<\/p>\n<p>g) Najsigurniji put od Soluna je preko luke u Volosu, od koje postoje svakodnevne linije za Sporades-sklop ostrva kome pripada Skopelos-(leti i zimi).<\/p>\n<p>Ako \u017eelite putem od Soluna do Volosa i obrnuto, mo\u017eete da iznajmite automobil ili minibus ovde: www.avis.gr. Nakon konsultacije sa agencijom, mo\u017eete isporu\u010diti vozilo na krajnjoj destinaciji njihovom predstavniku<\/p>\n<p>h) Ako dolazite vozom do Volosa ili Soluna koristite samo Intercity. Samo IC vas vozi direktno do krajnje destinacije bez usputnih stanica i naknadnih tro\u0161kova<\/p>\n<p>i) Zimi se obustavljaju trajekti iz Agios Konstantinosa. Ukoliko \u017eelite da do\u0111ete na Sporades va\u0161im automobilom, morate pre\u0107i do luke u Volosu. U Agios Konstantinosu se tako\u0111e smanjuje red vo\u017enje gliserima na 2 do 3 nedeljno.<\/p>\n<p><strong>Pristupa\u010dnost iz drugih zemalja<\/strong><\/p>\n<p>a) ukoliko letite avionom, sti\u0107i \u0107ete \u010darter letom na aerodrom Skijatosa \u2013 taksi do luke Skijatosa (5 minuta) \u2013 brod ili brzi trajekt do ostrva Skopelos \u2013 Alonisos.<\/p>\n<p>b) \u010darter ili redovni let do Atine \u2013 let do aerodroma Skijatos iz Atine (35 minuta) \u2013 taksi do luke Skijatosa (5 minuta) \u2013 brzi trajekt do luke Glossa (20 minuta) ili luke Skopelos (do 45 minuta).<\/p>\n<p>c) \u010darter ili redovni let do Atine \u2013 taksi do ulice Akadimias 97 i agencije Alkyon Travel. Agencia Minoan lines se nalazi odmah pored i odatle polazi turisti\u010dki autobus koji Vas vozi do luke Ag.Konstantinosa odakle \u0107ete se ukrcati na brzi trajekt. \u2013 Brod ili brzi trajekt do ostrva Skopelos \u2013 Alonisos.<\/p>\n<p>d) \u010darter ili redovni let do Soluna \u2013 autobus ili taksi do luke Soluna \u2013 Brod ili brzi trajekt do luka na ostrvima Skijatos i Skopelos.<\/p>\n<p>e) \u010darter ili redovni let do Soluna \u2013 autobus ili voz do luke Volos \u2013 Brod ili brzi trajekt do luka na ostrvima Skijatos i Skopelos.<\/p>\n<p>f) Privatnim automobilom iz Italije (ka Patri i Igumenici) \u2013 preko kopnenog dela Gr\u010dke do luke Ag. Konstantinos \u2013 Brod ili brzi trajekt do luka na ostrvima Skijatos i Skopelos i Alonisos<\/p>\n<p>g) Privatnim automobilom iz Italije (ka Patri i Igumenici) \u2013 preko kopnenog dela Gr\u010dke do luke Volos \u2013 Brod ili brzi trajekt do luka na ostrvima Skijatos i Skopelos i Alonisos<\/p>\n<p><strong>Pristup iz Gr\u010dke<\/strong><\/p>\n<p>a) Od Atine do Skiatosa avionom je najskuplje re\u0161enje, ali put traje samo 35-45 minuta. Iz luke na Skiatosu (5 minuta taksijem od aerodroma), mo\u017eete gliserom ili trajektom do Glosse \u2013 Skopelosa.<\/p>\n<p>b) Od Atine do Agios Konstantinosa: Autobusom ili taksijem do agencije Alkyon Travel, ul. Akadimias 97, trg Kaningos. Autobusom do Agios Konstantinosa i morskom vezom gliserima\/trajektima za Sporades.<\/p>\n<p>c) Od Atine do Volosa autom (3 sata i 30 minuta) ili autobusom (KTEL) (4 sata i 30 minuta) \u2013 Morskom vezom gliserima\/trajektima za Sporades.<\/p>\n<p>d) Od Atine do Volosa vozom (Intercity 4 sata i 30 minuta) \u2013 Morskom vezom gliserima\/trajektima za Sporades<\/p>\n<p>e) Od Soluna do Volosa vozom ili autobusom (KTEL) (3 sata) \u2013 Morskom vezom gliserima\/trajektima za Sporades<\/p>\n<p>g) Od luke u Solunu (Samo od juna do sredine septembra i ne svake godine) \u2013 Morskom vezom gliserima\/trajektima za Sporades<\/p>\n<p>VI\u0160E INFORMACIJA MO\u017dETE NA\u0106I NA INTERNET STRANICI\u00a0 www.skopelos.com[\/vc_toggle]<div style=\"background-color:;height: 35px\" class=\"nicdark_section  \"><\/div>[\/vc_column][vc_column width=&#8221;1\/3&#8243;][vc_single_image image=&#8221;2251&#8243; img_size=&#8221;medium&#8221; alignment=&#8221;center&#8221; onclick=&#8221;custom_link&#8221; link=&#8221;https:\/\/adrinabeach.reserve-online.net\/&#8221;]<div style=\"background-color:;height: 40px\" class=\"nicdark_section  \"><\/div>[\/vc_column][\/vc_row][vc_row full_width=&#8221;stretch_row_content&#8221;][vc_column offset=&#8221;vc_hidden-lg&#8221; css=&#8221;.vc_custom_1609750836761{padding-right: 5px !important;padding-left: 5px !important;}&#8221;][vc_raw_html]JTVCcGFubyUyMGZpbGUlM0QlMjJodHRwcyUzQSUyRiUyRmFkcmluYWJlYWNoLmNvbSUyRjM2MCUyRkFkcmluYV9CZWFjaC5odG1sJTNGcyUzRHBhbm8xMCUyNnNraXBpbnRybyUzRHRydWUlMjIlMjB3aWR0aCUzRCUyMjEwMCUyNSUyMiUyMGhlaWdodCUzRCUyMjUwMHB4JTIyJTVE[\/vc_raw_html]<div style=\"background-color:;height: 25px\" class=\"nicdark_section  \"><\/div>[\/vc_column][\/vc_row][vc_row css_animation=&#8221;fadeInUp&#8221;][vc_column width=&#8221;2\/3&#8243; offset=&#8221;vc_col-sm-offset-0&#8243;][vc_row_inner][vc_column_inner offset=&#8221;vc_hidden-md vc_hidden-sm vc_hidden-xs&#8221;][vc_raw_html]JTVCcGFubyUyMGZpbGUlM0QlMjJodHRwcyUzQSUyRiUyRmFkcmluYWJlYWNoLmNvbSUyRjM2MCUyRkFkcmluYV9CZWFjaC5odG1sJTNGcyUzRHBhbm8xMCUyNnNraXBpbnRybyUzRHRydWUlMjIlMjB3aWR0aCUzRCUyMjEwMCUyNSUyMiUyMGhlaWdodCUzRCUyMjUwMHB4JTIyJTVE[\/vc_raw_html][\/vc_column_inner][\/vc_row_inner][\/vc_column][vc_column width=&#8221;1\/3&#8243;][vc_row_inner][vc_column_inner]<div style=\"background-color:;height: 20px\" class=\"nicdark_section  \"><\/div> <h5 style=\"color:#7f7f7f;padding:px;text-align:center;font-size:12px;line-height:12px;letter-spacing: 2px;font-weight:lighter\" class=\"   nd_options_second_font \">CONTACT<\/h5> <div style=\"background-color:;height: 10px\" class=\"nicdark_section  \"><\/div> <h2 style=\"color:#7f7f7f;padding:px;text-align:center;font-size:25px;line-height:25px;letter-spacing: px;font-weight:normal\" class=\"   nd_options_first_font \">Get In Touch<\/h2> <div style=\"background-color:;height: 20px\" class=\"nicdark_section  \"><\/div>[\/vc_column_inner][\/vc_row_inner][vc_row_inner][vc_column_inner offset=&#8221;vc_col-sm-offset-0&#8243;][vc_acf field_group=&#8221;5338&#8243; field_from_5338=&#8221;field_5fdf374e24488&#8243; field_from_2263=&#8221;field_5fccad849934f&#8221;][\/vc_column_inner][\/vc_row_inner][\/vc_column][\/vc_row][vc_row][vc_column]<div style=\"background-color:;height: 40px\" class=\"nicdark_section  \"><\/div>[\/vc_column][\/vc_row]<\/p>\n","protected":false},"excerpt":{"rendered":"<p>[vc_row][vc_column][\/vc_column][\/vc_row][vc_row css_animation=&#8221;fadeInUp&#8221;][vc_column width=&#8221;2\/3&#8243;][vc_row_inner][vc_column_inner][vc_column_text] KAKO DO\u0106I DO NAS [\/vc_column_text][vc_column_text]Kako doc\u0301i do Skopelosa \u2013 Informacije \u2013 Prevoz[\/vc_column_text][\/vc_column_inner][\/vc_row_inner][vc_row_inner][vc_column_inner css=&#8221;.vc_custom_1607330987558{padding-top: 30px !important;padding-right: 30px !important;padding-bottom: 15px !important;padding-left: 30px !important;background-color: #ffffff !important;}&#8221; offset=&#8221;vc_col-xs-12&#8243;][vc_column_text el_class=&#8221;hotel-text&#8221;]Korisne informacije a) Brodske Kompanije objavljuju svoj red vo\u017enje svake godine posle 1og maja i potvr\u0111uju ih po\u010detkom juna. Mnogi putnici na Skopelos ili Alonisos rezervi\u0161u sme\u0161taj ranije [&hellip;]<\/p>\n","protected":false},"author":1,"featured_media":0,"parent":0,"menu_order":0,"comment_status":"closed","ping_status":"closed","template":"","meta":{"footnotes":""},"class_list":["post-4328","page","type-page","status-publish","hentry"],"yoast_head":"<!-- This site is optimized with the Yoast SEO Premium plugin v15.6.2 - https:\/\/yoast.com\/wordpress\/plugins\/seo\/ -->\n<title>Skopelos Adrina Hotels, KAKO DO\u0106I DO NAS - Adrina Beach Hotel<\/title>\n<meta name=\"description\" content=\"Skopelos Adrina Hotels, \u03a3\u03ba\u03cc\u03c0\u03b5\u03bb\u03bf\u03c2 \u039e\u03b5\u03bd\u03bf\u03b4\u03bf\u03c7\u03b5\u03af\u03b1 \u0391\u03bd\u03c4\u03c1\u03af\u03bd\u03b1 - Adrina Beach Hotel\" \/>\n<meta name=\"robots\" content=\"index, follow, max-snippet:-1, max-image-preview:large, max-video-preview:-1\" \/>\n<link rel=\"canonical\" href=\"https:\/\/adrinabeach.com\/sr\/skopelos-hoteli-kako-doci-do-nas\/\" \/>\n<meta property=\"og:locale\" content=\"sr_RS\" \/>\n<meta property=\"og:type\" content=\"article\" \/>\n<meta property=\"og:title\" content=\"Skopelos Adrina Hotels, KAKO DO\u0106I DO NAS - Adrina Beach Hotel\" \/>\n<meta property=\"og:description\" content=\"Skopelos Adrina Hotels, \u03a3\u03ba\u03cc\u03c0\u03b5\u03bb\u03bf\u03c2 \u039e\u03b5\u03bd\u03bf\u03b4\u03bf\u03c7\u03b5\u03af\u03b1 \u0391\u03bd\u03c4\u03c1\u03af\u03bd\u03b1 - Adrina Beach Hotel\" \/>\n<meta property=\"og:url\" content=\"https:\/\/adrinabeach.com\/sr\/skopelos-hoteli-kako-doci-do-nas\/\" \/>\n<meta property=\"og:site_name\" content=\"Adrina Beach Hotel\" \/>\n<meta property=\"article:publisher\" content=\"https:\/\/www.facebook.com\/adrinahotelsskopelos\" \/>\n<meta property=\"article:modified_time\" content=\"2021-01-10T16:56:22+00:00\" \/>\n<meta name=\"twitter:card\" content=\"summary_large_image\" \/>\n<meta name=\"twitter:site\" content=\"@ADRINAHOTELS\" \/>\n<meta name=\"twitter:label1\" content=\"\u041f\u0440\u043e\u0446\u0435\u045a\u0435\u043d\u043e \u0432\u0440\u0435\u043c\u0435 \u0447\u0438\u0442\u0430\u045a\u0430\">\n\t<meta name=\"twitter:data1\" content=\"8 \u043c\u0438\u043d\u0443\u0442\u0430\">\n<script type=\"application\/ld+json\" class=\"yoast-schema-graph\">{\"@context\":\"https:\/\/schema.org\",\"@graph\":[{\"@type\":\"Organization\",\"@id\":\"https:\/\/adrinabeach.com\/#organization\",\"name\":\"Adrina Beach Hotel\",\"url\":\"https:\/\/adrinabeach.com\/\",\"sameAs\":[\"https:\/\/www.facebook.com\/adrinahotelsskopelos\",\"https:\/\/www.instagram.com\/adrinahotelsskopelos\/\",\"https:\/\/www.linkedin.com\/in\/skopelos\/\",\"https:\/\/www.youtube.com\/channel\/UCYNViv2aIt05aWVDe6ekRyg\",\"https:\/\/twitter.com\/ADRINAHOTELS\"],\"logo\":{\"@type\":\"ImageObject\",\"@id\":\"https:\/\/adrinabeach.com\/#logo\",\"inLanguage\":\"sr-RS\",\"url\":\"https:\/\/adrinabeach.com\/wp-content\/uploads\/logos\/adrinabeachlogo.png\",\"width\":694,\"height\":264,\"caption\":\"Adrina Beach Hotel\"},\"image\":{\"@id\":\"https:\/\/adrinabeach.com\/#logo\"}},{\"@type\":\"WebSite\",\"@id\":\"https:\/\/adrinabeach.com\/#website\",\"url\":\"https:\/\/adrinabeach.com\/\",\"name\":\"Adrina Beach Hotel\",\"description\":\"Adrina Beach Hotel\",\"publisher\":{\"@id\":\"https:\/\/adrinabeach.com\/#organization\"},\"potentialAction\":[{\"@type\":\"SearchAction\",\"target\":\"https:\/\/adrinabeach.com\/?s={search_term_string}\",\"query-input\":\"required name=search_term_string\"}],\"inLanguage\":\"sr-RS\"},{\"@type\":\"WebPage\",\"@id\":\"https:\/\/adrinabeach.com\/sr\/skopelos-hoteli-kako-doci-do-nas\/#webpage\",\"url\":\"https:\/\/adrinabeach.com\/sr\/skopelos-hoteli-kako-doci-do-nas\/\",\"name\":\"Skopelos Adrina Hotels, KAKO DO\\u0106I DO NAS - Adrina Beach Hotel\",\"isPartOf\":{\"@id\":\"https:\/\/adrinabeach.com\/#website\"},\"datePublished\":\"2020-12-15T12:55:27+00:00\",\"dateModified\":\"2021-01-10T16:56:22+00:00\",\"description\":\"Skopelos Adrina Hotels, \\u03a3\\u03ba\\u03cc\\u03c0\\u03b5\\u03bb\\u03bf\\u03c2 \\u039e\\u03b5\\u03bd\\u03bf\\u03b4\\u03bf\\u03c7\\u03b5\\u03af\\u03b1 \\u0391\\u03bd\\u03c4\\u03c1\\u03af\\u03bd\\u03b1 - Adrina Beach Hotel\",\"inLanguage\":\"sr-RS\",\"potentialAction\":[{\"@type\":\"ReadAction\",\"target\":[\"https:\/\/adrinabeach.com\/sr\/skopelos-hoteli-kako-doci-do-nas\/\"]}]}]}<\/script>\n<!-- \/ Yoast SEO Premium plugin. -->","_links":{"self":[{"href":"https:\/\/adrinabeach.com\/sr\/wp-json\/wp\/v2\/pages\/4328","targetHints":{"allow":["GET"]}}],"collection":[{"href":"https:\/\/adrinabeach.com\/sr\/wp-json\/wp\/v2\/pages"}],"about":[{"href":"https:\/\/adrinabeach.com\/sr\/wp-json\/wp\/v2\/types\/page"}],"author":[{"embeddable":true,"href":"https:\/\/adrinabeach.com\/sr\/wp-json\/wp\/v2\/users\/1"}],"replies":[{"embeddable":true,"href":"https:\/\/adrinabeach.com\/sr\/wp-json\/wp\/v2\/comments?post=4328"}],"version-history":[{"count":0,"href":"https:\/\/adrinabeach.com\/sr\/wp-json\/wp\/v2\/pages\/4328\/revisions"}],"wp:attachment":[{"href":"https:\/\/adrinabeach.com\/sr\/wp-json\/wp\/v2\/media?parent=4328"}],"curies":[{"name":"wp","href":"https:\/\/api.w.org\/{rel}","templated":true}]}}