{"id":4832,"date":"2020-12-11T13:45:03","date_gmt":"2020-12-11T11:45:03","guid":{"rendered":"https:\/\/adrinabeach.com\/skopelos-hotels-beach-area\/"},"modified":"2021-01-10T18:34:00","modified_gmt":"2021-01-10T16:34:00","slug":"skopelos-hotels-notre-beach","status":"publish","type":"page","link":"https:\/\/adrinabeach.com\/fr\/skopelos-hotels-notre-beach\/","title":{"rendered":"NOTRE BEACH"},"content":{"rendered":"<p>[vc_row][vc_column]\n\t\t\t<!-- START BEACH AREA REVOLUTION SLIDER 6.2.23 --><p class=\"rs-p-wp-fix\"><\/p>\n\t\t\t<rs-module-wrap id=\"rev_slider_32_1_wrapper\" data-source=\"gallery\" style=\"background:transparent;padding:0;margin:0px auto;margin-top:0;margin-bottom:0;\">\n\t\t\t\t<rs-module id=\"rev_slider_32_1\" style=\"\" data-version=\"6.2.23\">\n\t\t\t\t\t<rs-slides>\n\t\t\t\t\t\t<rs-slide data-key=\"rs-173\" data-thumb=\"\/\/adrinabeach.com\/wp-content\/uploads\/facilities\/beach_area\/skopelos-hotels-adrina-hotels-beach-08-100x50.jpg\" data-anim=\"ei:d;eo:d;s:800;r:0;t:fade;sl:d;\">\n\t\t\t\t\t\t\t<img loading=\"lazy\" decoding=\"async\" src=\"\/\/adrinabeach.com\/wp-content\/uploads\/facilities\/beach_area\/skopelos-hotels-adrina-hotels-beach-08.jpg\" alt=\"skopelos hotels adrina hotels beach\" title=\"skopelos hotels adrina hotels beach\" width=\"1756\" height=\"1080\" data-parallax=\"8\" class=\"rev-slidebg\" data-no-retina>\n<!---->\t\t\t\t\t\t<\/rs-slide>\n\t\t\t\t\t\t<rs-slide data-key=\"rs-188\" data-thumb=\"\/\/adrinabeach.com\/wp-content\/uploads\/facilities\/beach_area\/skopelos-hotels-adrina-hotels-beach-02-100x50.jpg\" data-anim=\"ei:d;eo:d;s:800;r:0;t:fade;sl:d;\">\n\t\t\t\t\t\t\t<img loading=\"lazy\" decoding=\"async\" src=\"\/\/adrinabeach.com\/wp-content\/uploads\/facilities\/beach_area\/skopelos-hotels-adrina-hotels-beach-02.jpg\" alt=\"skopelos hotels adrina hotels beach\" title=\"skopelos hotels adrina hotels beach\" width=\"1757\" height=\"1080\" data-parallax=\"8\" class=\"rev-slidebg\" data-no-retina>\n<!---->\t\t\t\t\t\t<\/rs-slide>\n\t\t\t\t\t\t<rs-slide data-key=\"rs-189\" data-thumb=\"\/\/adrinabeach.com\/wp-content\/uploads\/facilities\/beach_area\/skopelos-hotels-adrina-hotels-beach-01-100x50.jpg\" data-anim=\"ei:d;eo:d;s:800;r:0;t:fade;sl:d;\">\n\t\t\t\t\t\t\t<img loading=\"lazy\" decoding=\"async\" src=\"\/\/adrinabeach.com\/wp-content\/uploads\/facilities\/beach_area\/skopelos-hotels-adrina-hotels-beach-01.jpg\" alt=\"skopelos hotels adrina hotels beach\" title=\"skopelos hotels adrina hotels beach\" width=\"1759\" height=\"1080\" data-parallax=\"8\" class=\"rev-slidebg\" data-no-retina>\n<!---->\t\t\t\t\t\t<\/rs-slide>\n\t\t\t\t\t<\/rs-slides>\n\t\t\t\t\t<rs-static-layers><!--\n\n\t\t\t\t\t\t\t--><rs-layer\n\t\t\t\t\t\t\t\tid=\"slider-32-slide-29-layer-0\" \n\t\t\t\t\t\t\t\tclass=\"rev-scroll-btn rev-b-span-light rs-selectable rs-layer-static\"\n\t\t\t\t\t\t\t\tdata-type=\"button\"\n\t\t\t\t\t\t\t\tdata-xy=\"x:c;yo:691px,661px,870px,602px;\"\n\t\t\t\t\t\t\t\tdata-text=\"w:normal;s:17,14,10,9;l:20,16,12,10;ls:1,0,0,0;\"\n\t\t\t\t\t\t\t\tdata-dim=\"w:35px,28px,21px,15px;h:55px,45px,34px,28px;minw:35px,none,none,none;minh:55px,none,none,none;\"\n\t\t\t\t\t\t\t\tdata-actions='o:click;a:scrollbelow;sp:1000ms;e:power1.inOut;'\n\t\t\t\t\t\t\t\tdata-rsp_bd=\"off\"\n\t\t\t\t\t\t\t\tdata-onslides=\"s:1;\"\n\t\t\t\t\t\t\t\tdata-padding=\"t:22,18,14,13;r:14,12,9,9;b:22,18,14,13;l:14,12,9,9;\"\n\t\t\t\t\t\t\t\tdata-border=\"bos:solid;boc:rgba(255,255,255,0.75);bow:3px,3px,3px,3px;bor:23px,23px,23px,23px;\"\n\t\t\t\t\t\t\t\tdata-frame_0=\"x:0,0,0,0px;y:0,0,0,0px;\"\n\t\t\t\t\t\t\t\tdata-frame_1=\"x:0,0,0,0px;y:0,0,0,0px;\"\n\t\t\t\t\t\t\t\tdata-frame_999=\"o:0;st:w;\"\n\t\t\t\t\t\t\t\tstyle=\"z-index:5;font-family:Roboto;text-transform:uppercase;\"\n\t\t\t\t\t\t\t><span><\/span><span><\/span><span><\/span> \n\t\t\t\t\t\t\t<\/rs-layer><!--\n\t\t\t\t\t--><\/rs-static-layers>\n\t\t\t\t<\/rs-module>\n\t\t\t\t<script type=\"text\/javascript\">\n\t\t\t\t\tsetREVStartSize({c: 'rev_slider_32_1',rl:[1240,1024,778,480],el:[800,768,960,720],gw:[1240,1024,778,480],gh:[800,768,960,720],type:'standard',justify:'',layout:'fullwidth',mh:\"0\"});\n\t\t\t\t\tvar\trevapi32,\n\t\t\t\t\t\ttpj;\n\t\t\t\t\tfunction revinit_revslider321() {\n\t\t\t\t\tjQuery(function() {\n\t\t\t\t\t\ttpj = jQuery;\n\t\t\t\t\t\trevapi32 = tpj(\"#rev_slider_32_1\");\n\t\t\t\t\t\tif(revapi32==undefined || revapi32.revolution == undefined){\n\t\t\t\t\t\t\trevslider_showDoubleJqueryError(\"rev_slider_32_1\");\n\t\t\t\t\t\t}else{\n\t\t\t\t\t\t\trevapi32.revolution({\n\t\t\t\t\t\t\t\tsliderLayout:\"fullwidth\",\n\t\t\t\t\t\t\t\tvisibilityLevels:\"1240,1024,778,480\",\n\t\t\t\t\t\t\t\tgridwidth:\"1240,1024,778,480\",\n\t\t\t\t\t\t\t\tgridheight:\"800,768,960,720\",\n\t\t\t\t\t\t\t\tspinner:\"spinner3\",\n\t\t\t\t\t\t\t\tperspective:600,\n\t\t\t\t\t\t\t\tperspectiveType:\"local\",\n\t\t\t\t\t\t\t\teditorheight:\"800,768,960,720\",\n\t\t\t\t\t\t\t\tresponsiveLevels:\"1240,1024,778,480\",\n\t\t\t\t\t\t\t\tprogressBar:{disableProgressBar:true},\n\t\t\t\t\t\t\t\tnavigation: {\n\t\t\t\t\t\t\t\t\tkeyboardNavigation:true,\n\t\t\t\t\t\t\t\t\tonHoverStop:false,\n\t\t\t\t\t\t\t\t\ttouch: {\n\t\t\t\t\t\t\t\t\t\ttouchenabled:true,\n\t\t\t\t\t\t\t\t\t\ttouchOnDesktop:true\n\t\t\t\t\t\t\t\t\t},\n\t\t\t\t\t\t\t\t\tarrows: {\n\t\t\t\t\t\t\t\t\t\tenable:true,\n\t\t\t\t\t\t\t\t\t\tstyle:\"uranus\",\n\t\t\t\t\t\t\t\t\t\tleft: {\n\n\t\t\t\t\t\t\t\t\t\t},\n\t\t\t\t\t\t\t\t\t\tright: {\n\n\t\t\t\t\t\t\t\t\t\t}\n\t\t\t\t\t\t\t\t\t},\n\t\t\t\t\t\t\t\t\tbullets: {\n\t\t\t\t\t\t\t\t\t\tenable:true,\n\t\t\t\t\t\t\t\t\t\ttmp:\"\",\n\t\t\t\t\t\t\t\t\t\tstyle:\"bullet-bar\",\n\t\t\t\t\t\t\t\t\t\tv_offset:30\n\t\t\t\t\t\t\t\t\t}\n\t\t\t\t\t\t\t\t},\n\t\t\t\t\t\t\t\tparallax: {\n\t\t\t\t\t\t\t\t\tlevels:[5,10,15,20,25,30,35,40,45,46,47,48,49,50,51,55],\n\t\t\t\t\t\t\t\t\ttype:\"scroll\",\n\t\t\t\t\t\t\t\t\torigo:\"slidercenter\"\n\t\t\t\t\t\t\t\t},\n\t\t\t\t\t\t\t\tfallbacks: {\n\t\t\t\t\t\t\t\t\tallowHTML5AutoPlayOnAndroid:true\n\t\t\t\t\t\t\t\t},\n\t\t\t\t\t\t\t});\n\t\t\t\t\t\t\tvar ua = window.navigator.userAgent;\nvar msie = ua.indexOf(\"MSIE \");\n\nif(msie > 0 || !!navigator.userAgent.match(\/Trident.*rv\\:11\\.\/) || ('CSS' in window && 'supports' in window.CSS && !window.CSS.supports('mix-blend-mode', 'screen'))) {\n \n var bgColor = 'rgba(245, 245, 245, 0.5)';\n \/\/jQuery('.rev_slider .rs-layer[data-blendmode]').removeAttr('data-blendmode').css('background', bgColor);\n jQuery('.rev_slider .rs-layer[data-blendmode]').remove();\n}\n\t\t\t\t\t\t}\n\t\t\t\t\t\t\n\t\t\t\t\t});\n\t\t\t\t\t} \/\/ End of RevInitScript\n\t\t\t\tvar once_revslider321 = false;\n\t\t\t\tif (document.readyState === \"loading\") {document.addEventListener('readystatechange',function() { if((document.readyState === \"interactive\" || document.readyState === \"complete\") && !once_revslider321 ) { once_revslider321 = true; revinit_revslider321();}});} else {once_revslider321 = true; revinit_revslider321();}\n\t\t\t\t<\/script>\n\t\t\t\t<script>\n\t\t\t\t\tvar htmlDivCss = '\t#rev_slider_32_1_wrapper rs-loader.spinner3 div { background-color: #FFFFFF !important; } ';\n\t\t\t\t\tvar htmlDiv = document.getElementById('rs-plugin-settings-inline-css');\n\t\t\t\t\tif(htmlDiv) {\n\t\t\t\t\t\thtmlDiv.innerHTML = htmlDiv.innerHTML + htmlDivCss;\n\t\t\t\t\t}else{\n\t\t\t\t\t\tvar htmlDiv = document.createElement('div');\n\t\t\t\t\t\thtmlDiv.innerHTML = '<style>' + htmlDivCss + '<\/style>';\n\t\t\t\t\t\tdocument.getElementsByTagName('head')[0].appendChild(htmlDiv.childNodes[0]);\n\t\t\t\t\t}\n\t\t\t\t<\/script>\n\t\t\t\t<script>\n\t\t\t\t\tvar htmlDivCss = unescape(\"%23rev_slider_32_1_wrapper%20.uranus.tparrows%20%7B%0A%20%20width%3A50px%3B%0A%20%20height%3A50px%3B%0A%20%20background%3Argba%28255%2C255%2C255%2C0%29%3B%0A%20%7D%0A%20%23rev_slider_32_1_wrapper%20.uranus.tparrows%3Abefore%20%7B%0A%20width%3A50px%3B%0A%20height%3A50px%3B%0A%20line-height%3A50px%3B%0A%20font-size%3A40px%3B%0A%20transition%3Aall%200.3s%3B%0A-webkit-transition%3Aall%200.3s%3B%0A%20%7D%0A%20%0A%20%20%23rev_slider_32_1_wrapper%20.uranus.tparrows%3Ahover%3Abefore%20%7B%0A%20%20%20%20opacity%3A0.75%3B%0A%20%20%7D%0A.bullet-bar.tp-bullets%20%7B%0A%7D%0A.bullet-bar.tp-bullets%3Abefore%20%7B%0A%09content%3A%22%20%22%3B%0A%09position%3Aabsolute%3B%0A%09width%3A100%25%3B%0A%09height%3A100%25%3B%0A%09background%3Atransparent%3B%0A%09padding%3A10px%3B%0A%09margin-left%3A-10px%3Bmargin-top%3A-10px%3B%0A%09box-sizing%3Acontent-box%3B%0A%7D%0A.bullet-bar%20.tp-bullet%20%7B%0A%09width%3A60px%3B%0A%09height%3A3px%3B%0A%09position%3Aabsolute%3B%0A%09background%3A%23aaa%3B%0A%20%20%20%20background%3Argba%28204%2C204%2C204%2C0.5%29%3B%0A%09cursor%3A%20pointer%3B%0A%09box-sizing%3Acontent-box%3B%0A%7D%0A.bullet-bar%20.tp-bullet%3Ahover%2C%0A.bullet-bar%20.tp-bullet.selected%20%7B%0A%09%20background%3Argba%28204%2C204%2C204%2C1%29%3B%0A%7D%0A.bullet-bar%20.tp-bullet-image%20%7B%0A%7D%0A.bullet-bar%20.tp-bullet-title%20%7B%0A%7D%0A%0A\");\n\t\t\t\t\tvar htmlDiv = document.getElementById('rs-plugin-settings-inline-css');\n\t\t\t\t\tif(htmlDiv) {\n\t\t\t\t\t\thtmlDiv.innerHTML = htmlDiv.innerHTML + htmlDivCss;\n\t\t\t\t\t}else{\n\t\t\t\t\t\tvar htmlDiv = document.createElement('div');\n\t\t\t\t\t\thtmlDiv.innerHTML = '<style>' + htmlDivCss + '<\/style>';\n\t\t\t\t\t\tdocument.getElementsByTagName('head')[0].appendChild(htmlDiv.childNodes[0]);\n\t\t\t\t\t}\n\t\t\t\t<\/script>\n\t\t\t\t<script>\n\t\t\t\t\tvar htmlDivCss = unescape(\"%0A%0A%0A%0A%0A%0A\");\n\t\t\t\t\tvar htmlDiv = document.getElementById('rs-plugin-settings-inline-css');\n\t\t\t\t\tif(htmlDiv) {\n\t\t\t\t\t\thtmlDiv.innerHTML = htmlDiv.innerHTML + htmlDivCss;\n\t\t\t\t\t}else{\n\t\t\t\t\t\tvar htmlDiv = document.createElement('div');\n\t\t\t\t\t\thtmlDiv.innerHTML = '<style>' + htmlDivCss + '<\/style>';\n\t\t\t\t\t\tdocument.getElementsByTagName('head')[0].appendChild(htmlDiv.childNodes[0]);\n\t\t\t\t\t}\n\t\t\t\t<\/script>\n\t\t\t<\/rs-module-wrap>\n\t\t\t<!-- END REVOLUTION SLIDER -->\n<div style=\"background-color:;height: 25px\" class=\"nicdark_section  \"><\/div>[\/vc_column][\/vc_row][vc_row css_animation=&#8221;fadeInUp&#8221;][vc_column width=&#8221;2\/3&#8243;][vc_row_inner][vc_column_inner][vc_column_text]<\/p>\n<h1><strong>NOTRE BEACH \u2013 PIER<\/strong><\/h1>\n<div id=\"gtx-trans\" style=\"position: absolute; left: 135px; top: -10px;\">\n<div class=\"gtx-trans-icon\"><\/div>\n<\/div>\n<p>[\/vc_column_text]<div style=\"background-color:;height: 25px\" class=\"nicdark_section  \"><\/div>[vc_column_text]<strong>Parasols et lits de plage sont gratuits pour les clients de l\u2019h\u00f4tel. Les serviettes de plage sont \u00e9galement disponibles si n\u00e9cessaire.<\/strong>[\/vc_column_text][\/vc_column_inner][\/vc_row_inner][vc_row_inner][vc_column_inner css=&#8221;.vc_custom_1607330987558{padding-top: 30px !important;padding-right: 30px !important;padding-bottom: 15px !important;padding-left: 30px !important;background-color: #ffffff !important;}&#8221; offset=&#8221;vc_col-xs-12&#8243;][vc_column_text el_class=&#8221;hotel-text&#8221;]La plage Adrina a des eaux bleues claires et propres et des cailloux arrondis. De nombreux invit\u00e9s arrivent par bateau priv\u00e9 et peuvent d\u00e9barquer sur notre quai, et assurer sur leur flotteur d\u00e9sign\u00e9, leur navire.<\/p>\n<p>Panormos \u2013 Blo, le port le plus s\u00fbr naturellement disponible, est \u00e0 une courte distance \u00e0 travers la baie. Il est pr\u00eat \u00e0 offrir une s\u00e9curit\u00e9 accrue dans les rares occasions, lorsque la zone est affect\u00e9e par le mauvais temps.[\/vc_column_text][\/vc_column_inner][\/vc_row_inner]<div style=\"background-color:;height: 20px\" class=\"nicdark_section  \"><\/div>[vc_toggle title=&#8221;LIRE PLUS&#8221;]Un grand avantage de l\u2019h\u00f4tel Adrina est l\u2019endroit dans le sud de l\u2019\u00eele qui assure pour les visiteurs , un acc\u00e8s facile en bateau vers les \u00eeles \u00e0 proximit\u00e9 de Skiathos et Alonissos et aussi les \u00eeles d\u00e9sertes de Peristera, Kyra Panagia, Jura, Skatzoura, Piperi et Psathoura.<\/p>\n<p>Info Bateau: (N39.11343 E23.65539 Adrina)[\/vc_toggle]<div style=\"background-color:;height: 35px\" class=\"nicdark_section  \"><\/div>[\/vc_column][vc_column width=&#8221;1\/3&#8243;][vc_single_image image=&#8221;2252&#8243; img_size=&#8221;medium&#8221; alignment=&#8221;center&#8221; onclick=&#8221;custom_link&#8221; link=&#8221;https:\/\/adrinabeach.reserve-online.net\/&#8221;]<div style=\"background-color:;height: 40px\" class=\"nicdark_section  \"><\/div>[\/vc_column][\/vc_row][vc_row full_width=&#8221;stretch_row_content&#8221;][vc_column offset=&#8221;vc_hidden-lg&#8221; css=&#8221;.vc_custom_1609750836761{padding-right: 5px !important;padding-left: 5px !important;}&#8221;][vc_raw_html]JTVCcGFubyUyMGZpbGUlM0QlMjJodHRwcyUzQSUyRiUyRmFkcmluYWJlYWNoLmNvbSUyRjM2MCUyRkFkcmluYV9CZWFjaC5odG1sJTNGcyUzRHBhbm8xNDQlMjZza2lwaW50cm8lM0R0cnVlJTIyJTIwd2lkdGglM0QlMjIxMDAlMjUlMjIlMjBoZWlnaHQlM0QlMjI1MDBweCUyMiU1RA==[\/vc_raw_html]<div style=\"background-color:;height: 25px\" class=\"nicdark_section  \"><\/div>[\/vc_column][\/vc_row][vc_row css_animation=&#8221;fadeInUp&#8221;][vc_column width=&#8221;2\/3&#8243; offset=&#8221;vc_col-sm-offset-0&#8243;][vc_row_inner][vc_column_inner offset=&#8221;vc_hidden-md vc_hidden-sm vc_hidden-xs&#8221;][vc_raw_html]JTVCcGFubyUyMGZpbGUlM0QlMjJodHRwcyUzQSUyRiUyRmFkcmluYWJlYWNoLmNvbSUyRjM2MCUyRkFkcmluYV9CZWFjaC5odG1sJTNGcyUzRHBhbm8xNDQlMjZza2lwaW50cm8lM0R0cnVlJTIyJTIwd2lkdGglM0QlMjIxMDAlMjUlMjIlMjBoZWlnaHQlM0QlMjI1MDBweCUyMiU1RA==[\/vc_raw_html][\/vc_column_inner][\/vc_row_inner][\/vc_column][vc_column width=&#8221;1\/3&#8243;][vc_row_inner][vc_column_inner]<div style=\"background-color:;height: 20px\" class=\"nicdark_section  \"><\/div> <h5 style=\"color:#7f7f7f;padding:px;text-align:center;font-size:12px;line-height:12px;letter-spacing: 2px;font-weight:lighter\" class=\"   nd_options_second_font \">CONTACT<\/h5> <div style=\"background-color:;height: 10px\" class=\"nicdark_section  \"><\/div> <h2 style=\"color:#7f7f7f;padding:px;text-align:center;font-size:25px;line-height:25px;letter-spacing: px;font-weight:normal\" class=\"   nd_options_first_font \">Get In Touch<\/h2> <div style=\"background-color:;height: 20px\" class=\"nicdark_section  \"><\/div>[\/vc_column_inner][\/vc_row_inner][vc_row_inner][vc_column_inner offset=&#8221;vc_col-sm-offset-0&#8243;][vc_acf field_group=&#8221;5175&#8243; field_from_5175=&#8221;field_5fdf30afae0d5&#8243; field_from_2263=&#8221;field_5fccad849934f&#8221;][\/vc_column_inner][\/vc_row_inner][\/vc_column][\/vc_row][vc_row][vc_column]<div style=\"background-color:;height: 40px\" class=\"nicdark_section  \"><\/div>[\/vc_column][\/vc_row]<\/p>\n","protected":false},"excerpt":{"rendered":"<p>[vc_row][vc_column][\/vc_column][\/vc_row][vc_row css_animation=&#8221;fadeInUp&#8221;][vc_column width=&#8221;2\/3&#8243;][vc_row_inner][vc_column_inner][vc_column_text] NOTRE BEACH \u2013 PIER [\/vc_column_text][vc_column_text]Parasols et lits de plage sont gratuits pour les clients de l\u2019h\u00f4tel. Les serviettes de plage sont \u00e9galement disponibles si n\u00e9cessaire.[\/vc_column_text][\/vc_column_inner][\/vc_row_inner][vc_row_inner][vc_column_inner css=&#8221;.vc_custom_1607330987558{padding-top: 30px !important;padding-right: 30px !important;padding-bottom: 15px !important;padding-left: 30px !important;background-color: #ffffff !important;}&#8221; offset=&#8221;vc_col-xs-12&#8243;][vc_column_text el_class=&#8221;hotel-text&#8221;]La plage Adrina a des eaux bleues claires et propres et des cailloux arrondis. De [&hellip;]<\/p>\n","protected":false},"author":1,"featured_media":0,"parent":0,"menu_order":0,"comment_status":"closed","ping_status":"closed","template":"","meta":{"footnotes":""},"class_list":["post-4832","page","type-page","status-publish","hentry"],"yoast_head":"<!-- This site is optimized with the Yoast SEO Premium plugin v15.6.2 - https:\/\/yoast.com\/wordpress\/plugins\/seo\/ -->\n<title>Skopelos Adrina Hotels, NOTRE BEACH - Adrina Beach Hotel<\/title>\n<meta name=\"description\" content=\"Skopelos Adrina Hotels, \u03a3\u03ba\u03cc\u03c0\u03b5\u03bb\u03bf\u03c2 \u039e\u03b5\u03bd\u03bf\u03b4\u03bf\u03c7\u03b5\u03af\u03b1 \u0391\u03bd\u03c4\u03c1\u03af\u03bd\u03b1 - Adrina Beach Hotel\" \/>\n<meta name=\"robots\" content=\"index, follow, max-snippet:-1, max-image-preview:large, max-video-preview:-1\" \/>\n<link rel=\"canonical\" href=\"https:\/\/adrinabeach.com\/fr\/skopelos-hotels-notre-beach\/\" \/>\n<meta property=\"og:locale\" content=\"fr_FR\" \/>\n<meta property=\"og:type\" content=\"article\" \/>\n<meta property=\"og:title\" content=\"Skopelos Adrina Hotels, NOTRE BEACH - Adrina Beach Hotel\" \/>\n<meta property=\"og:description\" content=\"Skopelos Adrina Hotels, \u03a3\u03ba\u03cc\u03c0\u03b5\u03bb\u03bf\u03c2 \u039e\u03b5\u03bd\u03bf\u03b4\u03bf\u03c7\u03b5\u03af\u03b1 \u0391\u03bd\u03c4\u03c1\u03af\u03bd\u03b1 - Adrina Beach Hotel\" \/>\n<meta property=\"og:url\" content=\"https:\/\/adrinabeach.com\/fr\/skopelos-hotels-notre-beach\/\" \/>\n<meta property=\"og:site_name\" content=\"Adrina Beach Hotel\" \/>\n<meta property=\"article:publisher\" content=\"https:\/\/www.facebook.com\/adrinahotelsskopelos\" \/>\n<meta property=\"article:modified_time\" content=\"2021-01-10T16:34:00+00:00\" \/>\n<meta name=\"twitter:card\" content=\"summary_large_image\" \/>\n<meta name=\"twitter:site\" content=\"@ADRINAHOTELS\" \/>\n<meta name=\"twitter:label1\" content=\"Dur\u00e9e de lecture estim\u00e9e\">\n\t<meta name=\"twitter:data1\" content=\"3 minutes\">\n<script type=\"application\/ld+json\" class=\"yoast-schema-graph\">{\"@context\":\"https:\/\/schema.org\",\"@graph\":[{\"@type\":\"Organization\",\"@id\":\"https:\/\/adrinabeach.com\/fr\/#organization\",\"name\":\"Adrina Beach Hotel\",\"url\":\"https:\/\/adrinabeach.com\/fr\/\",\"sameAs\":[\"https:\/\/www.facebook.com\/adrinahotelsskopelos\",\"https:\/\/www.instagram.com\/adrinahotelsskopelos\/\",\"https:\/\/www.linkedin.com\/in\/skopelos\/\",\"https:\/\/www.youtube.com\/channel\/UCYNViv2aIt05aWVDe6ekRyg\",\"https:\/\/twitter.com\/ADRINAHOTELS\"],\"logo\":{\"@type\":\"ImageObject\",\"@id\":\"https:\/\/adrinabeach.com\/fr\/#logo\",\"inLanguage\":\"fr-FR\",\"url\":\"https:\/\/adrinabeach.com\/wp-content\/uploads\/logos\/adrinabeachlogo.png\",\"width\":694,\"height\":264,\"caption\":\"Adrina Beach Hotel\"},\"image\":{\"@id\":\"https:\/\/adrinabeach.com\/fr\/#logo\"}},{\"@type\":\"WebSite\",\"@id\":\"https:\/\/adrinabeach.com\/fr\/#website\",\"url\":\"https:\/\/adrinabeach.com\/fr\/\",\"name\":\"Adrina Beach Hotel\",\"description\":\"Adrina Beach Hotel\",\"publisher\":{\"@id\":\"https:\/\/adrinabeach.com\/fr\/#organization\"},\"potentialAction\":[{\"@type\":\"SearchAction\",\"target\":\"https:\/\/adrinabeach.com\/fr\/?s={search_term_string}\",\"query-input\":\"required name=search_term_string\"}],\"inLanguage\":\"fr-FR\"},{\"@type\":\"WebPage\",\"@id\":\"https:\/\/adrinabeach.com\/fr\/skopelos-hotels-notre-beach\/#webpage\",\"url\":\"https:\/\/adrinabeach.com\/fr\/skopelos-hotels-notre-beach\/\",\"name\":\"Skopelos Adrina Hotels, NOTRE BEACH - Adrina Beach Hotel\",\"isPartOf\":{\"@id\":\"https:\/\/adrinabeach.com\/fr\/#website\"},\"datePublished\":\"2020-12-11T11:45:03+00:00\",\"dateModified\":\"2021-01-10T16:34:00+00:00\",\"description\":\"Skopelos Adrina Hotels, \\u03a3\\u03ba\\u03cc\\u03c0\\u03b5\\u03bb\\u03bf\\u03c2 \\u039e\\u03b5\\u03bd\\u03bf\\u03b4\\u03bf\\u03c7\\u03b5\\u03af\\u03b1 \\u0391\\u03bd\\u03c4\\u03c1\\u03af\\u03bd\\u03b1 - Adrina Beach Hotel\",\"inLanguage\":\"fr-FR\",\"potentialAction\":[{\"@type\":\"ReadAction\",\"target\":[\"https:\/\/adrinabeach.com\/fr\/skopelos-hotels-notre-beach\/\"]}]}]}<\/script>\n<!-- \/ Yoast SEO Premium plugin. -->","_links":{"self":[{"href":"https:\/\/adrinabeach.com\/fr\/wp-json\/wp\/v2\/pages\/4832","targetHints":{"allow":["GET"]}}],"collection":[{"href":"https:\/\/adrinabeach.com\/fr\/wp-json\/wp\/v2\/pages"}],"about":[{"href":"https:\/\/adrinabeach.com\/fr\/wp-json\/wp\/v2\/types\/page"}],"author":[{"embeddable":true,"href":"https:\/\/adrinabeach.com\/fr\/wp-json\/wp\/v2\/users\/1"}],"replies":[{"embeddable":true,"href":"https:\/\/adrinabeach.com\/fr\/wp-json\/wp\/v2\/comments?post=4832"}],"version-history":[{"count":0,"href":"https:\/\/adrinabeach.com\/fr\/wp-json\/wp\/v2\/pages\/4832\/revisions"}],"wp:attachment":[{"href":"https:\/\/adrinabeach.com\/fr\/wp-json\/wp\/v2\/media?parent=4832"}],"curies":[{"name":"wp","href":"https:\/\/api.w.org\/{rel}","templated":true}]}}