{"id":4305,"date":"2020-12-15T14:55:27","date_gmt":"2020-12-15T12:55:27","guid":{"rendered":"https:\/\/adrinabeach.com\/skopelos-hotels-getting-here\/"},"modified":"2021-01-10T18:34:40","modified_gmt":"2021-01-10T16:34:40","slug":"skopelos-hotels-pour-sy-rendre","status":"publish","type":"page","link":"https:\/\/adrinabeach.com\/fr\/skopelos-hotels-pour-sy-rendre\/","title":{"rendered":"POUR S\u2019Y RENDRE"},"content":{"rendered":"<p>[vc_row][vc_column]\n\t\t\t<!-- START GETTING HERE REVOLUTION SLIDER 6.2.23 --><p class=\"rs-p-wp-fix\"><\/p>\n\t\t\t<rs-module-wrap id=\"rev_slider_39_1_wrapper\" data-source=\"gallery\" style=\"background:transparent;padding:0;margin:0px auto;margin-top:0;margin-bottom:0;\">\n\t\t\t\t<rs-module id=\"rev_slider_39_1\" style=\"\" data-version=\"6.2.23\">\n\t\t\t\t\t<rs-slides>\n\t\t\t\t\t\t<rs-slide data-key=\"rs-202\" data-thumb=\"\/\/adrinabeach.com\/wp-content\/uploads\/facilities\/getting_here\/skopelos-hotels-adrina-hotels-26-100x50.jpg\" data-anim=\"ei:d;eo:d;s:800;r:0;t:fade;sl:d;\">\n\t\t\t\t\t\t\t<img loading=\"lazy\" decoding=\"async\" src=\"\/\/adrinabeach.com\/wp-content\/uploads\/facilities\/getting_here\/skopelos-hotels-adrina-hotels-26.jpg\" alt=\"skopelos hotels adrina hotels\" title=\"skopelos hotels adrina hotels\" width=\"1270\" height=\"1080\" data-parallax=\"8\" class=\"rev-slidebg\" data-no-retina>\n<!---->\t\t\t\t\t\t<\/rs-slide>\n\t\t\t\t\t\t<rs-slide data-key=\"rs-207\" data-thumb=\"\/\/adrinabeach.com\/wp-content\/uploads\/facilities\/getting_here\/skopelos-hotels-adrina-hotels-18-100x50.jpg\" data-anim=\"ei:d;eo:d;s:800;r:0;t:fade;sl:d;\">\n\t\t\t\t\t\t\t<img loading=\"lazy\" decoding=\"async\" src=\"\/\/adrinabeach.com\/wp-content\/uploads\/facilities\/getting_here\/skopelos-hotels-adrina-hotels-18.jpg\" alt=\"skopelos hotels adrina hotels\" title=\"skopelos hotels adrina hotels\" width=\"1630\" height=\"1080\" data-parallax=\"8\" class=\"rev-slidebg\" data-no-retina>\n<!---->\t\t\t\t\t\t<\/rs-slide>\n\t\t\t\t\t\t<rs-slide data-key=\"rs-208\" data-thumb=\"\/\/adrinabeach.com\/wp-content\/uploads\/facilities\/getting_here\/skopelos-hotels-adrina-hotels-15-100x50.jpg\" data-anim=\"ei:d;eo:d;s:800;r:0;t:fade;sl:d;\">\n\t\t\t\t\t\t\t<img loading=\"lazy\" decoding=\"async\" src=\"\/\/adrinabeach.com\/wp-content\/uploads\/facilities\/getting_here\/skopelos-hotels-adrina-hotels-15.jpg\" alt=\"skopelos hotels adrina hotels\" title=\"skopelos hotels adrina hotels\" width=\"1625\" height=\"1080\" data-parallax=\"8\" class=\"rev-slidebg\" data-no-retina>\n<!---->\t\t\t\t\t\t<\/rs-slide>\n\t\t\t\t\t<\/rs-slides>\n\t\t\t\t\t<rs-static-layers><!--\n\n\t\t\t\t\t\t\t--><rs-layer\n\t\t\t\t\t\t\t\tid=\"slider-39-slide-36-layer-0\" \n\t\t\t\t\t\t\t\tclass=\"rev-scroll-btn rev-b-span-light rs-layer-static\"\n\t\t\t\t\t\t\t\tdata-type=\"button\"\n\t\t\t\t\t\t\t\tdata-xy=\"x:c;yo:691px,661px,870px,602px;\"\n\t\t\t\t\t\t\t\tdata-text=\"w:normal;s:17,14,10,9;l:20,16,12,10;ls:1,0,0,0;\"\n\t\t\t\t\t\t\t\tdata-dim=\"w:35px,28px,21px,15px;h:55px,45px,34px,28px;minw:35px,none,none,none;minh:55px,none,none,none;\"\n\t\t\t\t\t\t\t\tdata-actions='o:click;a:scrollbelow;sp:1000ms;e:power1.inOut;'\n\t\t\t\t\t\t\t\tdata-rsp_bd=\"off\"\n\t\t\t\t\t\t\t\tdata-onslides=\"s:1;\"\n\t\t\t\t\t\t\t\tdata-padding=\"t:22,18,14,13;r:14,12,9,9;b:22,18,14,13;l:14,12,9,9;\"\n\t\t\t\t\t\t\t\tdata-border=\"bos:solid;boc:rgba(255,255,255,0.75);bow:3px,3px,3px,3px;bor:23px,23px,23px,23px;\"\n\t\t\t\t\t\t\t\tdata-frame_0=\"x:0,0,0,0px;y:0,0,0,0px;\"\n\t\t\t\t\t\t\t\tdata-frame_1=\"x:0,0,0,0px;y:0,0,0,0px;\"\n\t\t\t\t\t\t\t\tdata-frame_999=\"o:0;st:w;\"\n\t\t\t\t\t\t\t\tstyle=\"z-index:5;font-family:Roboto;text-transform:uppercase;\"\n\t\t\t\t\t\t\t><span><\/span><span><\/span><span><\/span> \n\t\t\t\t\t\t\t<\/rs-layer><!--\n\t\t\t\t\t--><\/rs-static-layers>\n\t\t\t\t<\/rs-module>\n\t\t\t\t<script type=\"text\/javascript\">\n\t\t\t\t\tsetREVStartSize({c: 'rev_slider_39_1',rl:[1240,1024,778,480],el:[800,768,960,720],gw:[1240,1024,778,480],gh:[800,768,960,720],type:'standard',justify:'',layout:'fullwidth',mh:\"0\"});\n\t\t\t\t\tvar\trevapi39,\n\t\t\t\t\t\ttpj;\n\t\t\t\t\tfunction revinit_revslider391() {\n\t\t\t\t\tjQuery(function() {\n\t\t\t\t\t\ttpj = jQuery;\n\t\t\t\t\t\trevapi39 = tpj(\"#rev_slider_39_1\");\n\t\t\t\t\t\tif(revapi39==undefined || revapi39.revolution == undefined){\n\t\t\t\t\t\t\trevslider_showDoubleJqueryError(\"rev_slider_39_1\");\n\t\t\t\t\t\t}else{\n\t\t\t\t\t\t\trevapi39.revolution({\n\t\t\t\t\t\t\t\tsliderLayout:\"fullwidth\",\n\t\t\t\t\t\t\t\tvisibilityLevels:\"1240,1024,778,480\",\n\t\t\t\t\t\t\t\tgridwidth:\"1240,1024,778,480\",\n\t\t\t\t\t\t\t\tgridheight:\"800,768,960,720\",\n\t\t\t\t\t\t\t\tspinner:\"spinner3\",\n\t\t\t\t\t\t\t\tperspective:600,\n\t\t\t\t\t\t\t\tperspectiveType:\"local\",\n\t\t\t\t\t\t\t\teditorheight:\"800,768,960,720\",\n\t\t\t\t\t\t\t\tresponsiveLevels:\"1240,1024,778,480\",\n\t\t\t\t\t\t\t\tprogressBar:{disableProgressBar:true},\n\t\t\t\t\t\t\t\tnavigation: {\n\t\t\t\t\t\t\t\t\tkeyboardNavigation:true,\n\t\t\t\t\t\t\t\t\tonHoverStop:false,\n\t\t\t\t\t\t\t\t\ttouch: {\n\t\t\t\t\t\t\t\t\t\ttouchenabled:true,\n\t\t\t\t\t\t\t\t\t\ttouchOnDesktop:true\n\t\t\t\t\t\t\t\t\t},\n\t\t\t\t\t\t\t\t\tarrows: {\n\t\t\t\t\t\t\t\t\t\tenable:true,\n\t\t\t\t\t\t\t\t\t\tstyle:\"uranus\",\n\t\t\t\t\t\t\t\t\t\tleft: {\n\n\t\t\t\t\t\t\t\t\t\t},\n\t\t\t\t\t\t\t\t\t\tright: {\n\n\t\t\t\t\t\t\t\t\t\t}\n\t\t\t\t\t\t\t\t\t},\n\t\t\t\t\t\t\t\t\tbullets: {\n\t\t\t\t\t\t\t\t\t\tenable:true,\n\t\t\t\t\t\t\t\t\t\ttmp:\"\",\n\t\t\t\t\t\t\t\t\t\tstyle:\"bullet-bar\",\n\t\t\t\t\t\t\t\t\t\tv_offset:30\n\t\t\t\t\t\t\t\t\t}\n\t\t\t\t\t\t\t\t},\n\t\t\t\t\t\t\t\tparallax: {\n\t\t\t\t\t\t\t\t\tlevels:[5,10,15,20,25,30,35,40,45,46,47,48,49,50,51,55],\n\t\t\t\t\t\t\t\t\ttype:\"scroll\",\n\t\t\t\t\t\t\t\t\torigo:\"slidercenter\"\n\t\t\t\t\t\t\t\t},\n\t\t\t\t\t\t\t\tfallbacks: {\n\t\t\t\t\t\t\t\t\tallowHTML5AutoPlayOnAndroid:true\n\t\t\t\t\t\t\t\t},\n\t\t\t\t\t\t\t});\n\t\t\t\t\t\t\tvar ua = window.navigator.userAgent;\nvar msie = ua.indexOf(\"MSIE \");\n\nif(msie > 0 || !!navigator.userAgent.match(\/Trident.*rv\\:11\\.\/) || ('CSS' in window && 'supports' in window.CSS && !window.CSS.supports('mix-blend-mode', 'screen'))) {\n \n var bgColor = 'rgba(245, 245, 245, 0.5)';\n \/\/jQuery('.rev_slider .rs-layer[data-blendmode]').removeAttr('data-blendmode').css('background', bgColor);\n jQuery('.rev_slider .rs-layer[data-blendmode]').remove();\n}\n\t\t\t\t\t\t}\n\t\t\t\t\t\t\n\t\t\t\t\t});\n\t\t\t\t\t} \/\/ End of RevInitScript\n\t\t\t\tvar once_revslider391 = false;\n\t\t\t\tif (document.readyState === \"loading\") {document.addEventListener('readystatechange',function() { if((document.readyState === \"interactive\" || document.readyState === \"complete\") && !once_revslider391 ) { once_revslider391 = true; revinit_revslider391();}});} else {once_revslider391 = true; revinit_revslider391();}\n\t\t\t\t<\/script>\n\t\t\t\t<script>\n\t\t\t\t\tvar htmlDivCss = '\t#rev_slider_39_1_wrapper rs-loader.spinner3 div { background-color: #FFFFFF !important; } ';\n\t\t\t\t\tvar htmlDiv = document.getElementById('rs-plugin-settings-inline-css');\n\t\t\t\t\tif(htmlDiv) {\n\t\t\t\t\t\thtmlDiv.innerHTML = htmlDiv.innerHTML + htmlDivCss;\n\t\t\t\t\t}else{\n\t\t\t\t\t\tvar htmlDiv = document.createElement('div');\n\t\t\t\t\t\thtmlDiv.innerHTML = '<style>' + htmlDivCss + '<\/style>';\n\t\t\t\t\t\tdocument.getElementsByTagName('head')[0].appendChild(htmlDiv.childNodes[0]);\n\t\t\t\t\t}\n\t\t\t\t<\/script>\n\t\t\t\t<script>\n\t\t\t\t\tvar htmlDivCss = unescape(\"%23rev_slider_39_1_wrapper%20.uranus.tparrows%20%7B%0A%20%20width%3A50px%3B%0A%20%20height%3A50px%3B%0A%20%20background%3Argba%28255%2C255%2C255%2C0%29%3B%0A%20%7D%0A%20%23rev_slider_39_1_wrapper%20.uranus.tparrows%3Abefore%20%7B%0A%20width%3A50px%3B%0A%20height%3A50px%3B%0A%20line-height%3A50px%3B%0A%20font-size%3A40px%3B%0A%20transition%3Aall%200.3s%3B%0A-webkit-transition%3Aall%200.3s%3B%0A%20%7D%0A%20%0A%20%20%23rev_slider_39_1_wrapper%20.uranus.tparrows%3Ahover%3Abefore%20%7B%0A%20%20%20%20opacity%3A0.75%3B%0A%20%20%7D%0A.bullet-bar.tp-bullets%20%7B%0A%7D%0A.bullet-bar.tp-bullets%3Abefore%20%7B%0A%09content%3A%22%20%22%3B%0A%09position%3Aabsolute%3B%0A%09width%3A100%25%3B%0A%09height%3A100%25%3B%0A%09background%3Atransparent%3B%0A%09padding%3A10px%3B%0A%09margin-left%3A-10px%3Bmargin-top%3A-10px%3B%0A%09box-sizing%3Acontent-box%3B%0A%7D%0A.bullet-bar%20.tp-bullet%20%7B%0A%09width%3A60px%3B%0A%09height%3A3px%3B%0A%09position%3Aabsolute%3B%0A%09background%3A%23aaa%3B%0A%20%20%20%20background%3Argba%28204%2C204%2C204%2C0.5%29%3B%0A%09cursor%3A%20pointer%3B%0A%09box-sizing%3Acontent-box%3B%0A%7D%0A.bullet-bar%20.tp-bullet%3Ahover%2C%0A.bullet-bar%20.tp-bullet.selected%20%7B%0A%09%20background%3Argba%28204%2C204%2C204%2C1%29%3B%0A%7D%0A.bullet-bar%20.tp-bullet-image%20%7B%0A%7D%0A.bullet-bar%20.tp-bullet-title%20%7B%0A%7D%0A%0A\");\n\t\t\t\t\tvar htmlDiv = document.getElementById('rs-plugin-settings-inline-css');\n\t\t\t\t\tif(htmlDiv) {\n\t\t\t\t\t\thtmlDiv.innerHTML = htmlDiv.innerHTML + htmlDivCss;\n\t\t\t\t\t}else{\n\t\t\t\t\t\tvar htmlDiv = document.createElement('div');\n\t\t\t\t\t\thtmlDiv.innerHTML = '<style>' + htmlDivCss + '<\/style>';\n\t\t\t\t\t\tdocument.getElementsByTagName('head')[0].appendChild(htmlDiv.childNodes[0]);\n\t\t\t\t\t}\n\t\t\t\t<\/script>\n\t\t\t\t<script>\n\t\t\t\t\tvar htmlDivCss = unescape(\"%0A%0A%0A%0A%0A%0A\");\n\t\t\t\t\tvar htmlDiv = document.getElementById('rs-plugin-settings-inline-css');\n\t\t\t\t\tif(htmlDiv) {\n\t\t\t\t\t\thtmlDiv.innerHTML = htmlDiv.innerHTML + htmlDivCss;\n\t\t\t\t\t}else{\n\t\t\t\t\t\tvar htmlDiv = document.createElement('div');\n\t\t\t\t\t\thtmlDiv.innerHTML = '<style>' + htmlDivCss + '<\/style>';\n\t\t\t\t\t\tdocument.getElementsByTagName('head')[0].appendChild(htmlDiv.childNodes[0]);\n\t\t\t\t\t}\n\t\t\t\t<\/script>\n\t\t\t<\/rs-module-wrap>\n\t\t\t<!-- END REVOLUTION SLIDER -->\n<div style=\"background-color:;height: 25px\" class=\"nicdark_section  \"><\/div>[\/vc_column][\/vc_row][vc_row css_animation=&#8221;fadeInUp&#8221;][vc_column width=&#8221;2\/3&#8243;][vc_row_inner][vc_column_inner][vc_column_text]<\/p>\n<h1>POUR S\u2019Y RENDRE<\/h1>\n<div id=\"gtx-trans\" style=\"position: absolute; left: 135px; top: -10px;\">\n<div class=\"gtx-trans-icon\"><\/div>\n<\/div>\n<p>[\/vc_column_text]<div style=\"background-color:;height: 25px\" class=\"nicdark_section  \"><\/div>[vc_column_text]<strong>Conseils utiles (voyages \u2013 parking)<\/strong>[\/vc_column_text][\/vc_column_inner][\/vc_row_inner][vc_row_inner][vc_column_inner css=&#8221;.vc_custom_1607330987558{padding-top: 30px !important;padding-right: 30px !important;padding-bottom: 15px !important;padding-left: 30px !important;background-color: #ffffff !important;}&#8221; offset=&#8221;vc_col-xs-12&#8243;][vc_column_text el_class=&#8221;hotel-text&#8221;]a) Ferry \/ Hydrofoil (bateau rapide) toutes les compagnies de voyage annoncent chaque ann\u00e9e leurs horaires le 1er mai. Ensuite, il ya un changement sur ces horaires, habituellement dans les 15 premiers jours de Juin. Des nombreux voyageurs pour Skopelos-Alonissos r\u00e9servent leur h\u00e9bergement et puis, en Mai ou en Juin, ils r\u00e9servent leurs billets en ligne.<\/p>\n<p>b) Entre 15\/06 \u2013 15\/09 le meilleur moyen d\u2019atteindre (Skiathos) -Skopelos \u2013Alonissos se fait par vol r\u00e9gulier \u00e0 l\u2019\u00eele de Skiathos, taxi pour le port de Skiathos (5 minutes) puis en bateau ou en hydroglisseur \u00e0 Skopelos \u2013 Alonissos. Il n\u2019est pas n\u00e9cessaire de r\u00e9server un taxi \u00e0 l\u2019\u00eele de Skiathos. Si vous voulez aller \u00e0 Skopelos ou Alonissos, vous devez trouver un vol arrivant t\u00f4t sur l\u2019\u00eele de Skiathos et d\u00e9partant tard afin de vous sentir plus chanceux.[\/vc_column_text][\/vc_column_inner][\/vc_row_inner]<div style=\"background-color:;height: 20px\" class=\"nicdark_section  \"><\/div>[vc_toggle title=&#8221;LIRE PLUS&#8221;]Il ya aussi un service de taxi de l\u2019eau de Skiathos \u00e0 l\u2019\u00eele de Skopelos sur rendez-vous. 150,00euros jusqu\u2019\u00e0 4 personnes et chaque personne suppl\u00e9mentaire \u20ac 20,00. 20-25 minutes \u00e0 Skopelos (Glossa, Elios-Adrina-Panormos). En outre, nous pouvons organiser un taxi qui vous emm\u00e8nera de l\u2019a\u00e9roport au taxi de l\u2019eau. Le taxi co\u00fbte 12,00 euros par rendez-vous ou de 8,00 \u00e0 9,00 euro sans rendez-vous.<\/p>\n<p>c) Pour les voyages en Juillet et Ao\u00fbt, nous vous recommandons fortement de r\u00e9server des billets aller-retour \u00e0 l\u2019avance.Un changement de r\u00e9servation engage des frais \u2026<\/p>\n<p>d) l\u2019\u00eele de Skopelos poss\u00e8de deux ports \u2013 Glossa (ou Loutraki) et la ville de Skopelos. Il est conseill\u00e9 de v\u00e9rifier aupr\u00e8s de votre fournisseur d\u2019h\u00e9bergement que l\u2019on vous sert mieux. Les deux ports ont prix du billet diff\u00e9rent.<\/p>\n<p>e) Il ya des transferts quotidiens de Aghios Konstantinos et de Volos \u00e0 Skiathos \u2013 Skopelos \u2013 Alonissos.<\/p>\n<p>f)Si vous venez d\u2019Ath\u00e8nes, vous pouvez partir des ports suivants:<\/p>\n<p>i)Konstantinos<\/p>\n<p>ii)Mantoudi Evia<\/p>\n<p>iii)Kymi Evia<\/p>\n<p>f1)De bateaux simples ou \u00e0 grande vitesse d\u2019 Hellenic Seaways et de Aegean Flying Dolphins partent chaque jour. Pour les itin\u00e9raires d\u2019 Hellenic Seaways vous pouvez vous servir de l\u2019agence Alkyon Travel; rue Akadimias num. 97, place Kaniggos, tel:+30 2103832545. Pour les itin\u00e9raires d\u2019 Aegean Flying Dolphins, vous pouvez servir de l\u2019agence Jeta Tours, rue Nikis num. 54, Syntagma, tel: +30 2103227353. Les deux agences offrent un bus en correspondance avec les bateaux.De Mantoudi d\u2019Evia, partent de bateaux d\u2019ANES. Vous pouvez aller \u00e0 Mantoudi depuis Ath\u00e8nes, en bus en correspondance avec le bateau.De Kymi d\u2019Evia partent de bateaux de SNE.Si vous voyagez depuis Ath\u00e8nes, vous pouvez acheter votre billet de l\u2019Agence Alkyon Travel, rue Akadimias num. 97, pl. Kaniggos. Il y a un bus en correspondance avec les bateaux ou les bateaux \u00e0 grande vitesse. Au cas que vous ne voulez pas aller au centre d\u2019Ath\u00e8nes pour acheter votre billet, contactez avec les agence d\u2019Agios Konstantinos (Alkyon Travel +30 2235031989 ou Bilalis Travel +30 2235031874) et faites votre r\u00e9serve. Ces agences peuvent entrer en contact avec l\u2019agence d\u2019Ath\u00e8nes et vous pouvez aller \u00e0 pl. Kaniggos ou pl. Syntagma le jour de votre d\u00e9part pour prendre le bus pour Agios Konstantinos.<\/p>\n<p>f2)Il y a la possibilit\u00e9 de faire un arr\u00eat interm\u00e9diaire \u00e0 la Rue Nationale (arr\u00eat Kalyftaki) que sert les banlieues du Nord, mais de confirmation est n\u00e9cessaire.<\/p>\n<p>f3)En cas de poss\u00e9der de voiture, vous pouvez faire votre r\u00e9serve aux agences d\u2019Agios Konstantinos et recevoir vos billets \u00e0 votre arriv\u00e9e.<\/p>\n<p>g) La mani\u00e8re s\u00e9curis\u00e9e est d\u2019aller \u00e0 Thessalonique Volos port par lequel il ya correspondance quotidienne de Skopelos. Vous pouvez aller de Thessalonique \u00e0 Volos ou le contraire en louant une voiture \u00e0 partir de www.avis.gr. Vous livrer la voiture \u00e0 Volos et puis quand vous partez vous livrer la voiture \u00e0 Thessalonique.<\/p>\n<p>h) Si vous avez l\u2019intention de prendre le train \u00e0 destination de Volos utiliser uniquement le train Intercity! Seul le IC va directement \u00e0 votre destination sans beaucoup d\u2019arr\u00eats et des changements de train.<\/p>\n<p><strong>Acc\u00e8s \u00e0 partir d\u2019autres pays :<\/strong><\/p>\n<p>a)Vol lou\u00e9 pour Skiathos, Taxi pour le port de Skiathos (5min), bateau ou Flying Dolphin pour Skopelos-Alonnissos.<\/p>\n<p>b)Vol lou\u00e9 ou programm\u00e9 pour Ath\u00e8nes- vol interne \u00e0 l\u2019a\u00e9roport de Skiathos (35 minutes)- taxi depuis l\u2019a\u00e9roport pour le port de Skiathos (5 minutes) flying dolphin pour le port de Glossa (20 minutes) ou Skopelos (jusqu\u2019au 45 minutes).<\/p>\n<p>c)Vol lou\u00e9 ou programm\u00e9 \u00e0 l\u2019a\u00e9roport d\u2019Ath\u00e8nes- Taxi pour rue Akadimias num\u00e9ro 97 aux bureaux d\u2019Alkyon Travel. Les bureaux de Minoan Lines se trouvent l\u00e0 et un bus touristique parte pour faire correspondance avec un flying dolphin depuis le port d\u2019Agios Konstantinos. Bateau ou flying dolphin pour Skiathos-Skopelos-Alonnissos.<\/p>\n<p>d)Vol lou\u00e9 ou programm\u00e9 pour Thessalonique- bus ou taxi pour le port de Th\u00e9ssalonique \u2013 bateau ou flying dolphin pour les ports de Skiathos-Skopelos.<\/p>\n<p>e)Vol lou\u00e9 ou programm\u00e9 pour Thessqlonique- bus ou train pour le port de Volos- batreau ou flying dolphin pour les ports de Skiathos-Skopelos.<\/p>\n<p>f)Voiture priv\u00e9e \u00e0 travers d\u2019Italie (\u00e0 Patras ou \u00e0 Igoumenitsa) \u00e0 toute la parte continentale et au port d\u2019Agios Konstantinos- bateau ou flying dolphin \u00e0 Skiathos-Skopelos-Alonnissos.<\/p>\n<p>g)Voiture priv\u00e9e \u00e0 travers d\u2019Italie (\u00e0 Patras ou \u00e0 Igoumenitsa) \u00e0 toute la parte continentale et au port de Volos- bateau ou flying dolphin \u00e0 Skiathos-Skopelos-Alonnissos<\/p>\n<p><strong>Acc\u00e8s par l\u2019int\u00e9rieur Gr\u00e8ce:<\/strong><\/p>\n<p>a) D\u2019Ath\u00e8nes \u00e0 Skiathos prend 35 minutes par avion et de Skiathos \u00e0 Volos par Flying Dolphin le voyage dure environ 1 heure et en bateau, 2 heures et 30 minutes.<\/p>\n<p>b) D\u2019Ath\u00e8nes \u00e0 Aghios Konstantinos: Bus ou taxi pour Alkyon (agence de voyages), 97 Akademias Street, Kanigos Square, Ath\u00e8nes. Le bus de l\u2019agence vous am\u00e8nera au Port de Aghios Konstantinos et en contact avec hydroglisseur ou ferry-boat vers les ports de la ville de Skopelos ou Glossa<\/p>\n<p>c) D\u2019Ath\u00e8nes \u00e0 Volos par la route avec le KTEL (Soci\u00e9t\u00e9 entra\u00eeneur national) environ quatre heures de distance (Distance en km Athens-Volos: 324) \u2013 Bateau ou Hydrofoil \u00e0 Skiathos \u2013 Skopelos \u2013 Alonissos.<\/p>\n<p>d) D\u2019Ath\u00e8nes \u00e0 Volos en train Intercity -dur\u00e9e 4 heures et 30 minutes \u2013 bateaux ou Hydrofoil \u00e0 Skiathos \u2013 Skopelos \u2013 Alonissos.<\/p>\n<p>e) De Thessalonique \u00e0 Volos par KTEL le trajet dure environ 3 heures (Distance en km de Thessalonique-Volos: 216) \u2013 Bateaux Hydrofoil ou \u00e0 Skiathos \u2013 Skopelos \u2013 Alonissos.<\/p>\n<p>f) De Thessalonique \u00e0 Volos en train, le trajet dure trois heures \u2013 Bateau ou Hydrofoil \u00e0 Skiathos \u2013 Skopelos \u2013 Alonissos.<\/p>\n<p>g) Du Port de Thessalonique (Seulement Juin \u00e0 mi Septembre et non chaque ann\u00e9e) \u2013 bateau ou hydroglisseur \u00e0 Skiathos \u2013 Skopelos \u2013 Alonissos.<\/p>\n<p>POUR AVOIR PLUS DE D\u00c9TAILS, S\u2019IL VOUS PLA\u00ceT CLIQUEZ ICI:<\/p>\n<p>www.skopelos.com[\/vc_toggle]<div style=\"background-color:;height: 35px\" class=\"nicdark_section  \"><\/div>[\/vc_column][vc_column width=&#8221;1\/3&#8243;][vc_single_image image=&#8221;2252&#8243; img_size=&#8221;medium&#8221; alignment=&#8221;center&#8221; onclick=&#8221;custom_link&#8221; link=&#8221;https:\/\/adrinabeach.reserve-online.net\/&#8221;]<div style=\"background-color:;height: 40px\" class=\"nicdark_section  \"><\/div>[\/vc_column][\/vc_row][vc_row full_width=&#8221;stretch_row_content&#8221;][vc_column offset=&#8221;vc_hidden-lg&#8221; css=&#8221;.vc_custom_1609750836761{padding-right: 5px !important;padding-left: 5px !important;}&#8221;][vc_raw_html]JTVCcGFubyUyMGZpbGUlM0QlMjJodHRwcyUzQSUyRiUyRmFkcmluYWJlYWNoLmNvbSUyRjM2MCUyRkFkcmluYV9CZWFjaC5odG1sJTNGcyUzRHBhbm8xMCUyNnNraXBpbnRybyUzRHRydWUlMjIlMjB3aWR0aCUzRCUyMjEwMCUyNSUyMiUyMGhlaWdodCUzRCUyMjUwMHB4JTIyJTVE[\/vc_raw_html]<div style=\"background-color:;height: 25px\" class=\"nicdark_section  \"><\/div>[\/vc_column][\/vc_row][vc_row css_animation=&#8221;fadeInUp&#8221;][vc_column width=&#8221;2\/3&#8243; offset=&#8221;vc_col-sm-offset-0&#8243;][vc_row_inner][vc_column_inner offset=&#8221;vc_hidden-md vc_hidden-sm vc_hidden-xs&#8221;][vc_raw_html]JTVCcGFubyUyMGZpbGUlM0QlMjJodHRwcyUzQSUyRiUyRmFkcmluYWJlYWNoLmNvbSUyRjM2MCUyRkFkcmluYV9CZWFjaC5odG1sJTNGcyUzRHBhbm8xMCUyNnNraXBpbnRybyUzRHRydWUlMjIlMjB3aWR0aCUzRCUyMjEwMCUyNSUyMiUyMGhlaWdodCUzRCUyMjUwMHB4JTIyJTVE[\/vc_raw_html][\/vc_column_inner][\/vc_row_inner][\/vc_column][vc_column width=&#8221;1\/3&#8243;][vc_row_inner][vc_column_inner]<div style=\"background-color:;height: 20px\" class=\"nicdark_section  \"><\/div> <h5 style=\"color:#7f7f7f;padding:px;text-align:center;font-size:12px;line-height:12px;letter-spacing: 2px;font-weight:lighter\" class=\"   nd_options_second_font \">CONTACT<\/h5> <div style=\"background-color:;height: 10px\" class=\"nicdark_section  \"><\/div> <h2 style=\"color:#7f7f7f;padding:px;text-align:center;font-size:25px;line-height:25px;letter-spacing: px;font-weight:normal\" class=\"   nd_options_first_font \">Get In Touch<\/h2> <div style=\"background-color:;height: 20px\" class=\"nicdark_section  \"><\/div>[\/vc_column_inner][\/vc_row_inner][vc_row_inner][vc_column_inner offset=&#8221;vc_col-sm-offset-0&#8243;][vc_acf field_group=&#8221;5175&#8243; field_from_5175=&#8221;field_5fdf30afae0d5&#8243; field_from_2263=&#8221;field_5fccad849934f&#8221;][\/vc_column_inner][\/vc_row_inner][\/vc_column][\/vc_row][vc_row][vc_column]<div style=\"background-color:;height: 40px\" class=\"nicdark_section  \"><\/div>[\/vc_column][\/vc_row]<\/p>\n","protected":false},"excerpt":{"rendered":"<p>[vc_row][vc_column][\/vc_column][\/vc_row][vc_row css_animation=&#8221;fadeInUp&#8221;][vc_column width=&#8221;2\/3&#8243;][vc_row_inner][vc_column_inner][vc_column_text] POUR S\u2019Y RENDRE [\/vc_column_text][vc_column_text]Conseils utiles (voyages \u2013 parking)[\/vc_column_text][\/vc_column_inner][\/vc_row_inner][vc_row_inner][vc_column_inner css=&#8221;.vc_custom_1607330987558{padding-top: 30px !important;padding-right: 30px !important;padding-bottom: 15px !important;padding-left: 30px !important;background-color: #ffffff !important;}&#8221; offset=&#8221;vc_col-xs-12&#8243;][vc_column_text el_class=&#8221;hotel-text&#8221;]a) Ferry \/ Hydrofoil (bateau rapide) toutes les compagnies de voyage annoncent chaque ann\u00e9e leurs horaires le 1er mai. Ensuite, il ya un changement sur ces horaires, habituellement dans les 15 premiers [&hellip;]<\/p>\n","protected":false},"author":1,"featured_media":0,"parent":0,"menu_order":0,"comment_status":"closed","ping_status":"closed","template":"","meta":{"footnotes":""},"class_list":["post-4305","page","type-page","status-publish","hentry"],"yoast_head":"<!-- This site is optimized with the Yoast SEO Premium plugin v15.6.2 - https:\/\/yoast.com\/wordpress\/plugins\/seo\/ -->\n<title>Skopelos Adrina Hotels, POUR S\u2019Y RENDRE - Adrina Beach Hotel<\/title>\n<meta name=\"description\" content=\"Skopelos Adrina Hotels, \u03a3\u03ba\u03cc\u03c0\u03b5\u03bb\u03bf\u03c2 \u039e\u03b5\u03bd\u03bf\u03b4\u03bf\u03c7\u03b5\u03af\u03b1 \u0391\u03bd\u03c4\u03c1\u03af\u03bd\u03b1 - Adrina Beach Hotel\" \/>\n<meta name=\"robots\" content=\"index, follow, max-snippet:-1, max-image-preview:large, max-video-preview:-1\" \/>\n<link rel=\"canonical\" href=\"https:\/\/adrinabeach.com\/fr\/skopelos-hotels-pour-sy-rendre\/\" \/>\n<meta property=\"og:locale\" content=\"fr_FR\" \/>\n<meta property=\"og:type\" content=\"article\" \/>\n<meta property=\"og:title\" content=\"Skopelos Adrina Hotels, POUR S\u2019Y RENDRE - Adrina Beach Hotel\" \/>\n<meta property=\"og:description\" content=\"Skopelos Adrina Hotels, \u03a3\u03ba\u03cc\u03c0\u03b5\u03bb\u03bf\u03c2 \u039e\u03b5\u03bd\u03bf\u03b4\u03bf\u03c7\u03b5\u03af\u03b1 \u0391\u03bd\u03c4\u03c1\u03af\u03bd\u03b1 - Adrina Beach Hotel\" \/>\n<meta property=\"og:url\" content=\"https:\/\/adrinabeach.com\/fr\/skopelos-hotels-pour-sy-rendre\/\" \/>\n<meta property=\"og:site_name\" content=\"Adrina Beach Hotel\" \/>\n<meta property=\"article:publisher\" content=\"https:\/\/www.facebook.com\/adrinahotelsskopelos\" \/>\n<meta property=\"article:modified_time\" content=\"2021-01-10T16:34:40+00:00\" \/>\n<meta name=\"twitter:card\" content=\"summary_large_image\" \/>\n<meta name=\"twitter:site\" content=\"@ADRINAHOTELS\" \/>\n<meta name=\"twitter:label1\" content=\"Dur\u00e9e de lecture estim\u00e9e\">\n\t<meta name=\"twitter:data1\" content=\"8 minutes\">\n<script type=\"application\/ld+json\" class=\"yoast-schema-graph\">{\"@context\":\"https:\/\/schema.org\",\"@graph\":[{\"@type\":\"Organization\",\"@id\":\"https:\/\/adrinabeach.com\/fr\/#organization\",\"name\":\"Adrina Beach Hotel\",\"url\":\"https:\/\/adrinabeach.com\/fr\/\",\"sameAs\":[\"https:\/\/www.facebook.com\/adrinahotelsskopelos\",\"https:\/\/www.instagram.com\/adrinahotelsskopelos\/\",\"https:\/\/www.linkedin.com\/in\/skopelos\/\",\"https:\/\/www.youtube.com\/channel\/UCYNViv2aIt05aWVDe6ekRyg\",\"https:\/\/twitter.com\/ADRINAHOTELS\"],\"logo\":{\"@type\":\"ImageObject\",\"@id\":\"https:\/\/adrinabeach.com\/fr\/#logo\",\"inLanguage\":\"fr-FR\",\"url\":\"https:\/\/adrinabeach.com\/wp-content\/uploads\/logos\/adrinabeachlogo.png\",\"width\":694,\"height\":264,\"caption\":\"Adrina Beach Hotel\"},\"image\":{\"@id\":\"https:\/\/adrinabeach.com\/fr\/#logo\"}},{\"@type\":\"WebSite\",\"@id\":\"https:\/\/adrinabeach.com\/fr\/#website\",\"url\":\"https:\/\/adrinabeach.com\/fr\/\",\"name\":\"Adrina Beach Hotel\",\"description\":\"Adrina Beach Hotel\",\"publisher\":{\"@id\":\"https:\/\/adrinabeach.com\/fr\/#organization\"},\"potentialAction\":[{\"@type\":\"SearchAction\",\"target\":\"https:\/\/adrinabeach.com\/fr\/?s={search_term_string}\",\"query-input\":\"required name=search_term_string\"}],\"inLanguage\":\"fr-FR\"},{\"@type\":\"WebPage\",\"@id\":\"https:\/\/adrinabeach.com\/fr\/skopelos-hotels-pour-sy-rendre\/#webpage\",\"url\":\"https:\/\/adrinabeach.com\/fr\/skopelos-hotels-pour-sy-rendre\/\",\"name\":\"Skopelos Adrina Hotels, POUR S\\u2019Y RENDRE - Adrina Beach Hotel\",\"isPartOf\":{\"@id\":\"https:\/\/adrinabeach.com\/fr\/#website\"},\"datePublished\":\"2020-12-15T12:55:27+00:00\",\"dateModified\":\"2021-01-10T16:34:40+00:00\",\"description\":\"Skopelos Adrina Hotels, \\u03a3\\u03ba\\u03cc\\u03c0\\u03b5\\u03bb\\u03bf\\u03c2 \\u039e\\u03b5\\u03bd\\u03bf\\u03b4\\u03bf\\u03c7\\u03b5\\u03af\\u03b1 \\u0391\\u03bd\\u03c4\\u03c1\\u03af\\u03bd\\u03b1 - Adrina Beach Hotel\",\"inLanguage\":\"fr-FR\",\"potentialAction\":[{\"@type\":\"ReadAction\",\"target\":[\"https:\/\/adrinabeach.com\/fr\/skopelos-hotels-pour-sy-rendre\/\"]}]}]}<\/script>\n<!-- \/ Yoast SEO Premium plugin. -->","_links":{"self":[{"href":"https:\/\/adrinabeach.com\/fr\/wp-json\/wp\/v2\/pages\/4305","targetHints":{"allow":["GET"]}}],"collection":[{"href":"https:\/\/adrinabeach.com\/fr\/wp-json\/wp\/v2\/pages"}],"about":[{"href":"https:\/\/adrinabeach.com\/fr\/wp-json\/wp\/v2\/types\/page"}],"author":[{"embeddable":true,"href":"https:\/\/adrinabeach.com\/fr\/wp-json\/wp\/v2\/users\/1"}],"replies":[{"embeddable":true,"href":"https:\/\/adrinabeach.com\/fr\/wp-json\/wp\/v2\/comments?post=4305"}],"version-history":[{"count":0,"href":"https:\/\/adrinabeach.com\/fr\/wp-json\/wp\/v2\/pages\/4305\/revisions"}],"wp:attachment":[{"href":"https:\/\/adrinabeach.com\/fr\/wp-json\/wp\/v2\/media?parent=4305"}],"curies":[{"name":"wp","href":"https:\/\/api.w.org\/{rel}","templated":true}]}}