{"id":4354,"date":"2020-12-15T14:55:27","date_gmt":"2020-12-15T12:55:27","guid":{"rendered":"https:\/\/adrinabeach.com\/skopelos-hotels-getting-here\/"},"modified":"2021-01-10T18:32:54","modified_gmt":"2021-01-10T16:32:54","slug":"skopelos-hotels-anreise","status":"publish","type":"page","link":"https:\/\/adrinabeach.com\/de\/skopelos-hotels-anreise\/","title":{"rendered":"ANREISE"},"content":{"rendered":"<p>[vc_row][vc_column]\n\t\t\t<!-- START GETTING HERE REVOLUTION SLIDER 6.2.23 --><p class=\"rs-p-wp-fix\"><\/p>\n\t\t\t<rs-module-wrap id=\"rev_slider_39_1_wrapper\" data-source=\"gallery\" style=\"background:transparent;padding:0;margin:0px auto;margin-top:0;margin-bottom:0;\">\n\t\t\t\t<rs-module id=\"rev_slider_39_1\" style=\"\" data-version=\"6.2.23\">\n\t\t\t\t\t<rs-slides>\n\t\t\t\t\t\t<rs-slide data-key=\"rs-202\" data-thumb=\"\/\/adrinabeach.com\/wp-content\/uploads\/facilities\/getting_here\/skopelos-hotels-adrina-hotels-26-100x50.jpg\" data-anim=\"ei:d;eo:d;s:800;r:0;t:fade;sl:d;\">\n\t\t\t\t\t\t\t<img loading=\"lazy\" decoding=\"async\" src=\"\/\/adrinabeach.com\/wp-content\/uploads\/facilities\/getting_here\/skopelos-hotels-adrina-hotels-26.jpg\" alt=\"skopelos hotels adrina hotels\" title=\"skopelos hotels adrina hotels\" width=\"1270\" height=\"1080\" data-parallax=\"8\" class=\"rev-slidebg\" data-no-retina>\n<!---->\t\t\t\t\t\t<\/rs-slide>\n\t\t\t\t\t\t<rs-slide data-key=\"rs-207\" data-thumb=\"\/\/adrinabeach.com\/wp-content\/uploads\/facilities\/getting_here\/skopelos-hotels-adrina-hotels-18-100x50.jpg\" data-anim=\"ei:d;eo:d;s:800;r:0;t:fade;sl:d;\">\n\t\t\t\t\t\t\t<img loading=\"lazy\" decoding=\"async\" src=\"\/\/adrinabeach.com\/wp-content\/uploads\/facilities\/getting_here\/skopelos-hotels-adrina-hotels-18.jpg\" alt=\"skopelos hotels adrina hotels\" title=\"skopelos hotels adrina hotels\" width=\"1630\" height=\"1080\" data-parallax=\"8\" class=\"rev-slidebg\" data-no-retina>\n<!---->\t\t\t\t\t\t<\/rs-slide>\n\t\t\t\t\t\t<rs-slide data-key=\"rs-208\" data-thumb=\"\/\/adrinabeach.com\/wp-content\/uploads\/facilities\/getting_here\/skopelos-hotels-adrina-hotels-15-100x50.jpg\" data-anim=\"ei:d;eo:d;s:800;r:0;t:fade;sl:d;\">\n\t\t\t\t\t\t\t<img loading=\"lazy\" decoding=\"async\" src=\"\/\/adrinabeach.com\/wp-content\/uploads\/facilities\/getting_here\/skopelos-hotels-adrina-hotels-15.jpg\" alt=\"skopelos hotels adrina hotels\" title=\"skopelos hotels adrina hotels\" width=\"1625\" height=\"1080\" data-parallax=\"8\" class=\"rev-slidebg\" data-no-retina>\n<!---->\t\t\t\t\t\t<\/rs-slide>\n\t\t\t\t\t<\/rs-slides>\n\t\t\t\t\t<rs-static-layers><!--\n\n\t\t\t\t\t\t\t--><rs-layer\n\t\t\t\t\t\t\t\tid=\"slider-39-slide-36-layer-0\" \n\t\t\t\t\t\t\t\tclass=\"rev-scroll-btn rev-b-span-light rs-layer-static\"\n\t\t\t\t\t\t\t\tdata-type=\"button\"\n\t\t\t\t\t\t\t\tdata-xy=\"x:c;yo:691px,661px,870px,602px;\"\n\t\t\t\t\t\t\t\tdata-text=\"w:normal;s:17,14,10,9;l:20,16,12,10;ls:1,0,0,0;\"\n\t\t\t\t\t\t\t\tdata-dim=\"w:35px,28px,21px,15px;h:55px,45px,34px,28px;minw:35px,none,none,none;minh:55px,none,none,none;\"\n\t\t\t\t\t\t\t\tdata-actions='o:click;a:scrollbelow;sp:1000ms;e:power1.inOut;'\n\t\t\t\t\t\t\t\tdata-rsp_bd=\"off\"\n\t\t\t\t\t\t\t\tdata-onslides=\"s:1;\"\n\t\t\t\t\t\t\t\tdata-padding=\"t:22,18,14,13;r:14,12,9,9;b:22,18,14,13;l:14,12,9,9;\"\n\t\t\t\t\t\t\t\tdata-border=\"bos:solid;boc:rgba(255,255,255,0.75);bow:3px,3px,3px,3px;bor:23px,23px,23px,23px;\"\n\t\t\t\t\t\t\t\tdata-frame_0=\"x:0,0,0,0px;y:0,0,0,0px;\"\n\t\t\t\t\t\t\t\tdata-frame_1=\"x:0,0,0,0px;y:0,0,0,0px;\"\n\t\t\t\t\t\t\t\tdata-frame_999=\"o:0;st:w;\"\n\t\t\t\t\t\t\t\tstyle=\"z-index:5;font-family:Roboto;text-transform:uppercase;\"\n\t\t\t\t\t\t\t><span><\/span><span><\/span><span><\/span> \n\t\t\t\t\t\t\t<\/rs-layer><!--\n\t\t\t\t\t--><\/rs-static-layers>\n\t\t\t\t<\/rs-module>\n\t\t\t\t<script type=\"text\/javascript\">\n\t\t\t\t\tsetREVStartSize({c: 'rev_slider_39_1',rl:[1240,1024,778,480],el:[800,768,960,720],gw:[1240,1024,778,480],gh:[800,768,960,720],type:'standard',justify:'',layout:'fullwidth',mh:\"0\"});\n\t\t\t\t\tvar\trevapi39,\n\t\t\t\t\t\ttpj;\n\t\t\t\t\tfunction revinit_revslider391() {\n\t\t\t\t\tjQuery(function() {\n\t\t\t\t\t\ttpj = jQuery;\n\t\t\t\t\t\trevapi39 = tpj(\"#rev_slider_39_1\");\n\t\t\t\t\t\tif(revapi39==undefined || revapi39.revolution == undefined){\n\t\t\t\t\t\t\trevslider_showDoubleJqueryError(\"rev_slider_39_1\");\n\t\t\t\t\t\t}else{\n\t\t\t\t\t\t\trevapi39.revolution({\n\t\t\t\t\t\t\t\tsliderLayout:\"fullwidth\",\n\t\t\t\t\t\t\t\tvisibilityLevels:\"1240,1024,778,480\",\n\t\t\t\t\t\t\t\tgridwidth:\"1240,1024,778,480\",\n\t\t\t\t\t\t\t\tgridheight:\"800,768,960,720\",\n\t\t\t\t\t\t\t\tspinner:\"spinner3\",\n\t\t\t\t\t\t\t\tperspective:600,\n\t\t\t\t\t\t\t\tperspectiveType:\"local\",\n\t\t\t\t\t\t\t\teditorheight:\"800,768,960,720\",\n\t\t\t\t\t\t\t\tresponsiveLevels:\"1240,1024,778,480\",\n\t\t\t\t\t\t\t\tprogressBar:{disableProgressBar:true},\n\t\t\t\t\t\t\t\tnavigation: {\n\t\t\t\t\t\t\t\t\tkeyboardNavigation:true,\n\t\t\t\t\t\t\t\t\tonHoverStop:false,\n\t\t\t\t\t\t\t\t\ttouch: {\n\t\t\t\t\t\t\t\t\t\ttouchenabled:true,\n\t\t\t\t\t\t\t\t\t\ttouchOnDesktop:true\n\t\t\t\t\t\t\t\t\t},\n\t\t\t\t\t\t\t\t\tarrows: {\n\t\t\t\t\t\t\t\t\t\tenable:true,\n\t\t\t\t\t\t\t\t\t\tstyle:\"uranus\",\n\t\t\t\t\t\t\t\t\t\tleft: {\n\n\t\t\t\t\t\t\t\t\t\t},\n\t\t\t\t\t\t\t\t\t\tright: {\n\n\t\t\t\t\t\t\t\t\t\t}\n\t\t\t\t\t\t\t\t\t},\n\t\t\t\t\t\t\t\t\tbullets: {\n\t\t\t\t\t\t\t\t\t\tenable:true,\n\t\t\t\t\t\t\t\t\t\ttmp:\"\",\n\t\t\t\t\t\t\t\t\t\tstyle:\"bullet-bar\",\n\t\t\t\t\t\t\t\t\t\tv_offset:30\n\t\t\t\t\t\t\t\t\t}\n\t\t\t\t\t\t\t\t},\n\t\t\t\t\t\t\t\tparallax: {\n\t\t\t\t\t\t\t\t\tlevels:[5,10,15,20,25,30,35,40,45,46,47,48,49,50,51,55],\n\t\t\t\t\t\t\t\t\ttype:\"scroll\",\n\t\t\t\t\t\t\t\t\torigo:\"slidercenter\"\n\t\t\t\t\t\t\t\t},\n\t\t\t\t\t\t\t\tfallbacks: {\n\t\t\t\t\t\t\t\t\tallowHTML5AutoPlayOnAndroid:true\n\t\t\t\t\t\t\t\t},\n\t\t\t\t\t\t\t});\n\t\t\t\t\t\t\tvar ua = window.navigator.userAgent;\nvar msie = ua.indexOf(\"MSIE \");\n\nif(msie > 0 || !!navigator.userAgent.match(\/Trident.*rv\\:11\\.\/) || ('CSS' in window && 'supports' in window.CSS && !window.CSS.supports('mix-blend-mode', 'screen'))) {\n \n var bgColor = 'rgba(245, 245, 245, 0.5)';\n \/\/jQuery('.rev_slider .rs-layer[data-blendmode]').removeAttr('data-blendmode').css('background', bgColor);\n jQuery('.rev_slider .rs-layer[data-blendmode]').remove();\n}\n\t\t\t\t\t\t}\n\t\t\t\t\t\t\n\t\t\t\t\t});\n\t\t\t\t\t} \/\/ End of RevInitScript\n\t\t\t\tvar once_revslider391 = false;\n\t\t\t\tif (document.readyState === \"loading\") {document.addEventListener('readystatechange',function() { if((document.readyState === \"interactive\" || document.readyState === \"complete\") && !once_revslider391 ) { once_revslider391 = true; revinit_revslider391();}});} else {once_revslider391 = true; revinit_revslider391();}\n\t\t\t\t<\/script>\n\t\t\t\t<script>\n\t\t\t\t\tvar htmlDivCss = '\t#rev_slider_39_1_wrapper rs-loader.spinner3 div { background-color: #FFFFFF !important; } ';\n\t\t\t\t\tvar htmlDiv = document.getElementById('rs-plugin-settings-inline-css');\n\t\t\t\t\tif(htmlDiv) {\n\t\t\t\t\t\thtmlDiv.innerHTML = htmlDiv.innerHTML + htmlDivCss;\n\t\t\t\t\t}else{\n\t\t\t\t\t\tvar htmlDiv = document.createElement('div');\n\t\t\t\t\t\thtmlDiv.innerHTML = '<style>' + htmlDivCss + '<\/style>';\n\t\t\t\t\t\tdocument.getElementsByTagName('head')[0].appendChild(htmlDiv.childNodes[0]);\n\t\t\t\t\t}\n\t\t\t\t<\/script>\n\t\t\t\t<script>\n\t\t\t\t\tvar htmlDivCss = unescape(\"%23rev_slider_39_1_wrapper%20.uranus.tparrows%20%7B%0A%20%20width%3A50px%3B%0A%20%20height%3A50px%3B%0A%20%20background%3Argba%28255%2C255%2C255%2C0%29%3B%0A%20%7D%0A%20%23rev_slider_39_1_wrapper%20.uranus.tparrows%3Abefore%20%7B%0A%20width%3A50px%3B%0A%20height%3A50px%3B%0A%20line-height%3A50px%3B%0A%20font-size%3A40px%3B%0A%20transition%3Aall%200.3s%3B%0A-webkit-transition%3Aall%200.3s%3B%0A%20%7D%0A%20%0A%20%20%23rev_slider_39_1_wrapper%20.uranus.tparrows%3Ahover%3Abefore%20%7B%0A%20%20%20%20opacity%3A0.75%3B%0A%20%20%7D%0A.bullet-bar.tp-bullets%20%7B%0A%7D%0A.bullet-bar.tp-bullets%3Abefore%20%7B%0A%09content%3A%22%20%22%3B%0A%09position%3Aabsolute%3B%0A%09width%3A100%25%3B%0A%09height%3A100%25%3B%0A%09background%3Atransparent%3B%0A%09padding%3A10px%3B%0A%09margin-left%3A-10px%3Bmargin-top%3A-10px%3B%0A%09box-sizing%3Acontent-box%3B%0A%7D%0A.bullet-bar%20.tp-bullet%20%7B%0A%09width%3A60px%3B%0A%09height%3A3px%3B%0A%09position%3Aabsolute%3B%0A%09background%3A%23aaa%3B%0A%20%20%20%20background%3Argba%28204%2C204%2C204%2C0.5%29%3B%0A%09cursor%3A%20pointer%3B%0A%09box-sizing%3Acontent-box%3B%0A%7D%0A.bullet-bar%20.tp-bullet%3Ahover%2C%0A.bullet-bar%20.tp-bullet.selected%20%7B%0A%09%20background%3Argba%28204%2C204%2C204%2C1%29%3B%0A%7D%0A.bullet-bar%20.tp-bullet-image%20%7B%0A%7D%0A.bullet-bar%20.tp-bullet-title%20%7B%0A%7D%0A%0A\");\n\t\t\t\t\tvar htmlDiv = document.getElementById('rs-plugin-settings-inline-css');\n\t\t\t\t\tif(htmlDiv) {\n\t\t\t\t\t\thtmlDiv.innerHTML = htmlDiv.innerHTML + htmlDivCss;\n\t\t\t\t\t}else{\n\t\t\t\t\t\tvar htmlDiv = document.createElement('div');\n\t\t\t\t\t\thtmlDiv.innerHTML = '<style>' + htmlDivCss + '<\/style>';\n\t\t\t\t\t\tdocument.getElementsByTagName('head')[0].appendChild(htmlDiv.childNodes[0]);\n\t\t\t\t\t}\n\t\t\t\t<\/script>\n\t\t\t\t<script>\n\t\t\t\t\tvar htmlDivCss = unescape(\"%0A%0A%0A%0A%0A%0A\");\n\t\t\t\t\tvar htmlDiv = document.getElementById('rs-plugin-settings-inline-css');\n\t\t\t\t\tif(htmlDiv) {\n\t\t\t\t\t\thtmlDiv.innerHTML = htmlDiv.innerHTML + htmlDivCss;\n\t\t\t\t\t}else{\n\t\t\t\t\t\tvar htmlDiv = document.createElement('div');\n\t\t\t\t\t\thtmlDiv.innerHTML = '<style>' + htmlDivCss + '<\/style>';\n\t\t\t\t\t\tdocument.getElementsByTagName('head')[0].appendChild(htmlDiv.childNodes[0]);\n\t\t\t\t\t}\n\t\t\t\t<\/script>\n\t\t\t<\/rs-module-wrap>\n\t\t\t<!-- END REVOLUTION SLIDER -->\n<div style=\"background-color:;height: 25px\" class=\"nicdark_section  \"><\/div>[\/vc_column][\/vc_row][vc_row css_animation=&#8221;fadeInUp&#8221;][vc_column width=&#8221;2\/3&#8243;][vc_row_inner][vc_column_inner][vc_column_text]<\/p>\n<h1>ANREISE<\/h1>\n<div id=\"gtx-trans\" style=\"position: absolute; left: 135px; top: -10px;\">\n<div class=\"gtx-trans-icon\"><\/div>\n<\/div>\n<p>[\/vc_column_text]<div style=\"background-color:;height: 25px\" class=\"nicdark_section  \"><\/div>[vc_column_text]Wie Sie nach Skopelos kommen k\u00f6nnen \u2013 Informationen \u2013 Transport[\/vc_column_text][\/vc_column_inner][\/vc_row_inner][vc_row_inner][vc_column_inner css=&#8221;.vc_custom_1607330987558{padding-top: 30px !important;padding-right: 30px !important;padding-bottom: 15px !important;padding-left: 30px !important;background-color: #ffffff !important;}&#8221; offset=&#8221;vc_col-xs-12&#8243;][vc_column_text el_class=&#8221;hotel-text&#8221;]N\u00fctzliche Reisetipps<\/p>\n<p>a)Die Schiffsunternehmen geben ihre Routen jedes Jahr nach dem 1. Mai bekannt und best\u00e4tigen sie w\u00e4hrend den ersten 10 Tagen im Juni. Viele Reisende nach Skopelos oder Alonissos buchen ihre Unterkunft vorzeitig und warten dann bis Mai \u2013 Juni um ihre Tickets online auszudrucken.[\/vc_column_text][\/vc_column_inner][\/vc_row_inner]<div style=\"background-color:;height: 20px\" class=\"nicdark_section  \"><\/div>[vc_toggle title=&#8221;LESEN SIE MEHR&#8221;]b)Der beste Weg (aber auch teuerste) zwischen den 15\/06 bis 15\/09 nach Skiathos \u2013 Skopelos \u2013 Alonissos zu reisen, ist ein Flug nach Skiathos, Taxi zum Hafen von Skiathos (5 Minuten) und der F\u00e4hre nach Skopelos oder Alonissos. Es ist nicht n\u00f6tig ein Taxi in Skiathos vorher gebucht zu haben. Wenn Sie nach Skopelos oder Alonissos reisen m\u00f6chten, m\u00fcssen Sie einen fr\u00fchen Flug nach Skiathos finden und einen Flug der sp\u00e4t von Skiathos abreist. Auf diese Weise, bestehen mehr Aussichten eine F\u00e4hre f\u00fcr beiden Inseln zu bekommen.Sie k\u00f6nnen einen Termin buchen und mit einem Wassertaxi von Skiathos nach Skopelos fahren. Es kostet 150,00\u20ac f\u00fcr 1-4 Personen, f\u00fcr jede weitere Person jeweils 20,00\u20ac. Die Fahrt dauert 20 \u2013 25 Minuten nach Skopelos (Glossa-Elios-Andrina-Panormos). Rufen Sie Dimitrios an, tel. 6980200200 und 6976806938. Er kann f\u00fcr Sie auch ein Taxi buchen, welches auf Sie am Flughafen wartet und Sie zu den Wassertaxis bringt. Das Taxi kostet 12,00 \u20ac mit Buchung oder 8,00-9,00 \u20ac ohne.<\/p>\n<p>c)Wenn Sie im Juli oder August reisen, empfehlen wir Ihnen, auch die R\u00fcckfahrkarten zu haben. Wir betonen, da\u00df die \u00c4nderungen des Tickets mit einer kleinen Geldstrafe verbunden sind und da\u00df m\u00f6glicherweise keine freien Pl\u00e4tze mehr zu Verf\u00fcgung stehen werden, falls Sie sich Ihre Meinung \u00e4ndern.<\/p>\n<p>d)Die Insel Skopelos verf\u00fcgt zwei H\u00e4fen \u2013 Glossa (oder Loutraki) und Skopelos (Chora). Fragen Sie dort wo Sie wohnen werden, am welchen Hafen Sie aussteigen m\u00fcssen. Die beiden H\u00e4fen haben verschiedene Ticket-Preise. Beide H\u00e4fen befinden sich im gleichen Abstand von den Hotels Adrina Beach und Adrina Resort, also bevorzugen Sie den Hafen von Glossa, da er die erste Station auf der Insel ist.<\/p>\n<p>e)Es gibt t\u00e4gliche F\u00e4hren von Agios Konstantinos und Volos nach Skiathos-Glossa-Skopelos-Alonissos. Im Winter werden diese t\u00e4glichen F\u00e4hren unterbrochen und zugleich gibt es keine F\u00e4hren von Agios Konstantinos.<\/p>\n<p>f)Wenn Sie von Athen aus unterwegs sind, k\u00f6nnen Sie von folgenden H\u00e4fen abreisen:<\/p>\n<ul>\n<li>Konstantinos<\/li>\n<li>Mantoudi Evias<\/li>\n<li>Kymi Evias<\/li>\n<\/ul>\n<p>f 1) Von Ag. Konstantinos verlassen t\u00e4glich Schnellboote oder Schiffe von Hellenic Seaways und Aegean Flying Dolphins den Hafen. F\u00fcr die Strecken von Hellenic Seaways, werden Sie von der Agentur Alkyon Travel, Akadimias 97, Platia Kannigos, +302103832545 beraten. F\u00fcr die Strecken von Aegean Flying Dolphins, k\u00f6nnen Sie von der Agentur Jeta Tours, Nikis 54, Syntagma +302103227353 unterst\u00fctzt werden. Beide Agenturen bieten einen Bus, welcher Sie rechtzeitig zum Schiff oder Schnellboot bringt.<\/p>\n<p>f 2) Von Mantoudi Evias reist ein Schiff von ANES ab. Nach Mantoudi gelangen Sie auch mit dem Bus aus Athen und dann mit dem Schiff.<\/p>\n<p>f 3) Von Kymi Evias f\u00e4hrt ein Schiff der SNE.<\/p>\n<p>Wenn Sie aus Athen, k\u00f6nnen Sie mit Ihrem Ticket von Alkyon Travel, 97 Akademias, Platia Kannigos reisen. Es gibt einen Bus, welcher Sie rechtzeitig zum Schiff oder Schnellboot bringt. Falls Sie nicht in die Innenstadt Athens gehen wollen um Ihren Ticket zu kaufen, empfehlen wir Ihnen, mehrere Tage vor der Abfahrt, die Agenturen von Agios Konstantinos (Alkyon Travel +302235031989 oder Bilialis Travel +302235031874) zu kontaktieren um Ihre Buchung zu machen. Diese Agenturen k\u00f6nnen sich mit der Agentur in Athen verst\u00e4ndigen, so da\u00df Sie am Tag Ihrer Abreise nach Platia Kannigos gehen um den Bus nach Agios Konstantinos zu nehmen. Es besteht die M\u00f6glichkeit f\u00fcr einen Zwischenstopp auf der Autobahn (Kaliftaki Station), welche den n\u00f6rdlichen Vororten dient. Aber das muss erst best\u00e4tigt werden.<\/p>\n<p>Wenn Sie ein Auto besitzen, k\u00f6nnen Sie Ihre Buchung bei der Agentur Agiou Konstantinou machen und Ihre Tickets bekommen, sobald Sie dort sind.<\/p>\n<p>g)Der sicherste Weg von Thessaloniki ist \u00fcber den Hafen von Volos, wo es auch t\u00e4gliche Verbindungen zu den Sporaden gibt.(Winter und Sommer)<\/p>\n<p>h)Wenn Sie von Thessalonik nach Volos und umgekehrt per Auto reisen m\u00f6chten, k\u00f6nnen sie von avis.gr ein Auto oder einen Kleinbus mieten. Nach Absprache, k\u00f6nnen Sie das Fahrzeug am Zielort einem Partner der Firma avis \u00fcbergeben.Wenn Sie mit dem Zug nach Volos oder Thessaloniki reisen m\u00f6chten, empfehlen wir ausschlie\u00dflich den Intercity!!! Nur der IC bringt Sie direkt ohne Zwischenhalt und Geb\u00fchren zu ihrem Ziel.<\/p>\n<p>i)Im Winter werden die F\u00e4hren von Agios Konstantinos unterbrochen. Wenn Sie in die Sporaden mit Ihrem Auto reisen wollen, m\u00fcssen Sie den Hafen von Volos erreichen. Auch von Agios Konstantinos werden die F\u00e4hren der Schnellboote auf 2-3 pro Woche reduziert.<\/p>\n<p>Der Zugang aus anderen L\u00e4ndern<\/p>\n<ol>\n<li>Charterflug nach Skiathos-Taxi zum Hafen von Skiathos (5 Minuten)-Mit Schiff oder Tragfl\u00e4chenboot nach Skopelos-Alonissos.<\/li>\n<li>Mit Charter- oder Linienflug nach Athen \u2013Inlandflug vom Flughafen Skiathos (35 Minuten)-Taxi vom Flughafen zum Hafen von Skiathos (5 Minuten)-Mit Tragfl\u00e4chenboot zum Hafen von Glossa (20 Minuten) oder Skopelos (bis 45 Minuten).<\/li>\n<li>Charter- oder Linienflug nach Flughafen von Athen-Taxi aus Alkyon Travel, Akadimias 97. Dort befinden sich die B\u00fcros von Minoan Lines und ein Bus f\u00e4hrt Sie rechtzeitig zur Verbindung mit dem Tragfl\u00e4chenboot am Hafen von Agios Konstantinos. Schiff oder Tragfl\u00e4chenboot auf die Inseln Skiathos-Skopelos-Alonissos.<\/li>\n<li>Charter- oder Linienflug nach Thessaloniki-Bus oder Taxi zum Hafen von Thessaloniki-Schiff oder Tragfl\u00e4chenboot nach Skiathos-Skopelos.<\/li>\n<li>Charter- oder Linienflug nach Thessaloniki-Bus oder Bahn zum Hafen von Volos-Schiff oder Tragfl\u00e4chenboot nach Skiathos-Skopelos.<\/li>\n<li>Mit eigenem Auto \u00fcber Italien (nach Patras oder Igoumenitsa) \u2013durch das griechische Festland bis zum Hafen von Agios Konstantinos-mit Schiff oder Tragfl\u00e4chenboot nach Skiathos-Alonissos-Skopelos.<\/li>\n<li>Mit eigenem Auto \u00fcber Italien (nach Patras oder Igoumenitsa)-durch das griechische Festland zum Hafen von Volos-Schiff oder Tragfl\u00e4chenboot nach Skiathos-Alonissos-Skopelos.<\/li>\n<\/ol>\n<p>Anreise (innerhalb Griechenland)<\/p>\n<ol>\n<li>Von Athen nach Skiathos mit dem Flugzeug ist zwar die teuerste L\u00f6sung, aber der Flug dauert nur 35-45 Minuten. Vom Hafen von Skiathos (5 Minuten mit dem Taxi vom Flughafen), k\u00f6nnen Sie mit Schiff oder Schnellboot nach Glossa-Skopelos-Alonissos reisen.<\/li>\n<li>Von Athen nach Agios Konstantinos: mitBus oder Taxi bis zur Agentur Alkyon Travel, Akadimias 97, Platia Kannigos. Mit dem Bus nach Agios Konstantinos und dann mit dem Schnellboot\/Schiff nach den Sporaden.<\/li>\n<li>Von Athen nach Volos mit dem Auto (3 Stunden 30 Minuten) oder mit dem Bus (KTEL) (4 Stunden 30 Minuten)-dann mit dem Schnellboot oder Schiff nach den Sporaden.<\/li>\n<li>Von Athen nach Volos per Bahn (Intercity 4 Stunden 30 Minuten)-dann mit dem Schnellboot\/Schiff nach den Sporaden.<\/li>\n<li>Von Thessaloniki nach Volos mit der Bahn oder dem Bus (KTEL) (3 Stunden)-dann mit Schnellboot\/Schiff nach den Sporaden.<\/li>\n<li>Vom Hafen von Thessaloniki (nur Juni bis Mitte September und nicht jedes Jahr)- dann mit Schnellboot\/Schiff nach den Sporaden.<\/li>\n<\/ol>\n<p>F\u00dcR WEITERE INFORMATIONEN K\u00d6NNEN SIE DIE WEBSEITE www.skopelos.com BESUCHEN[\/vc_toggle]<div style=\"background-color:;height: 35px\" class=\"nicdark_section  \"><\/div>[\/vc_column][vc_column width=&#8221;1\/3&#8243;][vc_single_image image=&#8221;2253&#8243; img_size=&#8221;medium&#8221; alignment=&#8221;center&#8221; onclick=&#8221;custom_link&#8221; link=&#8221;https:\/\/adrinabeach.reserve-online.net\/&#8221;]<div style=\"background-color:;height: 40px\" class=\"nicdark_section  \"><\/div>[\/vc_column][\/vc_row][vc_row full_width=&#8221;stretch_row_content&#8221;][vc_column offset=&#8221;vc_hidden-lg&#8221; css=&#8221;.vc_custom_1609750836761{padding-right: 5px !important;padding-left: 5px !important;}&#8221;][vc_raw_html]JTVCcGFubyUyMGZpbGUlM0QlMjJodHRwcyUzQSUyRiUyRmFkcmluYWJlYWNoLmNvbSUyRjM2MCUyRkFkcmluYV9CZWFjaC5odG1sJTNGcyUzRHBhbm8xMCUyNnNraXBpbnRybyUzRHRydWUlMjIlMjB3aWR0aCUzRCUyMjEwMCUyNSUyMiUyMGhlaWdodCUzRCUyMjUwMHB4JTIyJTVE[\/vc_raw_html]<div style=\"background-color:;height: 25px\" class=\"nicdark_section  \"><\/div>[\/vc_column][\/vc_row][vc_row css_animation=&#8221;fadeInUp&#8221;][vc_column width=&#8221;2\/3&#8243; offset=&#8221;vc_col-sm-offset-0&#8243;][vc_row_inner][vc_column_inner offset=&#8221;vc_hidden-md vc_hidden-sm vc_hidden-xs&#8221;][vc_raw_html]JTVCcGFubyUyMGZpbGUlM0QlMjJodHRwcyUzQSUyRiUyRmFkcmluYWJlYWNoLmNvbSUyRjM2MCUyRkFkcmluYV9CZWFjaC5odG1sJTNGcyUzRHBhbm8xMCUyNnNraXBpbnRybyUzRHRydWUlMjIlMjB3aWR0aCUzRCUyMjEwMCUyNSUyMiUyMGhlaWdodCUzRCUyMjUwMHB4JTIyJTVE[\/vc_raw_html][\/vc_column_inner][\/vc_row_inner][\/vc_column][vc_column width=&#8221;1\/3&#8243;][vc_row_inner][vc_column_inner]<div style=\"background-color:;height: 20px\" class=\"nicdark_section  \"><\/div> <h5 style=\"color:#7f7f7f;padding:px;text-align:center;font-size:12px;line-height:12px;letter-spacing: 2px;font-weight:lighter\" class=\"   nd_options_second_font \">CONTACT<\/h5> <div style=\"background-color:;height: 10px\" class=\"nicdark_section  \"><\/div> <h2 style=\"color:#7f7f7f;padding:px;text-align:center;font-size:25px;line-height:25px;letter-spacing: px;font-weight:normal\" class=\"   nd_options_first_font \">Get In Touch<\/h2> <div style=\"background-color:;height: 20px\" class=\"nicdark_section  \"><\/div>[\/vc_column_inner][\/vc_row_inner][vc_row_inner][vc_column_inner offset=&#8221;vc_col-sm-offset-0&#8243;][vc_acf field_group=&#8221;5302&#8243; field_from_5302=&#8221;field_5fdf374bf33be&#8221; field_from_2263=&#8221;field_5fccad849934f&#8221;][\/vc_column_inner][\/vc_row_inner][\/vc_column][\/vc_row][vc_row][vc_column]<div style=\"background-color:;height: 40px\" class=\"nicdark_section  \"><\/div>[\/vc_column][\/vc_row]<\/p>\n","protected":false},"excerpt":{"rendered":"<p>[vc_row][vc_column][\/vc_column][\/vc_row][vc_row css_animation=&#8221;fadeInUp&#8221;][vc_column width=&#8221;2\/3&#8243;][vc_row_inner][vc_column_inner][vc_column_text] ANREISE [\/vc_column_text][vc_column_text]Wie Sie nach Skopelos kommen k\u00f6nnen \u2013 Informationen \u2013 Transport[\/vc_column_text][\/vc_column_inner][\/vc_row_inner][vc_row_inner][vc_column_inner css=&#8221;.vc_custom_1607330987558{padding-top: 30px !important;padding-right: 30px !important;padding-bottom: 15px !important;padding-left: 30px !important;background-color: #ffffff !important;}&#8221; offset=&#8221;vc_col-xs-12&#8243;][vc_column_text el_class=&#8221;hotel-text&#8221;]N\u00fctzliche Reisetipps a)Die Schiffsunternehmen geben ihre Routen jedes Jahr nach dem 1. Mai bekannt und best\u00e4tigen sie w\u00e4hrend den ersten 10 Tagen im Juni. Viele Reisende nach Skopelos oder [&hellip;]<\/p>\n","protected":false},"author":1,"featured_media":0,"parent":0,"menu_order":0,"comment_status":"closed","ping_status":"closed","template":"","meta":{"footnotes":""},"class_list":["post-4354","page","type-page","status-publish","hentry"],"yoast_head":"<!-- This site is optimized with the Yoast SEO Premium plugin v15.6.2 - https:\/\/yoast.com\/wordpress\/plugins\/seo\/ -->\n<title>Skopelos Adrina Hotels, ANREISE - Adrina Beach Hotel<\/title>\n<meta name=\"description\" content=\"Skopelos Adrina Hotels, \u03a3\u03ba\u03cc\u03c0\u03b5\u03bb\u03bf\u03c2 \u039e\u03b5\u03bd\u03bf\u03b4\u03bf\u03c7\u03b5\u03af\u03b1 \u0391\u03bd\u03c4\u03c1\u03af\u03bd\u03b1 - Adrina Beach Hotel\" \/>\n<meta name=\"robots\" content=\"index, follow, max-snippet:-1, max-image-preview:large, max-video-preview:-1\" \/>\n<link rel=\"canonical\" href=\"https:\/\/adrinabeach.com\/de\/skopelos-hotels-anreise\/\" \/>\n<meta property=\"og:locale\" content=\"de_DE\" \/>\n<meta property=\"og:type\" content=\"article\" \/>\n<meta property=\"og:title\" content=\"Skopelos Adrina Hotels, ANREISE - Adrina Beach Hotel\" \/>\n<meta property=\"og:description\" content=\"Skopelos Adrina Hotels, \u03a3\u03ba\u03cc\u03c0\u03b5\u03bb\u03bf\u03c2 \u039e\u03b5\u03bd\u03bf\u03b4\u03bf\u03c7\u03b5\u03af\u03b1 \u0391\u03bd\u03c4\u03c1\u03af\u03bd\u03b1 - Adrina Beach Hotel\" \/>\n<meta property=\"og:url\" content=\"https:\/\/adrinabeach.com\/de\/skopelos-hotels-anreise\/\" \/>\n<meta property=\"og:site_name\" content=\"Adrina Beach Hotel\" \/>\n<meta property=\"article:publisher\" content=\"https:\/\/www.facebook.com\/adrinahotelsskopelos\" \/>\n<meta property=\"article:modified_time\" content=\"2021-01-10T16:32:54+00:00\" \/>\n<meta name=\"twitter:card\" content=\"summary_large_image\" \/>\n<meta name=\"twitter:site\" content=\"@ADRINAHOTELS\" \/>\n<meta name=\"twitter:label1\" content=\"Gesch\u00e4tzte Lesezeit\">\n\t<meta name=\"twitter:data1\" content=\"8\u00a0Minuten\">\n<script type=\"application\/ld+json\" class=\"yoast-schema-graph\">{\"@context\":\"https:\/\/schema.org\",\"@graph\":[{\"@type\":\"Organization\",\"@id\":\"https:\/\/adrinabeach.com\/de\/#organization\",\"name\":\"Adrina Beach Hotel\",\"url\":\"https:\/\/adrinabeach.com\/de\/\",\"sameAs\":[\"https:\/\/www.facebook.com\/adrinahotelsskopelos\",\"https:\/\/www.instagram.com\/adrinahotelsskopelos\/\",\"https:\/\/www.linkedin.com\/in\/skopelos\/\",\"https:\/\/www.youtube.com\/channel\/UCYNViv2aIt05aWVDe6ekRyg\",\"https:\/\/twitter.com\/ADRINAHOTELS\"],\"logo\":{\"@type\":\"ImageObject\",\"@id\":\"https:\/\/adrinabeach.com\/de\/#logo\",\"inLanguage\":\"de\",\"url\":\"https:\/\/adrinabeach.com\/wp-content\/uploads\/logos\/adrinabeachlogo.png\",\"width\":694,\"height\":264,\"caption\":\"Adrina Beach Hotel\"},\"image\":{\"@id\":\"https:\/\/adrinabeach.com\/de\/#logo\"}},{\"@type\":\"WebSite\",\"@id\":\"https:\/\/adrinabeach.com\/de\/#website\",\"url\":\"https:\/\/adrinabeach.com\/de\/\",\"name\":\"Adrina Beach Hotel\",\"description\":\"Adrina Beach Hotel\",\"publisher\":{\"@id\":\"https:\/\/adrinabeach.com\/de\/#organization\"},\"potentialAction\":[{\"@type\":\"SearchAction\",\"target\":\"https:\/\/adrinabeach.com\/de\/?s={search_term_string}\",\"query-input\":\"required name=search_term_string\"}],\"inLanguage\":\"de\"},{\"@type\":\"WebPage\",\"@id\":\"https:\/\/adrinabeach.com\/de\/skopelos-hotels-anreise\/#webpage\",\"url\":\"https:\/\/adrinabeach.com\/de\/skopelos-hotels-anreise\/\",\"name\":\"Skopelos Adrina Hotels, ANREISE - Adrina Beach Hotel\",\"isPartOf\":{\"@id\":\"https:\/\/adrinabeach.com\/de\/#website\"},\"datePublished\":\"2020-12-15T12:55:27+00:00\",\"dateModified\":\"2021-01-10T16:32:54+00:00\",\"description\":\"Skopelos Adrina Hotels, \\u03a3\\u03ba\\u03cc\\u03c0\\u03b5\\u03bb\\u03bf\\u03c2 \\u039e\\u03b5\\u03bd\\u03bf\\u03b4\\u03bf\\u03c7\\u03b5\\u03af\\u03b1 \\u0391\\u03bd\\u03c4\\u03c1\\u03af\\u03bd\\u03b1 - Adrina Beach Hotel\",\"inLanguage\":\"de\",\"potentialAction\":[{\"@type\":\"ReadAction\",\"target\":[\"https:\/\/adrinabeach.com\/de\/skopelos-hotels-anreise\/\"]}]}]}<\/script>\n<!-- \/ Yoast SEO Premium plugin. -->","_links":{"self":[{"href":"https:\/\/adrinabeach.com\/de\/wp-json\/wp\/v2\/pages\/4354","targetHints":{"allow":["GET"]}}],"collection":[{"href":"https:\/\/adrinabeach.com\/de\/wp-json\/wp\/v2\/pages"}],"about":[{"href":"https:\/\/adrinabeach.com\/de\/wp-json\/wp\/v2\/types\/page"}],"author":[{"embeddable":true,"href":"https:\/\/adrinabeach.com\/de\/wp-json\/wp\/v2\/users\/1"}],"replies":[{"embeddable":true,"href":"https:\/\/adrinabeach.com\/de\/wp-json\/wp\/v2\/comments?post=4354"}],"version-history":[{"count":0,"href":"https:\/\/adrinabeach.com\/de\/wp-json\/wp\/v2\/pages\/4354\/revisions"}],"wp:attachment":[{"href":"https:\/\/adrinabeach.com\/de\/wp-json\/wp\/v2\/media?parent=4354"}],"curies":[{"name":"wp","href":"https:\/\/api.w.org\/{rel}","templated":true}]}}